{"id":6948,"date":"2025-01-08T18:37:39","date_gmt":"2025-01-08T18:37:39","guid":{"rendered":"https:\/\/pgajandek.hu\/?post_type=product&#038;p=6948"},"modified":"2025-02-27T20:40:56","modified_gmt":"2025-02-27T20:40:56","slug":"6948","status":"publish","type":"product","link":"https:\/\/pgajandek.hu\/en_gb\/product\/6948\/","title":{"rendered":"Szerelmi k\u00f6tel\u00e9k b\u00f6gre"},"content":{"rendered":"<p><strong>Valentin-napi B\u00f6gre \u2013 A T\u00f6k\u00e9letes Aj\u00e1nd\u00e9k Szerelmednek!<\/strong><\/p>\n<p>Ha egy kedves, m\u00e9gis praktikus aj\u00e1nd\u00e9kot keresel Valentin-napra, egy egyedi b\u00f6gre remek v\u00e1laszt\u00e1s lehet! K\u00e9pzeld el, ahogy a p\u00e1rod minden reggel a kedvenc k\u00e1v\u00e9j\u00e1t vagy te\u00e1j\u00e1t kortyolgatja egy olyan b\u00f6gr\u00e9b\u0151l, amely r\u00e1d eml\u00e9kezteti.<\/p>\n<p><strong>Mi\u00e9rt t\u00f6k\u00e9letes aj\u00e1nd\u00e9k egy Valentin-napi b\u00f6gre?<\/strong><br \/>\n<strong>Szem\u00e9lyre szabhat\u00f3<\/strong>\u00a0\u2013 R\u00e1\u00edrathatod a nevetek.<br \/>\n<strong>Hasznos \u00e9s tart\u00f3s<\/strong>\u00a0\u2013 Nem egy egyszeri aj\u00e1nd\u00e9k, hanem egy mindennapi eml\u00e9k a szerelmetekr\u0151l.<br \/>\n<strong>\u00a0 \u00a0Megfizethet\u0151, m\u00e9gis \u00e9rzelmes<\/strong>\u00a0\u2013 Nem kell vagyonokat k\u00f6ltened ahhoz, hogy kimutasd az \u00e9rz\u00e9seidet.<\/p>\n<p>\ud83c\udf81\u00a0<strong>Aj\u00e1nlott Valentin-napi b\u00f6gr\u00e9k:<\/strong><br \/>\n\ud83d\udc96\u00a0<strong>P\u00e1ros b\u00f6gr\u00e9k<\/strong>\u00a0\u2013 K\u00e9t b\u00f6gre, amelyek kieg\u00e9sz\u00edtik egym\u00e1st.<\/p>\n<p>Ha szeretn\u00e9d igaz\u00e1n szem\u00e9lyess\u00e9 tenni, rendelj egy egyedi nyomtatott b\u00f6gr\u00e9t egy k\u00f6z\u00f6s k\u00e9ppel vagy bels\u0151 po\u00e9nnal a b\u00f6gre tervez\u0151nk seg\u00edts\u00e9g\u00e9vel! \ud83c\udfa8<\/p>\n<p>\ud83d\udc8c\u00a0<strong>Ne hagyd az utols\u00f3 pillanatra!<\/strong>\u00a0Rendeld meg id\u0151ben, hogy biztosan meg\u00e9rkezzen Valentin-napra! \ud83d\ude0a<\/p>","protected":false},"excerpt":{"rendered":"<p><strong>Valentin-napi B\u00f6gre \u2013 A T\u00f6k\u00e9letes Aj\u00e1nd\u00e9k Szerelmednek!<\/strong><\/p>\n<p>Ha egy kedves, m\u00e9gis praktikus aj\u00e1nd\u00e9kot keresel Valentin-napra, egy egyedi b\u00f6gre remek v\u00e1laszt\u00e1s lehet! K\u00e9pzeld el, ahogy a p\u00e1rod minden reggel a kedvenc k\u00e1v\u00e9j\u00e1t vagy te\u00e1j\u00e1t kortyolgatja egy olyan b\u00f6gr\u00e9b\u0151l, amely r\u00e1d eml\u00e9kezteti.<\/p>\n<p>\ud83d\udc8c\u00a0<strong>Ne hagyd az utols\u00f3 pillanatra!<\/strong>\u00a0Rendeld meg id\u0151ben, hogy biztosan meg\u00e9rkezzen Valentin-napra! \ud83d\ude0a<\/p>","protected":false},"featured_media":7975,"comment_status":"open","ping_status":"closed","template":"","meta":[],"product_brand":[],"product_cat":[161,156],"product_tag":[],"class_list":{"0":"post-6948","1":"product","2":"type-product","3":"status-publish","4":"has-post-thumbnail","6":"product_cat-szerelmi-ajandekok","7":"product_cat-valentin-napi-bogrek","9":"first","10":"instock","11":"shipping-taxable","12":"purchasable","13":"product-type-simple"},"yoast_head":"<!-- This site is optimized with the Yoast SEO plugin v24.3 - https:\/\/yoast.com\/wordpress\/plugins\/seo\/ -->\n<title>Szerelmi k\u00f6tel\u00e9k b\u00f6gre - PG Aj\u00e1nd\u00e9k<\/title>\n<meta name=\"robots\" content=\"index, follow, max-snippet:-1, max-image-preview:large, max-video-preview:-1\" \/>\n<link rel=\"canonical\" href=\"https:\/\/pgajandek.hu\/en_gb\/product\/6948\/\" \/>\n<meta property=\"og:locale\" content=\"en_GB\" \/>\n<meta property=\"og:type\" content=\"article\" \/>\n<meta property=\"og:title\" content=\"Szerelmi k\u00f6tel\u00e9k b\u00f6gre - PG Aj\u00e1nd\u00e9k\" \/>\n<meta property=\"og:description\" content=\"Valentin-napi B\u00f6gre \u2013 A T\u00f6k\u00e9letes Aj\u00e1nd\u00e9k Szerelmednek!  Ha egy kedves, m\u00e9gis praktikus aj\u00e1nd\u00e9kot keresel Valentin-napra, egy egyedi b\u00f6gre remek v\u00e1laszt\u00e1s lehet! K\u00e9pzeld el, ahogy a p\u00e1rod minden reggel a kedvenc k\u00e1v\u00e9j\u00e1t vagy te\u00e1j\u00e1t kortyolgatja egy olyan b\u00f6gr\u00e9b\u0151l, amely r\u00e1d eml\u00e9kezteti.  \ud83d\udc8c\u00a0Ne hagyd az utols\u00f3 pillanatra!\u00a0Rendeld meg id\u0151ben, hogy biztosan meg\u00e9rkezzen Valentin-napra! \ud83d\ude0a\" \/>\n<meta property=\"og:url\" content=\"https:\/\/pgajandek.hu\/en_gb\/product\/6948\/\" \/>\n<meta property=\"og:site_name\" content=\"PG Aj\u00e1nd\u00e9k\" \/>\n<meta property=\"article:publisher\" content=\"https:\/\/www.facebook.com\/pgajandek\" \/>\n<meta property=\"article:modified_time\" content=\"2025-02-27T20:40:56+00:00\" \/>\n<meta property=\"og:image\" content=\"https:\/\/pgajandek.hu\/wp-content\/uploads\/2025\/01\/bitkep3.webp\" \/>\n\t<meta property=\"og:image:width\" content=\"680\" \/>\n\t<meta property=\"og:image:height\" content=\"567\" \/>\n\t<meta property=\"og:image:type\" content=\"image\/webp\" \/>\n<meta name=\"twitter:card\" content=\"summary_large_image\" \/>\n<meta name=\"twitter:label1\" content=\"Estimated reading time\" \/>\n\t<meta name=\"twitter:data1\" content=\"1 minute\" \/>\n<script type=\"application\/ld+json\" class=\"yoast-schema-graph\">{\"@context\":\"https:\/\/schema.org\",\"@graph\":[{\"@type\":\"WebPage\",\"@id\":\"https:\/\/pgajandek.hu\/product\/6948\/\",\"url\":\"https:\/\/pgajandek.hu\/product\/6948\/\",\"name\":\"Szerelmi k\u00f6tel\u00e9k b\u00f6gre - PG Aj\u00e1nd\u00e9k\",\"isPartOf\":{\"@id\":\"https:\/\/pgajandek.hu\/#website\"},\"primaryImageOfPage\":{\"@id\":\"https:\/\/pgajandek.hu\/product\/6948\/#primaryimage\"},\"image\":{\"@id\":\"https:\/\/pgajandek.hu\/product\/6948\/#primaryimage\"},\"thumbnailUrl\":\"https:\/\/pgajandek.hu\/wp-content\/uploads\/2025\/01\/bitkep3.webp\",\"datePublished\":\"2025-01-08T18:37:39+00:00\",\"dateModified\":\"2025-02-27T20:40:56+00:00\",\"breadcrumb\":{\"@id\":\"https:\/\/pgajandek.hu\/product\/6948\/#breadcrumb\"},\"inLanguage\":\"en-GB\",\"potentialAction\":[{\"@type\":\"ReadAction\",\"target\":[\"https:\/\/pgajandek.hu\/product\/6948\/\"]}]},{\"@type\":\"ImageObject\",\"inLanguage\":\"en-GB\",\"@id\":\"https:\/\/pgajandek.hu\/product\/6948\/#primaryimage\",\"url\":\"https:\/\/pgajandek.hu\/wp-content\/uploads\/2025\/01\/bitkep3.webp\",\"contentUrl\":\"https:\/\/pgajandek.hu\/wp-content\/uploads\/2025\/01\/bitkep3.webp\",\"width\":680,\"height\":567},{\"@type\":\"BreadcrumbList\",\"@id\":\"https:\/\/pgajandek.hu\/product\/6948\/#breadcrumb\",\"itemListElement\":[{\"@type\":\"ListItem\",\"position\":1,\"name\":\"Kezd\u0151lap\",\"item\":\"https:\/\/pgajandek.hu\/\"},{\"@type\":\"ListItem\",\"position\":2,\"name\":\"Bolt\",\"item\":\"https:\/\/pgajandek.hu\/shop\/\"},{\"@type\":\"ListItem\",\"position\":3,\"name\":\"Szerelmi k\u00f6tel\u00e9k b\u00f6gre\"}]},{\"@type\":\"WebSite\",\"@id\":\"https:\/\/pgajandek.hu\/#website\",\"url\":\"https:\/\/pgajandek.hu\/\",\"name\":\"PG Aj\u00e1nd\u00e9k\",\"description\":\"PG Aj\u00e1nd\u00e9k - Min\u0151s\u00e9gi aj\u00e1nd\u00e9k \u00e9s rekl\u00e1mt\u00e1rgyak\",\"publisher\":{\"@id\":\"https:\/\/pgajandek.hu\/#organization\"},\"potentialAction\":[{\"@type\":\"SearchAction\",\"target\":{\"@type\":\"EntryPoint\",\"urlTemplate\":\"https:\/\/pgajandek.hu\/?s={search_term_string}\"},\"query-input\":{\"@type\":\"PropertyValueSpecification\",\"valueRequired\":true,\"valueName\":\"search_term_string\"}}],\"inLanguage\":\"en-GB\"},{\"@type\":\"Organization\",\"@id\":\"https:\/\/pgajandek.hu\/#organization\",\"name\":\"PG Aj\u00e1nd\u00e9k\",\"url\":\"https:\/\/pgajandek.hu\/\",\"logo\":{\"@type\":\"ImageObject\",\"inLanguage\":\"en-GB\",\"@id\":\"https:\/\/pgajandek.hu\/#\/schema\/logo\/image\/\",\"url\":\"https:\/\/i0.wp.com\/161.97.144.84\/wp-content\/uploads\/2022\/03\/274756016_327128172800607_2141884439170975469_n.jpg?fit=1875%2C1875\",\"contentUrl\":\"https:\/\/i0.wp.com\/161.97.144.84\/wp-content\/uploads\/2022\/03\/274756016_327128172800607_2141884439170975469_n.jpg?fit=1875%2C1875\",\"width\":1875,\"height\":1875,\"caption\":\"PG Aj\u00e1nd\u00e9k\"},\"image\":{\"@id\":\"https:\/\/pgajandek.hu\/#\/schema\/logo\/image\/\"},\"sameAs\":[\"https:\/\/www.facebook.com\/pgajandek\"]}]}<\/script>\n<!-- \/ Yoast SEO plugin. -->","yoast_head_json":{"title":"Szerelmi k\u00f6tel\u00e9k b\u00f6gre - PG Aj\u00e1nd\u00e9k","robots":{"index":"index","follow":"follow","max-snippet":"max-snippet:-1","max-image-preview":"max-image-preview:large","max-video-preview":"max-video-preview:-1"},"canonical":"https:\/\/pgajandek.hu\/en_gb\/product\/6948\/","og_locale":"en_GB","og_type":"article","og_title":"Szerelmi k\u00f6tel\u00e9k b\u00f6gre - PG Aj\u00e1nd\u00e9k","og_description":"Valentin-napi B\u00f6gre \u2013 A T\u00f6k\u00e9letes Aj\u00e1nd\u00e9k Szerelmednek!  Ha egy kedves, m\u00e9gis praktikus aj\u00e1nd\u00e9kot keresel Valentin-napra, egy egyedi b\u00f6gre remek v\u00e1laszt\u00e1s lehet! K\u00e9pzeld el, ahogy a p\u00e1rod minden reggel a kedvenc k\u00e1v\u00e9j\u00e1t vagy te\u00e1j\u00e1t kortyolgatja egy olyan b\u00f6gr\u00e9b\u0151l, amely r\u00e1d eml\u00e9kezteti.  \ud83d\udc8c\u00a0Ne hagyd az utols\u00f3 pillanatra!\u00a0Rendeld meg id\u0151ben, hogy biztosan meg\u00e9rkezzen Valentin-napra! \ud83d\ude0a","og_url":"https:\/\/pgajandek.hu\/en_gb\/product\/6948\/","og_site_name":"PG Aj\u00e1nd\u00e9k","article_publisher":"https:\/\/www.facebook.com\/pgajandek","article_modified_time":"2025-02-27T20:40:56+00:00","og_image":[{"width":680,"height":567,"url":"https:\/\/pgajandek.hu\/wp-content\/uploads\/2025\/01\/bitkep3.webp","type":"image\/webp"}],"twitter_card":"summary_large_image","twitter_misc":{"Estimated reading time":"1 minute"},"schema":{"@context":"https:\/\/schema.org","@graph":[{"@type":"WebPage","@id":"https:\/\/pgajandek.hu\/product\/6948\/","url":"https:\/\/pgajandek.hu\/product\/6948\/","name":"Szerelmi k\u00f6tel\u00e9k b\u00f6gre - PG Aj\u00e1nd\u00e9k","isPartOf":{"@id":"https:\/\/pgajandek.hu\/#website"},"primaryImageOfPage":{"@id":"https:\/\/pgajandek.hu\/product\/6948\/#primaryimage"},"image":{"@id":"https:\/\/pgajandek.hu\/product\/6948\/#primaryimage"},"thumbnailUrl":"https:\/\/pgajandek.hu\/wp-content\/uploads\/2025\/01\/bitkep3.webp","datePublished":"2025-01-08T18:37:39+00:00","dateModified":"2025-02-27T20:40:56+00:00","breadcrumb":{"@id":"https:\/\/pgajandek.hu\/product\/6948\/#breadcrumb"},"inLanguage":"en-GB","potentialAction":[{"@type":"ReadAction","target":["https:\/\/pgajandek.hu\/product\/6948\/"]}]},{"@type":"ImageObject","inLanguage":"en-GB","@id":"https:\/\/pgajandek.hu\/product\/6948\/#primaryimage","url":"https:\/\/pgajandek.hu\/wp-content\/uploads\/2025\/01\/bitkep3.webp","contentUrl":"https:\/\/pgajandek.hu\/wp-content\/uploads\/2025\/01\/bitkep3.webp","width":680,"height":567},{"@type":"BreadcrumbList","@id":"https:\/\/pgajandek.hu\/product\/6948\/#breadcrumb","itemListElement":[{"@type":"ListItem","position":1,"name":"Kezd\u0151lap","item":"https:\/\/pgajandek.hu\/"},{"@type":"ListItem","position":2,"name":"Bolt","item":"https:\/\/pgajandek.hu\/shop\/"},{"@type":"ListItem","position":3,"name":"Szerelmi k\u00f6tel\u00e9k b\u00f6gre"}]},{"@type":"WebSite","@id":"https:\/\/pgajandek.hu\/#website","url":"https:\/\/pgajandek.hu\/","name":"PG Aj\u00e1nd\u00e9k","description":"PG Aj\u00e1nd\u00e9k - Min\u0151s\u00e9gi aj\u00e1nd\u00e9k \u00e9s rekl\u00e1mt\u00e1rgyak","publisher":{"@id":"https:\/\/pgajandek.hu\/#organization"},"potentialAction":[{"@type":"SearchAction","target":{"@type":"EntryPoint","urlTemplate":"https:\/\/pgajandek.hu\/?s={search_term_string}"},"query-input":{"@type":"PropertyValueSpecification","valueRequired":true,"valueName":"search_term_string"}}],"inLanguage":"en-GB"},{"@type":"Organization","@id":"https:\/\/pgajandek.hu\/#organization","name":"PG Aj\u00e1nd\u00e9k","url":"https:\/\/pgajandek.hu\/","logo":{"@type":"ImageObject","inLanguage":"en-GB","@id":"https:\/\/pgajandek.hu\/#\/schema\/logo\/image\/","url":"https:\/\/i0.wp.com\/161.97.144.84\/wp-content\/uploads\/2022\/03\/274756016_327128172800607_2141884439170975469_n.jpg?fit=1875%2C1875","contentUrl":"https:\/\/i0.wp.com\/161.97.144.84\/wp-content\/uploads\/2022\/03\/274756016_327128172800607_2141884439170975469_n.jpg?fit=1875%2C1875","width":1875,"height":1875,"caption":"PG Aj\u00e1nd\u00e9k"},"image":{"@id":"https:\/\/pgajandek.hu\/#\/schema\/logo\/image\/"},"sameAs":["https:\/\/www.facebook.com\/pgajandek"]}]}},"_links":{"self":[{"href":"https:\/\/pgajandek.hu\/en_gb\/wp-json\/wp\/v2\/product\/6948","targetHints":{"allow":["GET"]}}],"collection":[{"href":"https:\/\/pgajandek.hu\/en_gb\/wp-json\/wp\/v2\/product"}],"about":[{"href":"https:\/\/pgajandek.hu\/en_gb\/wp-json\/wp\/v2\/types\/product"}],"replies":[{"embeddable":true,"href":"https:\/\/pgajandek.hu\/en_gb\/wp-json\/wp\/v2\/comments?post=6948"}],"wp:featuredmedia":[{"embeddable":true,"href":"https:\/\/pgajandek.hu\/en_gb\/wp-json\/wp\/v2\/media\/7975"}],"wp:attachment":[{"href":"https:\/\/pgajandek.hu\/en_gb\/wp-json\/wp\/v2\/media?parent=6948"}],"wp:term":[{"taxonomy":"product_brand","embeddable":true,"href":"https:\/\/pgajandek.hu\/en_gb\/wp-json\/wp\/v2\/product_brand?post=6948"},{"taxonomy":"product_cat","embeddable":true,"href":"https:\/\/pgajandek.hu\/en_gb\/wp-json\/wp\/v2\/product_cat?post=6948"},{"taxonomy":"product_tag","embeddable":true,"href":"https:\/\/pgajandek.hu\/en_gb\/wp-json\/wp\/v2\/product_tag?post=6948"}],"curies":[{"name":"wp","href":"https:\/\/api.w.org\/{rel}","templated":true}]}}