{"id":7202,"date":"2025-01-17T18:49:29","date_gmt":"2025-01-17T18:49:29","guid":{"rendered":"https:\/\/pgajandek.hu\/?post_type=product&#038;p=7202"},"modified":"2025-07-13T16:32:23","modified_gmt":"2025-07-13T16:32:23","slug":"szeretlek-anya-mubor-kulcstarto","status":"publish","type":"product","link":"https:\/\/pgajandek.hu\/en_gb\/product\/szeretlek-anya-mubor-kulcstarto\/","title":{"rendered":"&#8222;Szeretlek Anya&#8221; m\u0171b\u0151r kulcstart\u00f3"},"content":{"rendered":"<p>Ez a <strong>&#8222;Szeretlek Anya&#8221;<\/strong> feliratos m\u0171b\u0151r kulcstart\u00f3 t\u00f6k\u00e9letes aj\u00e1nd\u00e9k b\u00e1rmely alkalomra, hogy kifejezd szeretetedet \u00e9s h\u00e1l\u00e1dat az \u00e9desany\u00e1d ir\u00e1nt. Kiv\u00e1l\u00f3 min\u0151s\u00e9g\u0171 m\u0171b\u0151rb\u0151l k\u00e9sz\u00fclt, eleg\u00e1ns \u00e9s tart\u00f3s, \u00edgy hossz\u00fa \u00e9veken \u00e1t eml\u00e9keztetni fogja \u0151t a szeretetedre minden egyes pillanatban. Legyen sz\u00f3 sz\u00fclet\u00e9snapr\u00f3l, any\u00e1k napj\u00e1r\u00f3l, vagy csak egy apr\u00f3 meglepet\u00e9sr\u0151l, ez a kulcstart\u00f3 igaz\u00e1n szem\u00e9lyes \u00e9s sz\u00edvhez sz\u00f3l\u00f3 aj\u00e1nd\u00e9k.<\/p>","protected":false},"excerpt":{"rendered":"<p>Ez a &#8222;Szeretlek Anya&#8221; feliratos m\u0171b\u0151r kulcstart\u00f3 t\u00f6k\u00e9letes aj\u00e1nd\u00e9k b\u00e1rmely alkalomra, hogy kifejezd szeretetedet \u00e9s h\u00e1l\u00e1dat az \u00e9desany\u00e1d ir\u00e1nt. Kiv\u00e1l\u00f3 min\u0151s\u00e9g\u0171 m\u0171b\u0151rb\u0151l k\u00e9sz\u00fclt, eleg\u00e1ns \u00e9s tart\u00f3s, \u00edgy hossz\u00fa \u00e9veken \u00e1t eml\u00e9keztetni fogja \u0151t a szeretetedre minden egyes pillanatban. Legyen sz\u00f3 sz\u00fclet\u00e9snapr\u00f3l, any\u00e1k napj\u00e1r\u00f3l, vagy csak egy apr\u00f3 meglepet\u00e9sr\u0151l, ez a kulcstart\u00f3 igaz\u00e1n szem\u00e9lyes \u00e9s sz\u00edvhez [&hellip;]<\/p>","protected":false},"featured_media":8142,"comment_status":"closed","ping_status":"closed","template":"","meta":[],"product_brand":[],"product_cat":[83],"product_tag":[],"class_list":{"0":"post-7202","1":"product","2":"type-product","3":"status-publish","4":"has-post-thumbnail","6":"product_cat-ajandek-otlet-noknek","8":"first","9":"outofstock","10":"shipping-taxable","11":"purchasable","12":"product-type-simple"},"yoast_head":"<!-- This site is optimized with the Yoast SEO plugin v24.3 - https:\/\/yoast.com\/wordpress\/plugins\/seo\/ -->\n<title>&quot;Szeretlek Anya&quot; m\u0171b\u0151r kulcstart\u00f3 - PG Aj\u00e1nd\u00e9k<\/title>\n<meta name=\"description\" content=\"Ez a &quot;Szeretlek Anya&quot; feliratos m\u0171b\u0151r kulcstart\u00f3 t\u00f6k\u00e9letes aj\u00e1nd\u00e9k b\u00e1rmely alkalomra, hogy kifejezd szeretetedet \u00e9s h\u00e1l\u00e1dat az \u00e9desany\u00e1d ir\u00e1nt. Kiv\u00e1l\u00f3 min\u0151s\u00e9g\u0171 m\u0171b\u0151rb\u0151l k\u00e9sz\u00fclt, eleg\u00e1ns \u00e9s tart\u00f3s, \u00edgy hossz\u00fa \u00e9veken \u00e1t eml\u00e9keztetni fogja \u0151t a szeretetedre minden egyes pillanatban. Legyen sz\u00f3 sz\u00fclet\u00e9snapr\u00f3l, any\u00e1k napj\u00e1r\u00f3l, vagy csak egy apr\u00f3 meglepet\u00e9sr\u0151l, ez a kulcstart\u00f3 igaz\u00e1n szem\u00e9lyes \u00e9s sz\u00edvhez sz\u00f3l\u00f3 aj\u00e1nd\u00e9k.\" \/>\n<meta name=\"robots\" content=\"index, follow, max-snippet:-1, max-image-preview:large, max-video-preview:-1\" \/>\n<link rel=\"canonical\" href=\"https:\/\/pgajandek.hu\/en_gb\/product\/szeretlek-anya-mubor-kulcstarto\/\" \/>\n<meta property=\"og:locale\" content=\"en_GB\" \/>\n<meta property=\"og:type\" content=\"article\" \/>\n<meta property=\"og:title\" content=\"&quot;Szeretlek Anya&quot; m\u0171b\u0151r kulcstart\u00f3 - PG Aj\u00e1nd\u00e9k\" \/>\n<meta property=\"og:description\" content=\"Ez a &quot;Szeretlek Anya&quot; feliratos m\u0171b\u0151r kulcstart\u00f3 t\u00f6k\u00e9letes aj\u00e1nd\u00e9k b\u00e1rmely alkalomra, hogy kifejezd szeretetedet \u00e9s h\u00e1l\u00e1dat az \u00e9desany\u00e1d ir\u00e1nt. Kiv\u00e1l\u00f3 min\u0151s\u00e9g\u0171 m\u0171b\u0151rb\u0151l k\u00e9sz\u00fclt, eleg\u00e1ns \u00e9s tart\u00f3s, \u00edgy hossz\u00fa \u00e9veken \u00e1t eml\u00e9keztetni fogja \u0151t a szeretetedre minden egyes pillanatban. Legyen sz\u00f3 sz\u00fclet\u00e9snapr\u00f3l, any\u00e1k napj\u00e1r\u00f3l, vagy csak egy apr\u00f3 meglepet\u00e9sr\u0151l, ez a kulcstart\u00f3 igaz\u00e1n szem\u00e9lyes \u00e9s sz\u00edvhez sz\u00f3l\u00f3 aj\u00e1nd\u00e9k.\" \/>\n<meta property=\"og:url\" content=\"https:\/\/pgajandek.hu\/en_gb\/product\/szeretlek-anya-mubor-kulcstarto\/\" \/>\n<meta property=\"og:site_name\" content=\"PG Aj\u00e1nd\u00e9k\" \/>\n<meta property=\"article:publisher\" content=\"https:\/\/www.facebook.com\/pgajandek\" \/>\n<meta property=\"article:modified_time\" content=\"2025-07-13T16:32:23+00:00\" \/>\n<meta property=\"og:image\" content=\"https:\/\/pgajandek.hu\/wp-content\/uploads\/2025\/01\/EGYES-ANYUS.webp\" \/>\n\t<meta property=\"og:image:width\" content=\"640\" \/>\n\t<meta property=\"og:image:height\" content=\"640\" \/>\n\t<meta property=\"og:image:type\" content=\"image\/webp\" \/>\n<meta name=\"twitter:card\" content=\"summary_large_image\" \/>\n<meta name=\"twitter:label1\" content=\"Estimated reading time\" \/>\n\t<meta name=\"twitter:data1\" content=\"1 minute\" \/>\n<script type=\"application\/ld+json\" class=\"yoast-schema-graph\">{\"@context\":\"https:\/\/schema.org\",\"@graph\":[{\"@type\":\"WebPage\",\"@id\":\"https:\/\/pgajandek.hu\/product\/szeretlek-anya-mubor-kulcstarto\/\",\"url\":\"https:\/\/pgajandek.hu\/product\/szeretlek-anya-mubor-kulcstarto\/\",\"name\":\"\\\"Szeretlek Anya\\\" m\u0171b\u0151r kulcstart\u00f3 - PG Aj\u00e1nd\u00e9k\",\"isPartOf\":{\"@id\":\"https:\/\/pgajandek.hu\/#website\"},\"primaryImageOfPage\":{\"@id\":\"https:\/\/pgajandek.hu\/product\/szeretlek-anya-mubor-kulcstarto\/#primaryimage\"},\"image\":{\"@id\":\"https:\/\/pgajandek.hu\/product\/szeretlek-anya-mubor-kulcstarto\/#primaryimage\"},\"thumbnailUrl\":\"https:\/\/pgajandek.hu\/wp-content\/uploads\/2025\/01\/EGYES-ANYUS.webp\",\"datePublished\":\"2025-01-17T18:49:29+00:00\",\"dateModified\":\"2025-07-13T16:32:23+00:00\",\"description\":\"Ez a \\\"Szeretlek Anya\\\" feliratos m\u0171b\u0151r kulcstart\u00f3 t\u00f6k\u00e9letes aj\u00e1nd\u00e9k b\u00e1rmely alkalomra, hogy kifejezd szeretetedet \u00e9s h\u00e1l\u00e1dat az \u00e9desany\u00e1d ir\u00e1nt. Kiv\u00e1l\u00f3 min\u0151s\u00e9g\u0171 m\u0171b\u0151rb\u0151l k\u00e9sz\u00fclt, eleg\u00e1ns \u00e9s tart\u00f3s, \u00edgy hossz\u00fa \u00e9veken \u00e1t eml\u00e9keztetni fogja \u0151t a szeretetedre minden egyes pillanatban. Legyen sz\u00f3 sz\u00fclet\u00e9snapr\u00f3l, any\u00e1k napj\u00e1r\u00f3l, vagy csak egy apr\u00f3 meglepet\u00e9sr\u0151l, ez a kulcstart\u00f3 igaz\u00e1n szem\u00e9lyes \u00e9s sz\u00edvhez sz\u00f3l\u00f3 aj\u00e1nd\u00e9k.\",\"breadcrumb\":{\"@id\":\"https:\/\/pgajandek.hu\/product\/szeretlek-anya-mubor-kulcstarto\/#breadcrumb\"},\"inLanguage\":\"en-GB\",\"potentialAction\":[{\"@type\":\"ReadAction\",\"target\":[\"https:\/\/pgajandek.hu\/product\/szeretlek-anya-mubor-kulcstarto\/\"]}]},{\"@type\":\"ImageObject\",\"inLanguage\":\"en-GB\",\"@id\":\"https:\/\/pgajandek.hu\/product\/szeretlek-anya-mubor-kulcstarto\/#primaryimage\",\"url\":\"https:\/\/pgajandek.hu\/wp-content\/uploads\/2025\/01\/EGYES-ANYUS.webp\",\"contentUrl\":\"https:\/\/pgajandek.hu\/wp-content\/uploads\/2025\/01\/EGYES-ANYUS.webp\",\"width\":640,\"height\":640},{\"@type\":\"BreadcrumbList\",\"@id\":\"https:\/\/pgajandek.hu\/product\/szeretlek-anya-mubor-kulcstarto\/#breadcrumb\",\"itemListElement\":[{\"@type\":\"ListItem\",\"position\":1,\"name\":\"Kezd\u0151lap\",\"item\":\"https:\/\/pgajandek.hu\/\"},{\"@type\":\"ListItem\",\"position\":2,\"name\":\"Bolt\",\"item\":\"https:\/\/pgajandek.hu\/shop\/\"},{\"@type\":\"ListItem\",\"position\":3,\"name\":\"&#8222;Szeretlek Anya&#8221; m\u0171b\u0151r kulcstart\u00f3\"}]},{\"@type\":\"WebSite\",\"@id\":\"https:\/\/pgajandek.hu\/#website\",\"url\":\"https:\/\/pgajandek.hu\/\",\"name\":\"PG Aj\u00e1nd\u00e9k\",\"description\":\"PG Aj\u00e1nd\u00e9k - Min\u0151s\u00e9gi aj\u00e1nd\u00e9k \u00e9s rekl\u00e1mt\u00e1rgyak\",\"publisher\":{\"@id\":\"https:\/\/pgajandek.hu\/#organization\"},\"potentialAction\":[{\"@type\":\"SearchAction\",\"target\":{\"@type\":\"EntryPoint\",\"urlTemplate\":\"https:\/\/pgajandek.hu\/?s={search_term_string}\"},\"query-input\":{\"@type\":\"PropertyValueSpecification\",\"valueRequired\":true,\"valueName\":\"search_term_string\"}}],\"inLanguage\":\"en-GB\"},{\"@type\":\"Organization\",\"@id\":\"https:\/\/pgajandek.hu\/#organization\",\"name\":\"PG Aj\u00e1nd\u00e9k\",\"url\":\"https:\/\/pgajandek.hu\/\",\"logo\":{\"@type\":\"ImageObject\",\"inLanguage\":\"en-GB\",\"@id\":\"https:\/\/pgajandek.hu\/#\/schema\/logo\/image\/\",\"url\":\"https:\/\/i0.wp.com\/161.97.144.84\/wp-content\/uploads\/2022\/03\/274756016_327128172800607_2141884439170975469_n.jpg?fit=1875%2C1875\",\"contentUrl\":\"https:\/\/i0.wp.com\/161.97.144.84\/wp-content\/uploads\/2022\/03\/274756016_327128172800607_2141884439170975469_n.jpg?fit=1875%2C1875\",\"width\":1875,\"height\":1875,\"caption\":\"PG Aj\u00e1nd\u00e9k\"},\"image\":{\"@id\":\"https:\/\/pgajandek.hu\/#\/schema\/logo\/image\/\"},\"sameAs\":[\"https:\/\/www.facebook.com\/pgajandek\"]}]}<\/script>\n<!-- \/ Yoast SEO plugin. -->","yoast_head_json":{"title":"\"Szeretlek Anya\" m\u0171b\u0151r kulcstart\u00f3 - PG Aj\u00e1nd\u00e9k","description":"Ez a \"Szeretlek Anya\" feliratos m\u0171b\u0151r kulcstart\u00f3 t\u00f6k\u00e9letes aj\u00e1nd\u00e9k b\u00e1rmely alkalomra, hogy kifejezd szeretetedet \u00e9s h\u00e1l\u00e1dat az \u00e9desany\u00e1d ir\u00e1nt. Kiv\u00e1l\u00f3 min\u0151s\u00e9g\u0171 m\u0171b\u0151rb\u0151l k\u00e9sz\u00fclt, eleg\u00e1ns \u00e9s tart\u00f3s, \u00edgy hossz\u00fa \u00e9veken \u00e1t eml\u00e9keztetni fogja \u0151t a szeretetedre minden egyes pillanatban. Legyen sz\u00f3 sz\u00fclet\u00e9snapr\u00f3l, any\u00e1k napj\u00e1r\u00f3l, vagy csak egy apr\u00f3 meglepet\u00e9sr\u0151l, ez a kulcstart\u00f3 igaz\u00e1n szem\u00e9lyes \u00e9s sz\u00edvhez sz\u00f3l\u00f3 aj\u00e1nd\u00e9k.","robots":{"index":"index","follow":"follow","max-snippet":"max-snippet:-1","max-image-preview":"max-image-preview:large","max-video-preview":"max-video-preview:-1"},"canonical":"https:\/\/pgajandek.hu\/en_gb\/product\/szeretlek-anya-mubor-kulcstarto\/","og_locale":"en_GB","og_type":"article","og_title":"\"Szeretlek Anya\" m\u0171b\u0151r kulcstart\u00f3 - PG Aj\u00e1nd\u00e9k","og_description":"Ez a \"Szeretlek Anya\" feliratos m\u0171b\u0151r kulcstart\u00f3 t\u00f6k\u00e9letes aj\u00e1nd\u00e9k b\u00e1rmely alkalomra, hogy kifejezd szeretetedet \u00e9s h\u00e1l\u00e1dat az \u00e9desany\u00e1d ir\u00e1nt. Kiv\u00e1l\u00f3 min\u0151s\u00e9g\u0171 m\u0171b\u0151rb\u0151l k\u00e9sz\u00fclt, eleg\u00e1ns \u00e9s tart\u00f3s, \u00edgy hossz\u00fa \u00e9veken \u00e1t eml\u00e9keztetni fogja \u0151t a szeretetedre minden egyes pillanatban. Legyen sz\u00f3 sz\u00fclet\u00e9snapr\u00f3l, any\u00e1k napj\u00e1r\u00f3l, vagy csak egy apr\u00f3 meglepet\u00e9sr\u0151l, ez a kulcstart\u00f3 igaz\u00e1n szem\u00e9lyes \u00e9s sz\u00edvhez sz\u00f3l\u00f3 aj\u00e1nd\u00e9k.","og_url":"https:\/\/pgajandek.hu\/en_gb\/product\/szeretlek-anya-mubor-kulcstarto\/","og_site_name":"PG Aj\u00e1nd\u00e9k","article_publisher":"https:\/\/www.facebook.com\/pgajandek","article_modified_time":"2025-07-13T16:32:23+00:00","og_image":[{"width":640,"height":640,"url":"https:\/\/pgajandek.hu\/wp-content\/uploads\/2025\/01\/EGYES-ANYUS.webp","type":"image\/webp"}],"twitter_card":"summary_large_image","twitter_misc":{"Estimated reading time":"1 minute"},"schema":{"@context":"https:\/\/schema.org","@graph":[{"@type":"WebPage","@id":"https:\/\/pgajandek.hu\/product\/szeretlek-anya-mubor-kulcstarto\/","url":"https:\/\/pgajandek.hu\/product\/szeretlek-anya-mubor-kulcstarto\/","name":"\"Szeretlek Anya\" m\u0171b\u0151r kulcstart\u00f3 - PG Aj\u00e1nd\u00e9k","isPartOf":{"@id":"https:\/\/pgajandek.hu\/#website"},"primaryImageOfPage":{"@id":"https:\/\/pgajandek.hu\/product\/szeretlek-anya-mubor-kulcstarto\/#primaryimage"},"image":{"@id":"https:\/\/pgajandek.hu\/product\/szeretlek-anya-mubor-kulcstarto\/#primaryimage"},"thumbnailUrl":"https:\/\/pgajandek.hu\/wp-content\/uploads\/2025\/01\/EGYES-ANYUS.webp","datePublished":"2025-01-17T18:49:29+00:00","dateModified":"2025-07-13T16:32:23+00:00","description":"Ez a \"Szeretlek Anya\" feliratos m\u0171b\u0151r kulcstart\u00f3 t\u00f6k\u00e9letes aj\u00e1nd\u00e9k b\u00e1rmely alkalomra, hogy kifejezd szeretetedet \u00e9s h\u00e1l\u00e1dat az \u00e9desany\u00e1d ir\u00e1nt. Kiv\u00e1l\u00f3 min\u0151s\u00e9g\u0171 m\u0171b\u0151rb\u0151l k\u00e9sz\u00fclt, eleg\u00e1ns \u00e9s tart\u00f3s, \u00edgy hossz\u00fa \u00e9veken \u00e1t eml\u00e9keztetni fogja \u0151t a szeretetedre minden egyes pillanatban. Legyen sz\u00f3 sz\u00fclet\u00e9snapr\u00f3l, any\u00e1k napj\u00e1r\u00f3l, vagy csak egy apr\u00f3 meglepet\u00e9sr\u0151l, ez a kulcstart\u00f3 igaz\u00e1n szem\u00e9lyes \u00e9s sz\u00edvhez sz\u00f3l\u00f3 aj\u00e1nd\u00e9k.","breadcrumb":{"@id":"https:\/\/pgajandek.hu\/product\/szeretlek-anya-mubor-kulcstarto\/#breadcrumb"},"inLanguage":"en-GB","potentialAction":[{"@type":"ReadAction","target":["https:\/\/pgajandek.hu\/product\/szeretlek-anya-mubor-kulcstarto\/"]}]},{"@type":"ImageObject","inLanguage":"en-GB","@id":"https:\/\/pgajandek.hu\/product\/szeretlek-anya-mubor-kulcstarto\/#primaryimage","url":"https:\/\/pgajandek.hu\/wp-content\/uploads\/2025\/01\/EGYES-ANYUS.webp","contentUrl":"https:\/\/pgajandek.hu\/wp-content\/uploads\/2025\/01\/EGYES-ANYUS.webp","width":640,"height":640},{"@type":"BreadcrumbList","@id":"https:\/\/pgajandek.hu\/product\/szeretlek-anya-mubor-kulcstarto\/#breadcrumb","itemListElement":[{"@type":"ListItem","position":1,"name":"Kezd\u0151lap","item":"https:\/\/pgajandek.hu\/"},{"@type":"ListItem","position":2,"name":"Bolt","item":"https:\/\/pgajandek.hu\/shop\/"},{"@type":"ListItem","position":3,"name":"&#8222;Szeretlek Anya&#8221; m\u0171b\u0151r kulcstart\u00f3"}]},{"@type":"WebSite","@id":"https:\/\/pgajandek.hu\/#website","url":"https:\/\/pgajandek.hu\/","name":"PG Aj\u00e1nd\u00e9k","description":"PG Aj\u00e1nd\u00e9k - Min\u0151s\u00e9gi aj\u00e1nd\u00e9k \u00e9s rekl\u00e1mt\u00e1rgyak","publisher":{"@id":"https:\/\/pgajandek.hu\/#organization"},"potentialAction":[{"@type":"SearchAction","target":{"@type":"EntryPoint","urlTemplate":"https:\/\/pgajandek.hu\/?s={search_term_string}"},"query-input":{"@type":"PropertyValueSpecification","valueRequired":true,"valueName":"search_term_string"}}],"inLanguage":"en-GB"},{"@type":"Organization","@id":"https:\/\/pgajandek.hu\/#organization","name":"PG Aj\u00e1nd\u00e9k","url":"https:\/\/pgajandek.hu\/","logo":{"@type":"ImageObject","inLanguage":"en-GB","@id":"https:\/\/pgajandek.hu\/#\/schema\/logo\/image\/","url":"https:\/\/i0.wp.com\/161.97.144.84\/wp-content\/uploads\/2022\/03\/274756016_327128172800607_2141884439170975469_n.jpg?fit=1875%2C1875","contentUrl":"https:\/\/i0.wp.com\/161.97.144.84\/wp-content\/uploads\/2022\/03\/274756016_327128172800607_2141884439170975469_n.jpg?fit=1875%2C1875","width":1875,"height":1875,"caption":"PG Aj\u00e1nd\u00e9k"},"image":{"@id":"https:\/\/pgajandek.hu\/#\/schema\/logo\/image\/"},"sameAs":["https:\/\/www.facebook.com\/pgajandek"]}]}},"_links":{"self":[{"href":"https:\/\/pgajandek.hu\/en_gb\/wp-json\/wp\/v2\/product\/7202","targetHints":{"allow":["GET"]}}],"collection":[{"href":"https:\/\/pgajandek.hu\/en_gb\/wp-json\/wp\/v2\/product"}],"about":[{"href":"https:\/\/pgajandek.hu\/en_gb\/wp-json\/wp\/v2\/types\/product"}],"replies":[{"embeddable":true,"href":"https:\/\/pgajandek.hu\/en_gb\/wp-json\/wp\/v2\/comments?post=7202"}],"wp:featuredmedia":[{"embeddable":true,"href":"https:\/\/pgajandek.hu\/en_gb\/wp-json\/wp\/v2\/media\/8142"}],"wp:attachment":[{"href":"https:\/\/pgajandek.hu\/en_gb\/wp-json\/wp\/v2\/media?parent=7202"}],"wp:term":[{"taxonomy":"product_brand","embeddable":true,"href":"https:\/\/pgajandek.hu\/en_gb\/wp-json\/wp\/v2\/product_brand?post=7202"},{"taxonomy":"product_cat","embeddable":true,"href":"https:\/\/pgajandek.hu\/en_gb\/wp-json\/wp\/v2\/product_cat?post=7202"},{"taxonomy":"product_tag","embeddable":true,"href":"https:\/\/pgajandek.hu\/en_gb\/wp-json\/wp\/v2\/product_tag?post=7202"}],"curies":[{"name":"wp","href":"https:\/\/api.w.org\/{rel}","templated":true}]}}