{"id":7218,"date":"2025-01-17T19:34:07","date_gmt":"2025-01-17T19:34:07","guid":{"rendered":"https:\/\/pgajandek.hu\/?post_type=product&#038;p=7218"},"modified":"2025-02-28T22:59:02","modified_gmt":"2025-02-28T22:59:02","slug":"a-vilag-legjobb-aposanak-sornyito","status":"publish","type":"product","link":"https:\/\/pgajandek.hu\/en_gb\/product\/a-vilag-legjobb-aposanak-sornyito\/","title":{"rendered":"&#8222;A vil\u00e1g legjobb ap\u00f3s\u00e1nak&#8221; s\u00f6rnyit\u00f3"},"content":{"rendered":"<p>Ez a <strong>&#8222;A vil\u00e1g legjobb ap\u00f3s\u00e1nak&#8221;<\/strong> feliratos fa s\u00f6rnyit\u00f3 t\u00f6k\u00e9letes aj\u00e1nd\u00e9k. Ami a mindennapokban is eml\u00e9kezteti ap\u00f3sodat arra, hogy milyen szerencs\u00e9s hogy beker\u00fclt\u00e9l a csal\u00e1dba. Aj\u00e1nd\u00e9kozd meg \u0151t egy olyan t\u00e1rggyal, amely minden egyes haszn\u00e1lat sor\u00e1n mosolyt csal az arc\u00e1ra!<\/p>","protected":false},"excerpt":{"rendered":"<p>Ez a &#8222;A vil\u00e1g legjobb ap\u00f3s\u00e1nak&#8221; feliratos fa s\u00f6rnyit\u00f3 t\u00f6k\u00e9letes aj\u00e1nd\u00e9k. Ami a mindennapokban is eml\u00e9kezteti ap\u00f3sodat arra, hogy milyen szerencs\u00e9s hogy beker\u00fclt\u00e9l a csal\u00e1dba. Aj\u00e1nd\u00e9kozd meg \u0151t egy olyan t\u00e1rggyal, amely minden egyes haszn\u00e1lat sor\u00e1n mosolyt csal az arc\u00e1ra!<\/p>","protected":false},"featured_media":7389,"comment_status":"open","ping_status":"closed","template":"","meta":[],"product_brand":[],"product_cat":[108],"product_tag":[],"class_list":{"0":"post-7218","1":"product","2":"type-product","3":"status-publish","4":"has-post-thumbnail","6":"product_cat-ajandek-otlet-ferfiaknak","8":"first","9":"instock","10":"shipping-taxable","11":"purchasable","12":"product-type-simple"},"yoast_head":"<!-- This site is optimized with the Yoast SEO plugin v24.3 - https:\/\/yoast.com\/wordpress\/plugins\/seo\/ -->\n<title>&quot;A vil\u00e1g legjobb ap\u00f3s\u00e1nak&quot; s\u00f6rnyit\u00f3 - PG Aj\u00e1nd\u00e9k<\/title>\n<meta name=\"description\" content=\"Ez a &quot;A vil\u00e1g legjobb ap\u00f3s\u00e1nak&quot; feliratos fa s\u00f6rnyit\u00f3 t\u00f6k\u00e9letes aj\u00e1nd\u00e9k, amely mindennapokban is eml\u00e9kezteti ap\u00f3sodat arra, hogy milyen szerencs\u00e9s hogy beker\u00fclt\u00e9l a csal\u00e1dba. Aj\u00e1nd\u00e9kozd meg \u0151t egy olyan t\u00e1rggyal, amely minden egyes haszn\u00e1lat sor\u00e1n mosolyt csal az arc\u00e1ra!\" \/>\n<meta name=\"robots\" content=\"index, follow, max-snippet:-1, max-image-preview:large, max-video-preview:-1\" \/>\n<link rel=\"canonical\" href=\"https:\/\/pgajandek.hu\/en_gb\/product\/a-vilag-legjobb-aposanak-sornyito\/\" \/>\n<meta property=\"og:locale\" content=\"en_GB\" \/>\n<meta property=\"og:type\" content=\"article\" \/>\n<meta property=\"og:title\" content=\"&quot;A vil\u00e1g legjobb ap\u00f3s\u00e1nak&quot; s\u00f6rnyit\u00f3 - PG Aj\u00e1nd\u00e9k\" \/>\n<meta property=\"og:description\" content=\"Ez a &quot;A vil\u00e1g legjobb ap\u00f3s\u00e1nak&quot; feliratos fa s\u00f6rnyit\u00f3 t\u00f6k\u00e9letes aj\u00e1nd\u00e9k, amely mindennapokban is eml\u00e9kezteti ap\u00f3sodat arra, hogy milyen szerencs\u00e9s hogy beker\u00fclt\u00e9l a csal\u00e1dba. Aj\u00e1nd\u00e9kozd meg \u0151t egy olyan t\u00e1rggyal, amely minden egyes haszn\u00e1lat sor\u00e1n mosolyt csal az arc\u00e1ra!\" \/>\n<meta property=\"og:url\" content=\"https:\/\/pgajandek.hu\/en_gb\/product\/a-vilag-legjobb-aposanak-sornyito\/\" \/>\n<meta property=\"og:site_name\" content=\"PG Aj\u00e1nd\u00e9k\" \/>\n<meta property=\"article:publisher\" content=\"https:\/\/www.facebook.com\/pgajandek\" \/>\n<meta property=\"article:modified_time\" content=\"2025-02-28T22:59:02+00:00\" \/>\n<meta property=\"og:image\" content=\"https:\/\/pgajandek.hu\/wp-content\/uploads\/2025\/01\/aposos-sornyito-1-e1739656042468.png\" \/>\n\t<meta property=\"og:image:width\" content=\"630\" \/>\n\t<meta property=\"og:image:height\" content=\"473\" \/>\n\t<meta property=\"og:image:type\" content=\"image\/png\" \/>\n<meta name=\"twitter:card\" content=\"summary_large_image\" \/>\n<meta name=\"twitter:label1\" content=\"Estimated reading time\" \/>\n\t<meta name=\"twitter:data1\" content=\"1 minute\" \/>\n<script type=\"application\/ld+json\" class=\"yoast-schema-graph\">{\"@context\":\"https:\/\/schema.org\",\"@graph\":[{\"@type\":\"WebPage\",\"@id\":\"https:\/\/pgajandek.hu\/product\/a-vilag-legjobb-aposanak-sornyito\/\",\"url\":\"https:\/\/pgajandek.hu\/product\/a-vilag-legjobb-aposanak-sornyito\/\",\"name\":\"\\\"A vil\u00e1g legjobb ap\u00f3s\u00e1nak\\\" s\u00f6rnyit\u00f3 - PG Aj\u00e1nd\u00e9k\",\"isPartOf\":{\"@id\":\"https:\/\/pgajandek.hu\/#website\"},\"primaryImageOfPage\":{\"@id\":\"https:\/\/pgajandek.hu\/product\/a-vilag-legjobb-aposanak-sornyito\/#primaryimage\"},\"image\":{\"@id\":\"https:\/\/pgajandek.hu\/product\/a-vilag-legjobb-aposanak-sornyito\/#primaryimage\"},\"thumbnailUrl\":\"https:\/\/pgajandek.hu\/wp-content\/uploads\/2025\/01\/aposos-sornyito-1-e1739656042468.png\",\"datePublished\":\"2025-01-17T19:34:07+00:00\",\"dateModified\":\"2025-02-28T22:59:02+00:00\",\"description\":\"Ez a \\\"A vil\u00e1g legjobb ap\u00f3s\u00e1nak\\\" feliratos fa s\u00f6rnyit\u00f3 t\u00f6k\u00e9letes aj\u00e1nd\u00e9k, amely mindennapokban is eml\u00e9kezteti ap\u00f3sodat arra, hogy milyen szerencs\u00e9s hogy beker\u00fclt\u00e9l a csal\u00e1dba. Aj\u00e1nd\u00e9kozd meg \u0151t egy olyan t\u00e1rggyal, amely minden egyes haszn\u00e1lat sor\u00e1n mosolyt csal az arc\u00e1ra!\",\"breadcrumb\":{\"@id\":\"https:\/\/pgajandek.hu\/product\/a-vilag-legjobb-aposanak-sornyito\/#breadcrumb\"},\"inLanguage\":\"en-GB\",\"potentialAction\":[{\"@type\":\"ReadAction\",\"target\":[\"https:\/\/pgajandek.hu\/product\/a-vilag-legjobb-aposanak-sornyito\/\"]}]},{\"@type\":\"ImageObject\",\"inLanguage\":\"en-GB\",\"@id\":\"https:\/\/pgajandek.hu\/product\/a-vilag-legjobb-aposanak-sornyito\/#primaryimage\",\"url\":\"https:\/\/pgajandek.hu\/wp-content\/uploads\/2025\/01\/aposos-sornyito-1-e1739656042468.png\",\"contentUrl\":\"https:\/\/pgajandek.hu\/wp-content\/uploads\/2025\/01\/aposos-sornyito-1-e1739656042468.png\",\"width\":630,\"height\":473},{\"@type\":\"BreadcrumbList\",\"@id\":\"https:\/\/pgajandek.hu\/product\/a-vilag-legjobb-aposanak-sornyito\/#breadcrumb\",\"itemListElement\":[{\"@type\":\"ListItem\",\"position\":1,\"name\":\"Kezd\u0151lap\",\"item\":\"https:\/\/pgajandek.hu\/\"},{\"@type\":\"ListItem\",\"position\":2,\"name\":\"Bolt\",\"item\":\"https:\/\/pgajandek.hu\/shop\/\"},{\"@type\":\"ListItem\",\"position\":3,\"name\":\"&#8222;A vil\u00e1g legjobb ap\u00f3s\u00e1nak&#8221; s\u00f6rnyit\u00f3\"}]},{\"@type\":\"WebSite\",\"@id\":\"https:\/\/pgajandek.hu\/#website\",\"url\":\"https:\/\/pgajandek.hu\/\",\"name\":\"PG Aj\u00e1nd\u00e9k\",\"description\":\"PG Aj\u00e1nd\u00e9k - Min\u0151s\u00e9gi aj\u00e1nd\u00e9k \u00e9s rekl\u00e1mt\u00e1rgyak\",\"publisher\":{\"@id\":\"https:\/\/pgajandek.hu\/#organization\"},\"potentialAction\":[{\"@type\":\"SearchAction\",\"target\":{\"@type\":\"EntryPoint\",\"urlTemplate\":\"https:\/\/pgajandek.hu\/?s={search_term_string}\"},\"query-input\":{\"@type\":\"PropertyValueSpecification\",\"valueRequired\":true,\"valueName\":\"search_term_string\"}}],\"inLanguage\":\"en-GB\"},{\"@type\":\"Organization\",\"@id\":\"https:\/\/pgajandek.hu\/#organization\",\"name\":\"PG Aj\u00e1nd\u00e9k\",\"url\":\"https:\/\/pgajandek.hu\/\",\"logo\":{\"@type\":\"ImageObject\",\"inLanguage\":\"en-GB\",\"@id\":\"https:\/\/pgajandek.hu\/#\/schema\/logo\/image\/\",\"url\":\"https:\/\/i0.wp.com\/161.97.144.84\/wp-content\/uploads\/2022\/03\/274756016_327128172800607_2141884439170975469_n.jpg?fit=1875%2C1875\",\"contentUrl\":\"https:\/\/i0.wp.com\/161.97.144.84\/wp-content\/uploads\/2022\/03\/274756016_327128172800607_2141884439170975469_n.jpg?fit=1875%2C1875\",\"width\":1875,\"height\":1875,\"caption\":\"PG Aj\u00e1nd\u00e9k\"},\"image\":{\"@id\":\"https:\/\/pgajandek.hu\/#\/schema\/logo\/image\/\"},\"sameAs\":[\"https:\/\/www.facebook.com\/pgajandek\"]}]}<\/script>\n<!-- \/ Yoast SEO plugin. -->","yoast_head_json":{"title":"\"A vil\u00e1g legjobb ap\u00f3s\u00e1nak\" s\u00f6rnyit\u00f3 - PG Aj\u00e1nd\u00e9k","description":"Ez a \"A vil\u00e1g legjobb ap\u00f3s\u00e1nak\" feliratos fa s\u00f6rnyit\u00f3 t\u00f6k\u00e9letes aj\u00e1nd\u00e9k, amely mindennapokban is eml\u00e9kezteti ap\u00f3sodat arra, hogy milyen szerencs\u00e9s hogy beker\u00fclt\u00e9l a csal\u00e1dba. Aj\u00e1nd\u00e9kozd meg \u0151t egy olyan t\u00e1rggyal, amely minden egyes haszn\u00e1lat sor\u00e1n mosolyt csal az arc\u00e1ra!","robots":{"index":"index","follow":"follow","max-snippet":"max-snippet:-1","max-image-preview":"max-image-preview:large","max-video-preview":"max-video-preview:-1"},"canonical":"https:\/\/pgajandek.hu\/en_gb\/product\/a-vilag-legjobb-aposanak-sornyito\/","og_locale":"en_GB","og_type":"article","og_title":"\"A vil\u00e1g legjobb ap\u00f3s\u00e1nak\" s\u00f6rnyit\u00f3 - PG Aj\u00e1nd\u00e9k","og_description":"Ez a \"A vil\u00e1g legjobb ap\u00f3s\u00e1nak\" feliratos fa s\u00f6rnyit\u00f3 t\u00f6k\u00e9letes aj\u00e1nd\u00e9k, amely mindennapokban is eml\u00e9kezteti ap\u00f3sodat arra, hogy milyen szerencs\u00e9s hogy beker\u00fclt\u00e9l a csal\u00e1dba. Aj\u00e1nd\u00e9kozd meg \u0151t egy olyan t\u00e1rggyal, amely minden egyes haszn\u00e1lat sor\u00e1n mosolyt csal az arc\u00e1ra!","og_url":"https:\/\/pgajandek.hu\/en_gb\/product\/a-vilag-legjobb-aposanak-sornyito\/","og_site_name":"PG Aj\u00e1nd\u00e9k","article_publisher":"https:\/\/www.facebook.com\/pgajandek","article_modified_time":"2025-02-28T22:59:02+00:00","og_image":[{"width":630,"height":473,"url":"https:\/\/pgajandek.hu\/wp-content\/uploads\/2025\/01\/aposos-sornyito-1-e1739656042468.png","type":"image\/png"}],"twitter_card":"summary_large_image","twitter_misc":{"Estimated reading time":"1 minute"},"schema":{"@context":"https:\/\/schema.org","@graph":[{"@type":"WebPage","@id":"https:\/\/pgajandek.hu\/product\/a-vilag-legjobb-aposanak-sornyito\/","url":"https:\/\/pgajandek.hu\/product\/a-vilag-legjobb-aposanak-sornyito\/","name":"\"A vil\u00e1g legjobb ap\u00f3s\u00e1nak\" s\u00f6rnyit\u00f3 - PG Aj\u00e1nd\u00e9k","isPartOf":{"@id":"https:\/\/pgajandek.hu\/#website"},"primaryImageOfPage":{"@id":"https:\/\/pgajandek.hu\/product\/a-vilag-legjobb-aposanak-sornyito\/#primaryimage"},"image":{"@id":"https:\/\/pgajandek.hu\/product\/a-vilag-legjobb-aposanak-sornyito\/#primaryimage"},"thumbnailUrl":"https:\/\/pgajandek.hu\/wp-content\/uploads\/2025\/01\/aposos-sornyito-1-e1739656042468.png","datePublished":"2025-01-17T19:34:07+00:00","dateModified":"2025-02-28T22:59:02+00:00","description":"Ez a \"A vil\u00e1g legjobb ap\u00f3s\u00e1nak\" feliratos fa s\u00f6rnyit\u00f3 t\u00f6k\u00e9letes aj\u00e1nd\u00e9k, amely mindennapokban is eml\u00e9kezteti ap\u00f3sodat arra, hogy milyen szerencs\u00e9s hogy beker\u00fclt\u00e9l a csal\u00e1dba. Aj\u00e1nd\u00e9kozd meg \u0151t egy olyan t\u00e1rggyal, amely minden egyes haszn\u00e1lat sor\u00e1n mosolyt csal az arc\u00e1ra!","breadcrumb":{"@id":"https:\/\/pgajandek.hu\/product\/a-vilag-legjobb-aposanak-sornyito\/#breadcrumb"},"inLanguage":"en-GB","potentialAction":[{"@type":"ReadAction","target":["https:\/\/pgajandek.hu\/product\/a-vilag-legjobb-aposanak-sornyito\/"]}]},{"@type":"ImageObject","inLanguage":"en-GB","@id":"https:\/\/pgajandek.hu\/product\/a-vilag-legjobb-aposanak-sornyito\/#primaryimage","url":"https:\/\/pgajandek.hu\/wp-content\/uploads\/2025\/01\/aposos-sornyito-1-e1739656042468.png","contentUrl":"https:\/\/pgajandek.hu\/wp-content\/uploads\/2025\/01\/aposos-sornyito-1-e1739656042468.png","width":630,"height":473},{"@type":"BreadcrumbList","@id":"https:\/\/pgajandek.hu\/product\/a-vilag-legjobb-aposanak-sornyito\/#breadcrumb","itemListElement":[{"@type":"ListItem","position":1,"name":"Kezd\u0151lap","item":"https:\/\/pgajandek.hu\/"},{"@type":"ListItem","position":2,"name":"Bolt","item":"https:\/\/pgajandek.hu\/shop\/"},{"@type":"ListItem","position":3,"name":"&#8222;A vil\u00e1g legjobb ap\u00f3s\u00e1nak&#8221; s\u00f6rnyit\u00f3"}]},{"@type":"WebSite","@id":"https:\/\/pgajandek.hu\/#website","url":"https:\/\/pgajandek.hu\/","name":"PG Aj\u00e1nd\u00e9k","description":"PG Aj\u00e1nd\u00e9k - Min\u0151s\u00e9gi aj\u00e1nd\u00e9k \u00e9s rekl\u00e1mt\u00e1rgyak","publisher":{"@id":"https:\/\/pgajandek.hu\/#organization"},"potentialAction":[{"@type":"SearchAction","target":{"@type":"EntryPoint","urlTemplate":"https:\/\/pgajandek.hu\/?s={search_term_string}"},"query-input":{"@type":"PropertyValueSpecification","valueRequired":true,"valueName":"search_term_string"}}],"inLanguage":"en-GB"},{"@type":"Organization","@id":"https:\/\/pgajandek.hu\/#organization","name":"PG Aj\u00e1nd\u00e9k","url":"https:\/\/pgajandek.hu\/","logo":{"@type":"ImageObject","inLanguage":"en-GB","@id":"https:\/\/pgajandek.hu\/#\/schema\/logo\/image\/","url":"https:\/\/i0.wp.com\/161.97.144.84\/wp-content\/uploads\/2022\/03\/274756016_327128172800607_2141884439170975469_n.jpg?fit=1875%2C1875","contentUrl":"https:\/\/i0.wp.com\/161.97.144.84\/wp-content\/uploads\/2022\/03\/274756016_327128172800607_2141884439170975469_n.jpg?fit=1875%2C1875","width":1875,"height":1875,"caption":"PG Aj\u00e1nd\u00e9k"},"image":{"@id":"https:\/\/pgajandek.hu\/#\/schema\/logo\/image\/"},"sameAs":["https:\/\/www.facebook.com\/pgajandek"]}]}},"_links":{"self":[{"href":"https:\/\/pgajandek.hu\/en_gb\/wp-json\/wp\/v2\/product\/7218","targetHints":{"allow":["GET"]}}],"collection":[{"href":"https:\/\/pgajandek.hu\/en_gb\/wp-json\/wp\/v2\/product"}],"about":[{"href":"https:\/\/pgajandek.hu\/en_gb\/wp-json\/wp\/v2\/types\/product"}],"replies":[{"embeddable":true,"href":"https:\/\/pgajandek.hu\/en_gb\/wp-json\/wp\/v2\/comments?post=7218"}],"wp:featuredmedia":[{"embeddable":true,"href":"https:\/\/pgajandek.hu\/en_gb\/wp-json\/wp\/v2\/media\/7389"}],"wp:attachment":[{"href":"https:\/\/pgajandek.hu\/en_gb\/wp-json\/wp\/v2\/media?parent=7218"}],"wp:term":[{"taxonomy":"product_brand","embeddable":true,"href":"https:\/\/pgajandek.hu\/en_gb\/wp-json\/wp\/v2\/product_brand?post=7218"},{"taxonomy":"product_cat","embeddable":true,"href":"https:\/\/pgajandek.hu\/en_gb\/wp-json\/wp\/v2\/product_cat?post=7218"},{"taxonomy":"product_tag","embeddable":true,"href":"https:\/\/pgajandek.hu\/en_gb\/wp-json\/wp\/v2\/product_tag?post=7218"}],"curies":[{"name":"wp","href":"https:\/\/api.w.org\/{rel}","templated":true}]}}