{"id":7261,"date":"2025-01-19T19:28:46","date_gmt":"2025-01-19T19:28:46","guid":{"rendered":"https:\/\/pgajandek.hu\/?post_type=product&#038;p=7261"},"modified":"2025-07-13T16:31:36","modified_gmt":"2025-07-13T16:31:36","slug":"szeretlek-apa-fem-gravirozott-kulcstarto","status":"publish","type":"product","link":"https:\/\/pgajandek.hu\/en_gb\/product\/szeretlek-apa-fem-gravirozott-kulcstarto\/","title":{"rendered":"&#8222;Szeretlek Apa!&#8221; f\u00e9m grav\u00edrozott kulcstart\u00f3"},"content":{"rendered":"<p>Ez a grav\u00edrozott f\u00e9m kulcstart\u00f3 t\u00f6k\u00e9letes v\u00e1laszt\u00e1s minden ap\u00e1nak, aki \u00e9rt\u00e9keli az egyedi \u00e9s szem\u00e9lyre szabott aj\u00e1nd\u00e9kokat. Ha szeretn\u00e9d meglepni az \u00e9desap\u00e1dat, vagy egy k\u00fcl\u00f6nleges m\u00f3don megk\u00f6sz\u00f6nni neki mindazt, amit \u00e9rted tett, akkor ez a kulcstart\u00f3 ide\u00e1lis megold\u00e1s!Az egyik oldalon a minta van a m\u00e1sik oldalon pedig a &#8222;Szeretlek Apa&#8221; felirat.<\/p>","protected":false},"excerpt":{"rendered":"<p>Ez a grav\u00edrozott f\u00e9m kulcstart\u00f3 t\u00f6k\u00e9letes v\u00e1laszt\u00e1s minden ap\u00e1nak.<\/p>\n<p>Ha szeretn\u00e9d meglepni az \u00e9desap\u00e1dat, akkor ez a kulcstart\u00f3 ide\u00e1lis v\u00e1laszt\u00e1s!<\/p>\n<p>Az egyik oldalon a minta van a m\u00e1sik oldalon pedig a &#8222;Szeretlek Apa&#8221; felirat.<\/p>","protected":false},"featured_media":8129,"comment_status":"open","ping_status":"closed","template":"","meta":[],"product_brand":[],"product_cat":[158,108],"product_tag":[],"class_list":{"0":"post-7261","1":"product","2":"type-product","3":"status-publish","4":"has-post-thumbnail","6":"product_cat-ajandek-kulcstartok","7":"product_cat-ajandek-otlet-ferfiaknak","9":"first","10":"instock","11":"shipping-taxable","12":"purchasable","13":"product-type-simple"},"yoast_head":"<!-- This site is optimized with the Yoast SEO plugin v24.3 - https:\/\/yoast.com\/wordpress\/plugins\/seo\/ -->\n<title>&quot;Szeretlek Apa!&quot; f\u00e9m grav\u00edrozott kulcstart\u00f3 - PG Aj\u00e1nd\u00e9k<\/title>\n<meta name=\"description\" content=\"Ez a grav\u00edrozott f\u00e9m kulcstart\u00f3 t\u00f6k\u00e9letes v\u00e1laszt\u00e1s minden ap\u00e1nak, aki \u00e9rt\u00e9keli az egyedi \u00e9s szem\u00e9lyre szabott aj\u00e1nd\u00e9kokat. Ha szeretn\u00e9d meglepni az \u00e9desap\u00e1dat, vagy egy k\u00fcl\u00f6nleges m\u00f3don megk\u00f6sz\u00f6nni neki mindazt, amit \u00e9rted tett, akkor ez a kulcstart\u00f3 ide\u00e1lis megold\u00e1s!\" \/>\n<meta name=\"robots\" content=\"index, follow, max-snippet:-1, max-image-preview:large, max-video-preview:-1\" \/>\n<link rel=\"canonical\" href=\"https:\/\/pgajandek.hu\/en_gb\/product\/szeretlek-apa-fem-gravirozott-kulcstarto\/\" \/>\n<meta property=\"og:locale\" content=\"en_GB\" \/>\n<meta property=\"og:type\" content=\"article\" \/>\n<meta property=\"og:title\" content=\"&quot;Szeretlek Apa!&quot; f\u00e9m grav\u00edrozott kulcstart\u00f3 - PG Aj\u00e1nd\u00e9k\" \/>\n<meta property=\"og:description\" content=\"Ez a grav\u00edrozott f\u00e9m kulcstart\u00f3 t\u00f6k\u00e9letes v\u00e1laszt\u00e1s minden ap\u00e1nak, aki \u00e9rt\u00e9keli az egyedi \u00e9s szem\u00e9lyre szabott aj\u00e1nd\u00e9kokat. Ha szeretn\u00e9d meglepni az \u00e9desap\u00e1dat, vagy egy k\u00fcl\u00f6nleges m\u00f3don megk\u00f6sz\u00f6nni neki mindazt, amit \u00e9rted tett, akkor ez a kulcstart\u00f3 ide\u00e1lis megold\u00e1s!\" \/>\n<meta property=\"og:url\" content=\"https:\/\/pgajandek.hu\/en_gb\/product\/szeretlek-apa-fem-gravirozott-kulcstarto\/\" \/>\n<meta property=\"og:site_name\" content=\"PG Aj\u00e1nd\u00e9k\" \/>\n<meta property=\"article:publisher\" content=\"https:\/\/www.facebook.com\/pgajandek\" \/>\n<meta property=\"article:modified_time\" content=\"2025-07-13T16:31:36+00:00\" \/>\n<meta property=\"og:image\" content=\"https:\/\/pgajandek.hu\/wp-content\/uploads\/2025\/01\/femkg4.webp\" \/>\n\t<meta property=\"og:image:width\" content=\"640\" \/>\n\t<meta property=\"og:image:height\" content=\"640\" \/>\n\t<meta property=\"og:image:type\" content=\"image\/webp\" \/>\n<meta name=\"twitter:card\" content=\"summary_large_image\" \/>\n<meta name=\"twitter:label1\" content=\"Estimated reading time\" \/>\n\t<meta name=\"twitter:data1\" content=\"1 minute\" \/>\n<script type=\"application\/ld+json\" class=\"yoast-schema-graph\">{\"@context\":\"https:\/\/schema.org\",\"@graph\":[{\"@type\":\"WebPage\",\"@id\":\"https:\/\/pgajandek.hu\/product\/szeretlek-apa-fem-gravirozott-kulcstarto\/\",\"url\":\"https:\/\/pgajandek.hu\/product\/szeretlek-apa-fem-gravirozott-kulcstarto\/\",\"name\":\"\\\"Szeretlek Apa!\\\" f\u00e9m grav\u00edrozott kulcstart\u00f3 - PG Aj\u00e1nd\u00e9k\",\"isPartOf\":{\"@id\":\"https:\/\/pgajandek.hu\/#website\"},\"primaryImageOfPage\":{\"@id\":\"https:\/\/pgajandek.hu\/product\/szeretlek-apa-fem-gravirozott-kulcstarto\/#primaryimage\"},\"image\":{\"@id\":\"https:\/\/pgajandek.hu\/product\/szeretlek-apa-fem-gravirozott-kulcstarto\/#primaryimage\"},\"thumbnailUrl\":\"https:\/\/pgajandek.hu\/wp-content\/uploads\/2025\/01\/femkg4.webp\",\"datePublished\":\"2025-01-19T19:28:46+00:00\",\"dateModified\":\"2025-07-13T16:31:36+00:00\",\"description\":\"Ez a grav\u00edrozott f\u00e9m kulcstart\u00f3 t\u00f6k\u00e9letes v\u00e1laszt\u00e1s minden ap\u00e1nak, aki \u00e9rt\u00e9keli az egyedi \u00e9s szem\u00e9lyre szabott aj\u00e1nd\u00e9kokat. Ha szeretn\u00e9d meglepni az \u00e9desap\u00e1dat, vagy egy k\u00fcl\u00f6nleges m\u00f3don megk\u00f6sz\u00f6nni neki mindazt, amit \u00e9rted tett, akkor ez a kulcstart\u00f3 ide\u00e1lis megold\u00e1s!\",\"breadcrumb\":{\"@id\":\"https:\/\/pgajandek.hu\/product\/szeretlek-apa-fem-gravirozott-kulcstarto\/#breadcrumb\"},\"inLanguage\":\"en-GB\",\"potentialAction\":[{\"@type\":\"ReadAction\",\"target\":[\"https:\/\/pgajandek.hu\/product\/szeretlek-apa-fem-gravirozott-kulcstarto\/\"]}]},{\"@type\":\"ImageObject\",\"inLanguage\":\"en-GB\",\"@id\":\"https:\/\/pgajandek.hu\/product\/szeretlek-apa-fem-gravirozott-kulcstarto\/#primaryimage\",\"url\":\"https:\/\/pgajandek.hu\/wp-content\/uploads\/2025\/01\/femkg4.webp\",\"contentUrl\":\"https:\/\/pgajandek.hu\/wp-content\/uploads\/2025\/01\/femkg4.webp\",\"width\":640,\"height\":640},{\"@type\":\"BreadcrumbList\",\"@id\":\"https:\/\/pgajandek.hu\/product\/szeretlek-apa-fem-gravirozott-kulcstarto\/#breadcrumb\",\"itemListElement\":[{\"@type\":\"ListItem\",\"position\":1,\"name\":\"Kezd\u0151lap\",\"item\":\"https:\/\/pgajandek.hu\/\"},{\"@type\":\"ListItem\",\"position\":2,\"name\":\"Bolt\",\"item\":\"https:\/\/pgajandek.hu\/shop\/\"},{\"@type\":\"ListItem\",\"position\":3,\"name\":\"&#8222;Szeretlek Apa!&#8221; f\u00e9m grav\u00edrozott kulcstart\u00f3\"}]},{\"@type\":\"WebSite\",\"@id\":\"https:\/\/pgajandek.hu\/#website\",\"url\":\"https:\/\/pgajandek.hu\/\",\"name\":\"PG Aj\u00e1nd\u00e9k\",\"description\":\"PG Aj\u00e1nd\u00e9k - Min\u0151s\u00e9gi aj\u00e1nd\u00e9k \u00e9s rekl\u00e1mt\u00e1rgyak\",\"publisher\":{\"@id\":\"https:\/\/pgajandek.hu\/#organization\"},\"potentialAction\":[{\"@type\":\"SearchAction\",\"target\":{\"@type\":\"EntryPoint\",\"urlTemplate\":\"https:\/\/pgajandek.hu\/?s={search_term_string}\"},\"query-input\":{\"@type\":\"PropertyValueSpecification\",\"valueRequired\":true,\"valueName\":\"search_term_string\"}}],\"inLanguage\":\"en-GB\"},{\"@type\":\"Organization\",\"@id\":\"https:\/\/pgajandek.hu\/#organization\",\"name\":\"PG Aj\u00e1nd\u00e9k\",\"url\":\"https:\/\/pgajandek.hu\/\",\"logo\":{\"@type\":\"ImageObject\",\"inLanguage\":\"en-GB\",\"@id\":\"https:\/\/pgajandek.hu\/#\/schema\/logo\/image\/\",\"url\":\"https:\/\/i0.wp.com\/161.97.144.84\/wp-content\/uploads\/2022\/03\/274756016_327128172800607_2141884439170975469_n.jpg?fit=1875%2C1875\",\"contentUrl\":\"https:\/\/i0.wp.com\/161.97.144.84\/wp-content\/uploads\/2022\/03\/274756016_327128172800607_2141884439170975469_n.jpg?fit=1875%2C1875\",\"width\":1875,\"height\":1875,\"caption\":\"PG Aj\u00e1nd\u00e9k\"},\"image\":{\"@id\":\"https:\/\/pgajandek.hu\/#\/schema\/logo\/image\/\"},\"sameAs\":[\"https:\/\/www.facebook.com\/pgajandek\"]}]}<\/script>\n<!-- \/ Yoast SEO plugin. -->","yoast_head_json":{"title":"\"Szeretlek Apa!\" f\u00e9m grav\u00edrozott kulcstart\u00f3 - PG Aj\u00e1nd\u00e9k","description":"Ez a grav\u00edrozott f\u00e9m kulcstart\u00f3 t\u00f6k\u00e9letes v\u00e1laszt\u00e1s minden ap\u00e1nak, aki \u00e9rt\u00e9keli az egyedi \u00e9s szem\u00e9lyre szabott aj\u00e1nd\u00e9kokat. Ha szeretn\u00e9d meglepni az \u00e9desap\u00e1dat, vagy egy k\u00fcl\u00f6nleges m\u00f3don megk\u00f6sz\u00f6nni neki mindazt, amit \u00e9rted tett, akkor ez a kulcstart\u00f3 ide\u00e1lis megold\u00e1s!","robots":{"index":"index","follow":"follow","max-snippet":"max-snippet:-1","max-image-preview":"max-image-preview:large","max-video-preview":"max-video-preview:-1"},"canonical":"https:\/\/pgajandek.hu\/en_gb\/product\/szeretlek-apa-fem-gravirozott-kulcstarto\/","og_locale":"en_GB","og_type":"article","og_title":"\"Szeretlek Apa!\" f\u00e9m grav\u00edrozott kulcstart\u00f3 - PG Aj\u00e1nd\u00e9k","og_description":"Ez a grav\u00edrozott f\u00e9m kulcstart\u00f3 t\u00f6k\u00e9letes v\u00e1laszt\u00e1s minden ap\u00e1nak, aki \u00e9rt\u00e9keli az egyedi \u00e9s szem\u00e9lyre szabott aj\u00e1nd\u00e9kokat. Ha szeretn\u00e9d meglepni az \u00e9desap\u00e1dat, vagy egy k\u00fcl\u00f6nleges m\u00f3don megk\u00f6sz\u00f6nni neki mindazt, amit \u00e9rted tett, akkor ez a kulcstart\u00f3 ide\u00e1lis megold\u00e1s!","og_url":"https:\/\/pgajandek.hu\/en_gb\/product\/szeretlek-apa-fem-gravirozott-kulcstarto\/","og_site_name":"PG Aj\u00e1nd\u00e9k","article_publisher":"https:\/\/www.facebook.com\/pgajandek","article_modified_time":"2025-07-13T16:31:36+00:00","og_image":[{"width":640,"height":640,"url":"https:\/\/pgajandek.hu\/wp-content\/uploads\/2025\/01\/femkg4.webp","type":"image\/webp"}],"twitter_card":"summary_large_image","twitter_misc":{"Estimated reading time":"1 minute"},"schema":{"@context":"https:\/\/schema.org","@graph":[{"@type":"WebPage","@id":"https:\/\/pgajandek.hu\/product\/szeretlek-apa-fem-gravirozott-kulcstarto\/","url":"https:\/\/pgajandek.hu\/product\/szeretlek-apa-fem-gravirozott-kulcstarto\/","name":"\"Szeretlek Apa!\" f\u00e9m grav\u00edrozott kulcstart\u00f3 - PG Aj\u00e1nd\u00e9k","isPartOf":{"@id":"https:\/\/pgajandek.hu\/#website"},"primaryImageOfPage":{"@id":"https:\/\/pgajandek.hu\/product\/szeretlek-apa-fem-gravirozott-kulcstarto\/#primaryimage"},"image":{"@id":"https:\/\/pgajandek.hu\/product\/szeretlek-apa-fem-gravirozott-kulcstarto\/#primaryimage"},"thumbnailUrl":"https:\/\/pgajandek.hu\/wp-content\/uploads\/2025\/01\/femkg4.webp","datePublished":"2025-01-19T19:28:46+00:00","dateModified":"2025-07-13T16:31:36+00:00","description":"Ez a grav\u00edrozott f\u00e9m kulcstart\u00f3 t\u00f6k\u00e9letes v\u00e1laszt\u00e1s minden ap\u00e1nak, aki \u00e9rt\u00e9keli az egyedi \u00e9s szem\u00e9lyre szabott aj\u00e1nd\u00e9kokat. Ha szeretn\u00e9d meglepni az \u00e9desap\u00e1dat, vagy egy k\u00fcl\u00f6nleges m\u00f3don megk\u00f6sz\u00f6nni neki mindazt, amit \u00e9rted tett, akkor ez a kulcstart\u00f3 ide\u00e1lis megold\u00e1s!","breadcrumb":{"@id":"https:\/\/pgajandek.hu\/product\/szeretlek-apa-fem-gravirozott-kulcstarto\/#breadcrumb"},"inLanguage":"en-GB","potentialAction":[{"@type":"ReadAction","target":["https:\/\/pgajandek.hu\/product\/szeretlek-apa-fem-gravirozott-kulcstarto\/"]}]},{"@type":"ImageObject","inLanguage":"en-GB","@id":"https:\/\/pgajandek.hu\/product\/szeretlek-apa-fem-gravirozott-kulcstarto\/#primaryimage","url":"https:\/\/pgajandek.hu\/wp-content\/uploads\/2025\/01\/femkg4.webp","contentUrl":"https:\/\/pgajandek.hu\/wp-content\/uploads\/2025\/01\/femkg4.webp","width":640,"height":640},{"@type":"BreadcrumbList","@id":"https:\/\/pgajandek.hu\/product\/szeretlek-apa-fem-gravirozott-kulcstarto\/#breadcrumb","itemListElement":[{"@type":"ListItem","position":1,"name":"Kezd\u0151lap","item":"https:\/\/pgajandek.hu\/"},{"@type":"ListItem","position":2,"name":"Bolt","item":"https:\/\/pgajandek.hu\/shop\/"},{"@type":"ListItem","position":3,"name":"&#8222;Szeretlek Apa!&#8221; f\u00e9m grav\u00edrozott kulcstart\u00f3"}]},{"@type":"WebSite","@id":"https:\/\/pgajandek.hu\/#website","url":"https:\/\/pgajandek.hu\/","name":"PG Aj\u00e1nd\u00e9k","description":"PG Aj\u00e1nd\u00e9k - Min\u0151s\u00e9gi aj\u00e1nd\u00e9k \u00e9s rekl\u00e1mt\u00e1rgyak","publisher":{"@id":"https:\/\/pgajandek.hu\/#organization"},"potentialAction":[{"@type":"SearchAction","target":{"@type":"EntryPoint","urlTemplate":"https:\/\/pgajandek.hu\/?s={search_term_string}"},"query-input":{"@type":"PropertyValueSpecification","valueRequired":true,"valueName":"search_term_string"}}],"inLanguage":"en-GB"},{"@type":"Organization","@id":"https:\/\/pgajandek.hu\/#organization","name":"PG Aj\u00e1nd\u00e9k","url":"https:\/\/pgajandek.hu\/","logo":{"@type":"ImageObject","inLanguage":"en-GB","@id":"https:\/\/pgajandek.hu\/#\/schema\/logo\/image\/","url":"https:\/\/i0.wp.com\/161.97.144.84\/wp-content\/uploads\/2022\/03\/274756016_327128172800607_2141884439170975469_n.jpg?fit=1875%2C1875","contentUrl":"https:\/\/i0.wp.com\/161.97.144.84\/wp-content\/uploads\/2022\/03\/274756016_327128172800607_2141884439170975469_n.jpg?fit=1875%2C1875","width":1875,"height":1875,"caption":"PG Aj\u00e1nd\u00e9k"},"image":{"@id":"https:\/\/pgajandek.hu\/#\/schema\/logo\/image\/"},"sameAs":["https:\/\/www.facebook.com\/pgajandek"]}]}},"_links":{"self":[{"href":"https:\/\/pgajandek.hu\/en_gb\/wp-json\/wp\/v2\/product\/7261","targetHints":{"allow":["GET"]}}],"collection":[{"href":"https:\/\/pgajandek.hu\/en_gb\/wp-json\/wp\/v2\/product"}],"about":[{"href":"https:\/\/pgajandek.hu\/en_gb\/wp-json\/wp\/v2\/types\/product"}],"replies":[{"embeddable":true,"href":"https:\/\/pgajandek.hu\/en_gb\/wp-json\/wp\/v2\/comments?post=7261"}],"wp:featuredmedia":[{"embeddable":true,"href":"https:\/\/pgajandek.hu\/en_gb\/wp-json\/wp\/v2\/media\/8129"}],"wp:attachment":[{"href":"https:\/\/pgajandek.hu\/en_gb\/wp-json\/wp\/v2\/media?parent=7261"}],"wp:term":[{"taxonomy":"product_brand","embeddable":true,"href":"https:\/\/pgajandek.hu\/en_gb\/wp-json\/wp\/v2\/product_brand?post=7261"},{"taxonomy":"product_cat","embeddable":true,"href":"https:\/\/pgajandek.hu\/en_gb\/wp-json\/wp\/v2\/product_cat?post=7261"},{"taxonomy":"product_tag","embeddable":true,"href":"https:\/\/pgajandek.hu\/en_gb\/wp-json\/wp\/v2\/product_tag?post=7261"}],"curies":[{"name":"wp","href":"https:\/\/api.w.org\/{rel}","templated":true}]}}