{"id":7267,"date":"2025-01-19T19:50:35","date_gmt":"2025-01-19T19:50:35","guid":{"rendered":"https:\/\/pgajandek.hu\/?post_type=product&#038;p=7267"},"modified":"2025-07-13T16:31:48","modified_gmt":"2025-07-13T16:31:48","slug":"koszonom-hogy-gravirozott-fem-kulcstarto","status":"publish","type":"product","link":"https:\/\/pgajandek.hu\/en_gb\/product\/koszonom-hogy-gravirozott-fem-kulcstarto\/","title":{"rendered":"&#8222;K\u00f6sz\u00f6n\u00f6m, hogy&#8230;&#8221; grav\u00edrozott f\u00e9m kulcstart\u00f3"},"content":{"rendered":"<p>Ez a grav\u00edrozott f\u00e9m kulcstart\u00f3 igaz\u00e1n k\u00fcl\u00f6nleges \u00e9s eleg\u00e1ns aj\u00e1nd\u00e9k. T\u00f6k\u00e9letes m\u00f3dja annak, hogy kifejezd \u00e9rzelmeidet a szerelmed fel\u00e9.Az kulcstart\u00f3 m\u00e1sik oldal\u00e1ra egyedileg lehet k\u00e9rni nevet \u00e9s d\u00e1tumot.<\/p>","protected":false},"excerpt":{"rendered":"<p>Ez a grav\u00edrozott f\u00e9m kulcstart\u00f3 igaz\u00e1n k\u00fcl\u00f6nleges \u00e9s eleg\u00e1ns aj\u00e1nd\u00e9k. T\u00f6k\u00e9letes m\u00f3dja annak, hogy kifejezd \u00e9rzelmeidet a szerelmed fel\u00e9.Az kulcstart\u00f3 m\u00e1sik oldal\u00e1ra egyedileg lehet k\u00e9rni nevet \u00e9s d\u00e1tumot.<\/p>","protected":false},"featured_media":8126,"comment_status":"open","ping_status":"closed","template":"","meta":[],"product_brand":[],"product_cat":[158,161],"product_tag":[],"class_list":{"0":"post-7267","1":"product","2":"type-product","3":"status-publish","4":"has-post-thumbnail","6":"product_cat-ajandek-kulcstartok","7":"product_cat-szerelmi-ajandekok","9":"first","10":"instock","11":"shipping-taxable","12":"purchasable","13":"product-type-simple"},"yoast_head":"<!-- This site is optimized with the Yoast SEO plugin v24.3 - https:\/\/yoast.com\/wordpress\/plugins\/seo\/ -->\n<title>&quot;K\u00f6sz\u00f6n\u00f6m, hogy...&quot; grav\u00edrozott f\u00e9m kulcstart\u00f3 - PG Aj\u00e1nd\u00e9k<\/title>\n<meta name=\"description\" content=\"Ez a grav\u00edrozott f\u00e9m kulcstart\u00f3 igaz\u00e1n k\u00fcl\u00f6nleges \u00e9s eleg\u00e1ns aj\u00e1nd\u00e9k, amely t\u00f6k\u00e9letes m\u00f3dja annak, hogy kifejezd \u00e9rzelmeidet a szerelmed fel\u00e9.Az kulcstart\u00f3 m\u00e1sik oldal\u00e1ra egyedileg lehet k\u00e9rni nevet \u00e9s d\u00e1tumot.\" \/>\n<meta name=\"robots\" content=\"index, follow, max-snippet:-1, max-image-preview:large, max-video-preview:-1\" \/>\n<link rel=\"canonical\" href=\"https:\/\/pgajandek.hu\/en_gb\/product\/koszonom-hogy-gravirozott-fem-kulcstarto\/\" \/>\n<meta property=\"og:locale\" content=\"en_GB\" \/>\n<meta property=\"og:type\" content=\"article\" \/>\n<meta property=\"og:title\" content=\"&quot;K\u00f6sz\u00f6n\u00f6m, hogy...&quot; grav\u00edrozott f\u00e9m kulcstart\u00f3 - PG Aj\u00e1nd\u00e9k\" \/>\n<meta property=\"og:description\" content=\"Ez a grav\u00edrozott f\u00e9m kulcstart\u00f3 igaz\u00e1n k\u00fcl\u00f6nleges \u00e9s eleg\u00e1ns aj\u00e1nd\u00e9k, amely t\u00f6k\u00e9letes m\u00f3dja annak, hogy kifejezd \u00e9rzelmeidet a szerelmed fel\u00e9.Az kulcstart\u00f3 m\u00e1sik oldal\u00e1ra egyedileg lehet k\u00e9rni nevet \u00e9s d\u00e1tumot.\" \/>\n<meta property=\"og:url\" content=\"https:\/\/pgajandek.hu\/en_gb\/product\/koszonom-hogy-gravirozott-fem-kulcstarto\/\" \/>\n<meta property=\"og:site_name\" content=\"PG Aj\u00e1nd\u00e9k\" \/>\n<meta property=\"article:publisher\" content=\"https:\/\/www.facebook.com\/pgajandek\" \/>\n<meta property=\"article:modified_time\" content=\"2025-07-13T16:31:48+00:00\" \/>\n<meta property=\"og:image\" content=\"https:\/\/pgajandek.hu\/wp-content\/uploads\/2025\/01\/femk.webp\" \/>\n\t<meta property=\"og:image:width\" content=\"640\" \/>\n\t<meta property=\"og:image:height\" content=\"640\" \/>\n\t<meta property=\"og:image:type\" content=\"image\/webp\" \/>\n<meta name=\"twitter:card\" content=\"summary_large_image\" \/>\n<meta name=\"twitter:label1\" content=\"Estimated reading time\" \/>\n\t<meta name=\"twitter:data1\" content=\"1 minute\" \/>\n<script type=\"application\/ld+json\" class=\"yoast-schema-graph\">{\"@context\":\"https:\/\/schema.org\",\"@graph\":[{\"@type\":\"WebPage\",\"@id\":\"https:\/\/pgajandek.hu\/product\/koszonom-hogy-gravirozott-fem-kulcstarto\/\",\"url\":\"https:\/\/pgajandek.hu\/product\/koszonom-hogy-gravirozott-fem-kulcstarto\/\",\"name\":\"\\\"K\u00f6sz\u00f6n\u00f6m, hogy...\\\" grav\u00edrozott f\u00e9m kulcstart\u00f3 - PG Aj\u00e1nd\u00e9k\",\"isPartOf\":{\"@id\":\"https:\/\/pgajandek.hu\/#website\"},\"primaryImageOfPage\":{\"@id\":\"https:\/\/pgajandek.hu\/product\/koszonom-hogy-gravirozott-fem-kulcstarto\/#primaryimage\"},\"image\":{\"@id\":\"https:\/\/pgajandek.hu\/product\/koszonom-hogy-gravirozott-fem-kulcstarto\/#primaryimage\"},\"thumbnailUrl\":\"https:\/\/pgajandek.hu\/wp-content\/uploads\/2025\/01\/femk.webp\",\"datePublished\":\"2025-01-19T19:50:35+00:00\",\"dateModified\":\"2025-07-13T16:31:48+00:00\",\"description\":\"Ez a grav\u00edrozott f\u00e9m kulcstart\u00f3 igaz\u00e1n k\u00fcl\u00f6nleges \u00e9s eleg\u00e1ns aj\u00e1nd\u00e9k, amely t\u00f6k\u00e9letes m\u00f3dja annak, hogy kifejezd \u00e9rzelmeidet a szerelmed fel\u00e9.Az kulcstart\u00f3 m\u00e1sik oldal\u00e1ra egyedileg lehet k\u00e9rni nevet \u00e9s d\u00e1tumot.\",\"breadcrumb\":{\"@id\":\"https:\/\/pgajandek.hu\/product\/koszonom-hogy-gravirozott-fem-kulcstarto\/#breadcrumb\"},\"inLanguage\":\"en-GB\",\"potentialAction\":[{\"@type\":\"ReadAction\",\"target\":[\"https:\/\/pgajandek.hu\/product\/koszonom-hogy-gravirozott-fem-kulcstarto\/\"]}]},{\"@type\":\"ImageObject\",\"inLanguage\":\"en-GB\",\"@id\":\"https:\/\/pgajandek.hu\/product\/koszonom-hogy-gravirozott-fem-kulcstarto\/#primaryimage\",\"url\":\"https:\/\/pgajandek.hu\/wp-content\/uploads\/2025\/01\/femk.webp\",\"contentUrl\":\"https:\/\/pgajandek.hu\/wp-content\/uploads\/2025\/01\/femk.webp\",\"width\":640,\"height\":640},{\"@type\":\"BreadcrumbList\",\"@id\":\"https:\/\/pgajandek.hu\/product\/koszonom-hogy-gravirozott-fem-kulcstarto\/#breadcrumb\",\"itemListElement\":[{\"@type\":\"ListItem\",\"position\":1,\"name\":\"Kezd\u0151lap\",\"item\":\"https:\/\/pgajandek.hu\/\"},{\"@type\":\"ListItem\",\"position\":2,\"name\":\"Bolt\",\"item\":\"https:\/\/pgajandek.hu\/shop\/\"},{\"@type\":\"ListItem\",\"position\":3,\"name\":\"&#8222;K\u00f6sz\u00f6n\u00f6m, hogy&#8230;&#8221; grav\u00edrozott f\u00e9m kulcstart\u00f3\"}]},{\"@type\":\"WebSite\",\"@id\":\"https:\/\/pgajandek.hu\/#website\",\"url\":\"https:\/\/pgajandek.hu\/\",\"name\":\"PG Aj\u00e1nd\u00e9k\",\"description\":\"PG Aj\u00e1nd\u00e9k - Min\u0151s\u00e9gi aj\u00e1nd\u00e9k \u00e9s rekl\u00e1mt\u00e1rgyak\",\"publisher\":{\"@id\":\"https:\/\/pgajandek.hu\/#organization\"},\"potentialAction\":[{\"@type\":\"SearchAction\",\"target\":{\"@type\":\"EntryPoint\",\"urlTemplate\":\"https:\/\/pgajandek.hu\/?s={search_term_string}\"},\"query-input\":{\"@type\":\"PropertyValueSpecification\",\"valueRequired\":true,\"valueName\":\"search_term_string\"}}],\"inLanguage\":\"en-GB\"},{\"@type\":\"Organization\",\"@id\":\"https:\/\/pgajandek.hu\/#organization\",\"name\":\"PG Aj\u00e1nd\u00e9k\",\"url\":\"https:\/\/pgajandek.hu\/\",\"logo\":{\"@type\":\"ImageObject\",\"inLanguage\":\"en-GB\",\"@id\":\"https:\/\/pgajandek.hu\/#\/schema\/logo\/image\/\",\"url\":\"https:\/\/i0.wp.com\/161.97.144.84\/wp-content\/uploads\/2022\/03\/274756016_327128172800607_2141884439170975469_n.jpg?fit=1875%2C1875\",\"contentUrl\":\"https:\/\/i0.wp.com\/161.97.144.84\/wp-content\/uploads\/2022\/03\/274756016_327128172800607_2141884439170975469_n.jpg?fit=1875%2C1875\",\"width\":1875,\"height\":1875,\"caption\":\"PG Aj\u00e1nd\u00e9k\"},\"image\":{\"@id\":\"https:\/\/pgajandek.hu\/#\/schema\/logo\/image\/\"},\"sameAs\":[\"https:\/\/www.facebook.com\/pgajandek\"]}]}<\/script>\n<!-- \/ Yoast SEO plugin. -->","yoast_head_json":{"title":"\"K\u00f6sz\u00f6n\u00f6m, hogy...\" grav\u00edrozott f\u00e9m kulcstart\u00f3 - PG Aj\u00e1nd\u00e9k","description":"Ez a grav\u00edrozott f\u00e9m kulcstart\u00f3 igaz\u00e1n k\u00fcl\u00f6nleges \u00e9s eleg\u00e1ns aj\u00e1nd\u00e9k, amely t\u00f6k\u00e9letes m\u00f3dja annak, hogy kifejezd \u00e9rzelmeidet a szerelmed fel\u00e9.Az kulcstart\u00f3 m\u00e1sik oldal\u00e1ra egyedileg lehet k\u00e9rni nevet \u00e9s d\u00e1tumot.","robots":{"index":"index","follow":"follow","max-snippet":"max-snippet:-1","max-image-preview":"max-image-preview:large","max-video-preview":"max-video-preview:-1"},"canonical":"https:\/\/pgajandek.hu\/en_gb\/product\/koszonom-hogy-gravirozott-fem-kulcstarto\/","og_locale":"en_GB","og_type":"article","og_title":"\"K\u00f6sz\u00f6n\u00f6m, hogy...\" grav\u00edrozott f\u00e9m kulcstart\u00f3 - PG Aj\u00e1nd\u00e9k","og_description":"Ez a grav\u00edrozott f\u00e9m kulcstart\u00f3 igaz\u00e1n k\u00fcl\u00f6nleges \u00e9s eleg\u00e1ns aj\u00e1nd\u00e9k, amely t\u00f6k\u00e9letes m\u00f3dja annak, hogy kifejezd \u00e9rzelmeidet a szerelmed fel\u00e9.Az kulcstart\u00f3 m\u00e1sik oldal\u00e1ra egyedileg lehet k\u00e9rni nevet \u00e9s d\u00e1tumot.","og_url":"https:\/\/pgajandek.hu\/en_gb\/product\/koszonom-hogy-gravirozott-fem-kulcstarto\/","og_site_name":"PG Aj\u00e1nd\u00e9k","article_publisher":"https:\/\/www.facebook.com\/pgajandek","article_modified_time":"2025-07-13T16:31:48+00:00","og_image":[{"width":640,"height":640,"url":"https:\/\/pgajandek.hu\/wp-content\/uploads\/2025\/01\/femk.webp","type":"image\/webp"}],"twitter_card":"summary_large_image","twitter_misc":{"Estimated reading time":"1 minute"},"schema":{"@context":"https:\/\/schema.org","@graph":[{"@type":"WebPage","@id":"https:\/\/pgajandek.hu\/product\/koszonom-hogy-gravirozott-fem-kulcstarto\/","url":"https:\/\/pgajandek.hu\/product\/koszonom-hogy-gravirozott-fem-kulcstarto\/","name":"\"K\u00f6sz\u00f6n\u00f6m, hogy...\" grav\u00edrozott f\u00e9m kulcstart\u00f3 - PG Aj\u00e1nd\u00e9k","isPartOf":{"@id":"https:\/\/pgajandek.hu\/#website"},"primaryImageOfPage":{"@id":"https:\/\/pgajandek.hu\/product\/koszonom-hogy-gravirozott-fem-kulcstarto\/#primaryimage"},"image":{"@id":"https:\/\/pgajandek.hu\/product\/koszonom-hogy-gravirozott-fem-kulcstarto\/#primaryimage"},"thumbnailUrl":"https:\/\/pgajandek.hu\/wp-content\/uploads\/2025\/01\/femk.webp","datePublished":"2025-01-19T19:50:35+00:00","dateModified":"2025-07-13T16:31:48+00:00","description":"Ez a grav\u00edrozott f\u00e9m kulcstart\u00f3 igaz\u00e1n k\u00fcl\u00f6nleges \u00e9s eleg\u00e1ns aj\u00e1nd\u00e9k, amely t\u00f6k\u00e9letes m\u00f3dja annak, hogy kifejezd \u00e9rzelmeidet a szerelmed fel\u00e9.Az kulcstart\u00f3 m\u00e1sik oldal\u00e1ra egyedileg lehet k\u00e9rni nevet \u00e9s d\u00e1tumot.","breadcrumb":{"@id":"https:\/\/pgajandek.hu\/product\/koszonom-hogy-gravirozott-fem-kulcstarto\/#breadcrumb"},"inLanguage":"en-GB","potentialAction":[{"@type":"ReadAction","target":["https:\/\/pgajandek.hu\/product\/koszonom-hogy-gravirozott-fem-kulcstarto\/"]}]},{"@type":"ImageObject","inLanguage":"en-GB","@id":"https:\/\/pgajandek.hu\/product\/koszonom-hogy-gravirozott-fem-kulcstarto\/#primaryimage","url":"https:\/\/pgajandek.hu\/wp-content\/uploads\/2025\/01\/femk.webp","contentUrl":"https:\/\/pgajandek.hu\/wp-content\/uploads\/2025\/01\/femk.webp","width":640,"height":640},{"@type":"BreadcrumbList","@id":"https:\/\/pgajandek.hu\/product\/koszonom-hogy-gravirozott-fem-kulcstarto\/#breadcrumb","itemListElement":[{"@type":"ListItem","position":1,"name":"Kezd\u0151lap","item":"https:\/\/pgajandek.hu\/"},{"@type":"ListItem","position":2,"name":"Bolt","item":"https:\/\/pgajandek.hu\/shop\/"},{"@type":"ListItem","position":3,"name":"&#8222;K\u00f6sz\u00f6n\u00f6m, hogy&#8230;&#8221; grav\u00edrozott f\u00e9m kulcstart\u00f3"}]},{"@type":"WebSite","@id":"https:\/\/pgajandek.hu\/#website","url":"https:\/\/pgajandek.hu\/","name":"PG Aj\u00e1nd\u00e9k","description":"PG Aj\u00e1nd\u00e9k - Min\u0151s\u00e9gi aj\u00e1nd\u00e9k \u00e9s rekl\u00e1mt\u00e1rgyak","publisher":{"@id":"https:\/\/pgajandek.hu\/#organization"},"potentialAction":[{"@type":"SearchAction","target":{"@type":"EntryPoint","urlTemplate":"https:\/\/pgajandek.hu\/?s={search_term_string}"},"query-input":{"@type":"PropertyValueSpecification","valueRequired":true,"valueName":"search_term_string"}}],"inLanguage":"en-GB"},{"@type":"Organization","@id":"https:\/\/pgajandek.hu\/#organization","name":"PG Aj\u00e1nd\u00e9k","url":"https:\/\/pgajandek.hu\/","logo":{"@type":"ImageObject","inLanguage":"en-GB","@id":"https:\/\/pgajandek.hu\/#\/schema\/logo\/image\/","url":"https:\/\/i0.wp.com\/161.97.144.84\/wp-content\/uploads\/2022\/03\/274756016_327128172800607_2141884439170975469_n.jpg?fit=1875%2C1875","contentUrl":"https:\/\/i0.wp.com\/161.97.144.84\/wp-content\/uploads\/2022\/03\/274756016_327128172800607_2141884439170975469_n.jpg?fit=1875%2C1875","width":1875,"height":1875,"caption":"PG Aj\u00e1nd\u00e9k"},"image":{"@id":"https:\/\/pgajandek.hu\/#\/schema\/logo\/image\/"},"sameAs":["https:\/\/www.facebook.com\/pgajandek"]}]}},"_links":{"self":[{"href":"https:\/\/pgajandek.hu\/en_gb\/wp-json\/wp\/v2\/product\/7267","targetHints":{"allow":["GET"]}}],"collection":[{"href":"https:\/\/pgajandek.hu\/en_gb\/wp-json\/wp\/v2\/product"}],"about":[{"href":"https:\/\/pgajandek.hu\/en_gb\/wp-json\/wp\/v2\/types\/product"}],"replies":[{"embeddable":true,"href":"https:\/\/pgajandek.hu\/en_gb\/wp-json\/wp\/v2\/comments?post=7267"}],"wp:featuredmedia":[{"embeddable":true,"href":"https:\/\/pgajandek.hu\/en_gb\/wp-json\/wp\/v2\/media\/8126"}],"wp:attachment":[{"href":"https:\/\/pgajandek.hu\/en_gb\/wp-json\/wp\/v2\/media?parent=7267"}],"wp:term":[{"taxonomy":"product_brand","embeddable":true,"href":"https:\/\/pgajandek.hu\/en_gb\/wp-json\/wp\/v2\/product_brand?post=7267"},{"taxonomy":"product_cat","embeddable":true,"href":"https:\/\/pgajandek.hu\/en_gb\/wp-json\/wp\/v2\/product_cat?post=7267"},{"taxonomy":"product_tag","embeddable":true,"href":"https:\/\/pgajandek.hu\/en_gb\/wp-json\/wp\/v2\/product_tag?post=7267"}],"curies":[{"name":"wp","href":"https:\/\/api.w.org\/{rel}","templated":true}]}}