{"id":7276,"date":"2025-01-19T20:08:38","date_gmt":"2025-01-19T20:08:38","guid":{"rendered":"https:\/\/pgajandek.hu\/?post_type=product&#038;p=7276"},"modified":"2025-02-28T22:42:42","modified_gmt":"2025-02-28T22:42:42","slug":"a-3-legfontosabb-horgasz-kellek-bogre","status":"publish","type":"product","link":"https:\/\/pgajandek.hu\/en_gb\/product\/a-3-legfontosabb-horgasz-kellek-bogre\/","title":{"rendered":"&#8222;A 3 legfontosabb horg\u00e1sz kell\u00e9k&#8221; b\u00f6gre"},"content":{"rendered":"<p>Ez a vicces, de st\u00edlusos b\u00f6gre minden horg\u00e1szos reggelhez t\u00f6k\u00e9letes t\u00e1rs.<\/p>\n<p>Legyen sz\u00f3 reggeli k\u00e1v\u00e9r\u00f3l, te\u00e1r\u00f3l vagy ak\u00e1r egy meleg italr\u00f3l a v\u00edzparton.<\/p>\n<p>A b\u00f6gr\u00e9n a minta tart\u00f3s \u00e9s nem kopik \u00edgy mosogat\u00f3 g\u00e9pben is moshat\u00f3.<\/p>","protected":false},"excerpt":{"rendered":"<p>Ez a vicces, de st\u00edlusos b\u00f6gre minden horg\u00e1szos reggelhez t\u00f6k\u00e9letes t\u00e1rs, legyen sz\u00f3 reggeli k\u00e1v\u00e9r\u00f3l, te\u00e1r\u00f3l vagy ak\u00e1r egy meleg italr\u00f3l a v\u00edzparton.<\/p>\n<p>A b\u00f6gr\u00e9n a minta tart\u00f3s \u00e9s nem kopik \u00edgy mosogat\u00f3 g\u00e9pben is moshat\u00f3.<\/p>","protected":false},"featured_media":7277,"comment_status":"open","ping_status":"closed","template":"","meta":[],"product_brand":[],"product_cat":[165,108],"product_tag":[],"class_list":{"0":"post-7276","1":"product","2":"type-product","3":"status-publish","4":"has-post-thumbnail","6":"product_cat-horgaszos-ajandekok","7":"product_cat-ajandek-otlet-ferfiaknak","9":"first","10":"instock","11":"shipping-taxable","12":"purchasable","13":"product-type-simple"},"yoast_head":"<!-- This site is optimized with the Yoast SEO plugin v24.3 - https:\/\/yoast.com\/wordpress\/plugins\/seo\/ -->\n<title>&quot;A 3 legfontosabb horg\u00e1sz kell\u00e9k&quot; b\u00f6gre - PG Aj\u00e1nd\u00e9k<\/title>\n<meta name=\"description\" content=\"Ez a vicces, de st\u00edlusos b\u00f6gre minden horg\u00e1szos reggelhez t\u00f6k\u00e9letes t\u00e1rs, legyen sz\u00f3 reggeli k\u00e1v\u00e9r\u00f3l, te\u00e1r\u00f3l vagy ak\u00e1r egy meleg italr\u00f3l a v\u00edzparton.A b\u00f6gr\u00e9n a minta tart\u00f3s \u00e9s nem kopik \u00edgy mosogat\u00f3 g\u00e9pben is moshat\u00f3.\" \/>\n<meta name=\"robots\" content=\"index, follow, max-snippet:-1, max-image-preview:large, max-video-preview:-1\" \/>\n<link rel=\"canonical\" href=\"https:\/\/pgajandek.hu\/en_gb\/product\/a-3-legfontosabb-horgasz-kellek-bogre\/\" \/>\n<meta property=\"og:locale\" content=\"en_GB\" \/>\n<meta property=\"og:type\" content=\"article\" \/>\n<meta property=\"og:title\" content=\"&quot;A 3 legfontosabb horg\u00e1sz kell\u00e9k&quot; b\u00f6gre - PG Aj\u00e1nd\u00e9k\" \/>\n<meta property=\"og:description\" content=\"Ez a vicces, de st\u00edlusos b\u00f6gre minden horg\u00e1szos reggelhez t\u00f6k\u00e9letes t\u00e1rs, legyen sz\u00f3 reggeli k\u00e1v\u00e9r\u00f3l, te\u00e1r\u00f3l vagy ak\u00e1r egy meleg italr\u00f3l a v\u00edzparton.A b\u00f6gr\u00e9n a minta tart\u00f3s \u00e9s nem kopik \u00edgy mosogat\u00f3 g\u00e9pben is moshat\u00f3.\" \/>\n<meta property=\"og:url\" content=\"https:\/\/pgajandek.hu\/en_gb\/product\/a-3-legfontosabb-horgasz-kellek-bogre\/\" \/>\n<meta property=\"og:site_name\" content=\"PG Aj\u00e1nd\u00e9k\" \/>\n<meta property=\"article:publisher\" content=\"https:\/\/www.facebook.com\/pgajandek\" \/>\n<meta property=\"article:modified_time\" content=\"2025-02-28T22:42:42+00:00\" \/>\n<meta property=\"og:image\" content=\"https:\/\/pgajandek.hu\/wp-content\/uploads\/2025\/01\/212312-e1739655492634.png\" \/>\n\t<meta property=\"og:image:width\" content=\"650\" \/>\n\t<meta property=\"og:image:height\" content=\"580\" \/>\n\t<meta property=\"og:image:type\" content=\"image\/png\" \/>\n<meta name=\"twitter:card\" content=\"summary_large_image\" \/>\n<meta name=\"twitter:label1\" content=\"Estimated reading time\" \/>\n\t<meta name=\"twitter:data1\" content=\"1 minute\" \/>\n<script type=\"application\/ld+json\" class=\"yoast-schema-graph\">{\"@context\":\"https:\/\/schema.org\",\"@graph\":[{\"@type\":\"WebPage\",\"@id\":\"https:\/\/pgajandek.hu\/product\/a-3-legfontosabb-horgasz-kellek-bogre\/\",\"url\":\"https:\/\/pgajandek.hu\/product\/a-3-legfontosabb-horgasz-kellek-bogre\/\",\"name\":\"\\\"A 3 legfontosabb horg\u00e1sz kell\u00e9k\\\" b\u00f6gre - PG Aj\u00e1nd\u00e9k\",\"isPartOf\":{\"@id\":\"https:\/\/pgajandek.hu\/#website\"},\"primaryImageOfPage\":{\"@id\":\"https:\/\/pgajandek.hu\/product\/a-3-legfontosabb-horgasz-kellek-bogre\/#primaryimage\"},\"image\":{\"@id\":\"https:\/\/pgajandek.hu\/product\/a-3-legfontosabb-horgasz-kellek-bogre\/#primaryimage\"},\"thumbnailUrl\":\"https:\/\/pgajandek.hu\/wp-content\/uploads\/2025\/01\/212312-e1739655492634.png\",\"datePublished\":\"2025-01-19T20:08:38+00:00\",\"dateModified\":\"2025-02-28T22:42:42+00:00\",\"description\":\"Ez a vicces, de st\u00edlusos b\u00f6gre minden horg\u00e1szos reggelhez t\u00f6k\u00e9letes t\u00e1rs, legyen sz\u00f3 reggeli k\u00e1v\u00e9r\u00f3l, te\u00e1r\u00f3l vagy ak\u00e1r egy meleg italr\u00f3l a v\u00edzparton.A b\u00f6gr\u00e9n a minta tart\u00f3s \u00e9s nem kopik \u00edgy mosogat\u00f3 g\u00e9pben is moshat\u00f3.\",\"breadcrumb\":{\"@id\":\"https:\/\/pgajandek.hu\/product\/a-3-legfontosabb-horgasz-kellek-bogre\/#breadcrumb\"},\"inLanguage\":\"en-GB\",\"potentialAction\":[{\"@type\":\"ReadAction\",\"target\":[\"https:\/\/pgajandek.hu\/product\/a-3-legfontosabb-horgasz-kellek-bogre\/\"]}]},{\"@type\":\"ImageObject\",\"inLanguage\":\"en-GB\",\"@id\":\"https:\/\/pgajandek.hu\/product\/a-3-legfontosabb-horgasz-kellek-bogre\/#primaryimage\",\"url\":\"https:\/\/pgajandek.hu\/wp-content\/uploads\/2025\/01\/212312-e1739655492634.png\",\"contentUrl\":\"https:\/\/pgajandek.hu\/wp-content\/uploads\/2025\/01\/212312-e1739655492634.png\",\"width\":650,\"height\":580},{\"@type\":\"BreadcrumbList\",\"@id\":\"https:\/\/pgajandek.hu\/product\/a-3-legfontosabb-horgasz-kellek-bogre\/#breadcrumb\",\"itemListElement\":[{\"@type\":\"ListItem\",\"position\":1,\"name\":\"Kezd\u0151lap\",\"item\":\"https:\/\/pgajandek.hu\/\"},{\"@type\":\"ListItem\",\"position\":2,\"name\":\"Bolt\",\"item\":\"https:\/\/pgajandek.hu\/shop\/\"},{\"@type\":\"ListItem\",\"position\":3,\"name\":\"&#8222;A 3 legfontosabb horg\u00e1sz kell\u00e9k&#8221; b\u00f6gre\"}]},{\"@type\":\"WebSite\",\"@id\":\"https:\/\/pgajandek.hu\/#website\",\"url\":\"https:\/\/pgajandek.hu\/\",\"name\":\"PG Aj\u00e1nd\u00e9k\",\"description\":\"PG Aj\u00e1nd\u00e9k - Min\u0151s\u00e9gi aj\u00e1nd\u00e9k \u00e9s rekl\u00e1mt\u00e1rgyak\",\"publisher\":{\"@id\":\"https:\/\/pgajandek.hu\/#organization\"},\"potentialAction\":[{\"@type\":\"SearchAction\",\"target\":{\"@type\":\"EntryPoint\",\"urlTemplate\":\"https:\/\/pgajandek.hu\/?s={search_term_string}\"},\"query-input\":{\"@type\":\"PropertyValueSpecification\",\"valueRequired\":true,\"valueName\":\"search_term_string\"}}],\"inLanguage\":\"en-GB\"},{\"@type\":\"Organization\",\"@id\":\"https:\/\/pgajandek.hu\/#organization\",\"name\":\"PG Aj\u00e1nd\u00e9k\",\"url\":\"https:\/\/pgajandek.hu\/\",\"logo\":{\"@type\":\"ImageObject\",\"inLanguage\":\"en-GB\",\"@id\":\"https:\/\/pgajandek.hu\/#\/schema\/logo\/image\/\",\"url\":\"https:\/\/i0.wp.com\/161.97.144.84\/wp-content\/uploads\/2022\/03\/274756016_327128172800607_2141884439170975469_n.jpg?fit=1875%2C1875\",\"contentUrl\":\"https:\/\/i0.wp.com\/161.97.144.84\/wp-content\/uploads\/2022\/03\/274756016_327128172800607_2141884439170975469_n.jpg?fit=1875%2C1875\",\"width\":1875,\"height\":1875,\"caption\":\"PG Aj\u00e1nd\u00e9k\"},\"image\":{\"@id\":\"https:\/\/pgajandek.hu\/#\/schema\/logo\/image\/\"},\"sameAs\":[\"https:\/\/www.facebook.com\/pgajandek\"]}]}<\/script>\n<!-- \/ Yoast SEO plugin. -->","yoast_head_json":{"title":"\"A 3 legfontosabb horg\u00e1sz kell\u00e9k\" b\u00f6gre - PG Aj\u00e1nd\u00e9k","description":"Ez a vicces, de st\u00edlusos b\u00f6gre minden horg\u00e1szos reggelhez t\u00f6k\u00e9letes t\u00e1rs, legyen sz\u00f3 reggeli k\u00e1v\u00e9r\u00f3l, te\u00e1r\u00f3l vagy ak\u00e1r egy meleg italr\u00f3l a v\u00edzparton.A b\u00f6gr\u00e9n a minta tart\u00f3s \u00e9s nem kopik \u00edgy mosogat\u00f3 g\u00e9pben is moshat\u00f3.","robots":{"index":"index","follow":"follow","max-snippet":"max-snippet:-1","max-image-preview":"max-image-preview:large","max-video-preview":"max-video-preview:-1"},"canonical":"https:\/\/pgajandek.hu\/en_gb\/product\/a-3-legfontosabb-horgasz-kellek-bogre\/","og_locale":"en_GB","og_type":"article","og_title":"\"A 3 legfontosabb horg\u00e1sz kell\u00e9k\" b\u00f6gre - PG Aj\u00e1nd\u00e9k","og_description":"Ez a vicces, de st\u00edlusos b\u00f6gre minden horg\u00e1szos reggelhez t\u00f6k\u00e9letes t\u00e1rs, legyen sz\u00f3 reggeli k\u00e1v\u00e9r\u00f3l, te\u00e1r\u00f3l vagy ak\u00e1r egy meleg italr\u00f3l a v\u00edzparton.A b\u00f6gr\u00e9n a minta tart\u00f3s \u00e9s nem kopik \u00edgy mosogat\u00f3 g\u00e9pben is moshat\u00f3.","og_url":"https:\/\/pgajandek.hu\/en_gb\/product\/a-3-legfontosabb-horgasz-kellek-bogre\/","og_site_name":"PG Aj\u00e1nd\u00e9k","article_publisher":"https:\/\/www.facebook.com\/pgajandek","article_modified_time":"2025-02-28T22:42:42+00:00","og_image":[{"width":650,"height":580,"url":"https:\/\/pgajandek.hu\/wp-content\/uploads\/2025\/01\/212312-e1739655492634.png","type":"image\/png"}],"twitter_card":"summary_large_image","twitter_misc":{"Estimated reading time":"1 minute"},"schema":{"@context":"https:\/\/schema.org","@graph":[{"@type":"WebPage","@id":"https:\/\/pgajandek.hu\/product\/a-3-legfontosabb-horgasz-kellek-bogre\/","url":"https:\/\/pgajandek.hu\/product\/a-3-legfontosabb-horgasz-kellek-bogre\/","name":"\"A 3 legfontosabb horg\u00e1sz kell\u00e9k\" b\u00f6gre - PG Aj\u00e1nd\u00e9k","isPartOf":{"@id":"https:\/\/pgajandek.hu\/#website"},"primaryImageOfPage":{"@id":"https:\/\/pgajandek.hu\/product\/a-3-legfontosabb-horgasz-kellek-bogre\/#primaryimage"},"image":{"@id":"https:\/\/pgajandek.hu\/product\/a-3-legfontosabb-horgasz-kellek-bogre\/#primaryimage"},"thumbnailUrl":"https:\/\/pgajandek.hu\/wp-content\/uploads\/2025\/01\/212312-e1739655492634.png","datePublished":"2025-01-19T20:08:38+00:00","dateModified":"2025-02-28T22:42:42+00:00","description":"Ez a vicces, de st\u00edlusos b\u00f6gre minden horg\u00e1szos reggelhez t\u00f6k\u00e9letes t\u00e1rs, legyen sz\u00f3 reggeli k\u00e1v\u00e9r\u00f3l, te\u00e1r\u00f3l vagy ak\u00e1r egy meleg italr\u00f3l a v\u00edzparton.A b\u00f6gr\u00e9n a minta tart\u00f3s \u00e9s nem kopik \u00edgy mosogat\u00f3 g\u00e9pben is moshat\u00f3.","breadcrumb":{"@id":"https:\/\/pgajandek.hu\/product\/a-3-legfontosabb-horgasz-kellek-bogre\/#breadcrumb"},"inLanguage":"en-GB","potentialAction":[{"@type":"ReadAction","target":["https:\/\/pgajandek.hu\/product\/a-3-legfontosabb-horgasz-kellek-bogre\/"]}]},{"@type":"ImageObject","inLanguage":"en-GB","@id":"https:\/\/pgajandek.hu\/product\/a-3-legfontosabb-horgasz-kellek-bogre\/#primaryimage","url":"https:\/\/pgajandek.hu\/wp-content\/uploads\/2025\/01\/212312-e1739655492634.png","contentUrl":"https:\/\/pgajandek.hu\/wp-content\/uploads\/2025\/01\/212312-e1739655492634.png","width":650,"height":580},{"@type":"BreadcrumbList","@id":"https:\/\/pgajandek.hu\/product\/a-3-legfontosabb-horgasz-kellek-bogre\/#breadcrumb","itemListElement":[{"@type":"ListItem","position":1,"name":"Kezd\u0151lap","item":"https:\/\/pgajandek.hu\/"},{"@type":"ListItem","position":2,"name":"Bolt","item":"https:\/\/pgajandek.hu\/shop\/"},{"@type":"ListItem","position":3,"name":"&#8222;A 3 legfontosabb horg\u00e1sz kell\u00e9k&#8221; b\u00f6gre"}]},{"@type":"WebSite","@id":"https:\/\/pgajandek.hu\/#website","url":"https:\/\/pgajandek.hu\/","name":"PG Aj\u00e1nd\u00e9k","description":"PG Aj\u00e1nd\u00e9k - Min\u0151s\u00e9gi aj\u00e1nd\u00e9k \u00e9s rekl\u00e1mt\u00e1rgyak","publisher":{"@id":"https:\/\/pgajandek.hu\/#organization"},"potentialAction":[{"@type":"SearchAction","target":{"@type":"EntryPoint","urlTemplate":"https:\/\/pgajandek.hu\/?s={search_term_string}"},"query-input":{"@type":"PropertyValueSpecification","valueRequired":true,"valueName":"search_term_string"}}],"inLanguage":"en-GB"},{"@type":"Organization","@id":"https:\/\/pgajandek.hu\/#organization","name":"PG Aj\u00e1nd\u00e9k","url":"https:\/\/pgajandek.hu\/","logo":{"@type":"ImageObject","inLanguage":"en-GB","@id":"https:\/\/pgajandek.hu\/#\/schema\/logo\/image\/","url":"https:\/\/i0.wp.com\/161.97.144.84\/wp-content\/uploads\/2022\/03\/274756016_327128172800607_2141884439170975469_n.jpg?fit=1875%2C1875","contentUrl":"https:\/\/i0.wp.com\/161.97.144.84\/wp-content\/uploads\/2022\/03\/274756016_327128172800607_2141884439170975469_n.jpg?fit=1875%2C1875","width":1875,"height":1875,"caption":"PG Aj\u00e1nd\u00e9k"},"image":{"@id":"https:\/\/pgajandek.hu\/#\/schema\/logo\/image\/"},"sameAs":["https:\/\/www.facebook.com\/pgajandek"]}]}},"_links":{"self":[{"href":"https:\/\/pgajandek.hu\/en_gb\/wp-json\/wp\/v2\/product\/7276","targetHints":{"allow":["GET"]}}],"collection":[{"href":"https:\/\/pgajandek.hu\/en_gb\/wp-json\/wp\/v2\/product"}],"about":[{"href":"https:\/\/pgajandek.hu\/en_gb\/wp-json\/wp\/v2\/types\/product"}],"replies":[{"embeddable":true,"href":"https:\/\/pgajandek.hu\/en_gb\/wp-json\/wp\/v2\/comments?post=7276"}],"wp:featuredmedia":[{"embeddable":true,"href":"https:\/\/pgajandek.hu\/en_gb\/wp-json\/wp\/v2\/media\/7277"}],"wp:attachment":[{"href":"https:\/\/pgajandek.hu\/en_gb\/wp-json\/wp\/v2\/media?parent=7276"}],"wp:term":[{"taxonomy":"product_brand","embeddable":true,"href":"https:\/\/pgajandek.hu\/en_gb\/wp-json\/wp\/v2\/product_brand?post=7276"},{"taxonomy":"product_cat","embeddable":true,"href":"https:\/\/pgajandek.hu\/en_gb\/wp-json\/wp\/v2\/product_cat?post=7276"},{"taxonomy":"product_tag","embeddable":true,"href":"https:\/\/pgajandek.hu\/en_gb\/wp-json\/wp\/v2\/product_tag?post=7276"}],"curies":[{"name":"wp","href":"https:\/\/api.w.org\/{rel}","templated":true}]}}