{"id":7342,"date":"2025-01-20T20:00:08","date_gmt":"2025-01-20T20:00:08","guid":{"rendered":"https:\/\/pgajandek.hu\/?post_type=product&#038;p=7342"},"modified":"2025-02-28T22:27:18","modified_gmt":"2025-02-28T22:27:18","slug":"koszonom-hogy-te-vagy-az-anyukam-mandala-allatos-kulcstarto","status":"publish","type":"product","link":"https:\/\/pgajandek.hu\/en_gb\/product\/koszonom-hogy-te-vagy-az-anyukam-mandala-allatos-kulcstarto\/","title":{"rendered":"&#8222;K\u00f6sz\u00f6n\u00f6m, hogy Te vagy az Anyuk\u00e1m!&#8221; mandala \u00e1llatos kulcstart\u00f3"},"content":{"rendered":"<p>Mutasd meg \u00e9desany\u00e1dnak, hogy mennyire h\u00e1l\u00e1s vagy \u00e9rte! Lepd meg ezzel a sz\u00e9p mandala \u00e1llatos kulcstart\u00f3val.<\/p>","protected":false},"excerpt":{"rendered":"<p>Mutasd meg \u00e9desany\u00e1dnak, hogy mennyire h\u00e1l\u00e1s vagy \u00e9rte! Lepd meg ezzel a sz\u00e9p mandala \u00e1llatos kulcstart\u00f3val.<\/p>","protected":false},"featured_media":8000,"comment_status":"open","ping_status":"closed","template":"","meta":[],"product_brand":[],"product_cat":[158,83],"product_tag":[],"class_list":{"0":"post-7342","1":"product","2":"type-product","3":"status-publish","4":"has-post-thumbnail","6":"product_cat-ajandek-kulcstartok","7":"product_cat-ajandek-otlet-noknek","9":"first","10":"instock","11":"shipping-taxable","12":"purchasable","13":"product-type-simple"},"yoast_head":"<!-- This site is optimized with the Yoast SEO plugin v24.3 - https:\/\/yoast.com\/wordpress\/plugins\/seo\/ -->\n<title>&quot;K\u00f6sz\u00f6n\u00f6m, hogy Te vagy az Anyuk\u00e1m!&quot; mandala \u00e1llatos kulcstart\u00f3 - PG Aj\u00e1nd\u00e9k<\/title>\n<meta name=\"description\" content=\"Mutasd meg \u00e9desany\u00e1dnak, hogy mennyire h\u00e1l\u00e1s vagy \u00e9rte! Lepd meg ezzel a sz\u00e9p mandala \u00e1llatos kulcstart\u00f3val.\" \/>\n<meta name=\"robots\" content=\"index, follow, max-snippet:-1, max-image-preview:large, max-video-preview:-1\" \/>\n<link rel=\"canonical\" href=\"https:\/\/pgajandek.hu\/en_gb\/product\/koszonom-hogy-te-vagy-az-anyukam-mandala-allatos-kulcstarto\/\" \/>\n<meta property=\"og:locale\" content=\"en_GB\" \/>\n<meta property=\"og:type\" content=\"article\" \/>\n<meta property=\"og:title\" content=\"&quot;K\u00f6sz\u00f6n\u00f6m, hogy Te vagy az Anyuk\u00e1m!&quot; mandala \u00e1llatos kulcstart\u00f3 - PG Aj\u00e1nd\u00e9k\" \/>\n<meta property=\"og:description\" content=\"Mutasd meg \u00e9desany\u00e1dnak, hogy mennyire h\u00e1l\u00e1s vagy \u00e9rte! Lepd meg ezzel a sz\u00e9p mandala \u00e1llatos kulcstart\u00f3val.\" \/>\n<meta property=\"og:url\" content=\"https:\/\/pgajandek.hu\/en_gb\/product\/koszonom-hogy-te-vagy-az-anyukam-mandala-allatos-kulcstarto\/\" \/>\n<meta property=\"og:site_name\" content=\"PG Aj\u00e1nd\u00e9k\" \/>\n<meta property=\"article:publisher\" content=\"https:\/\/www.facebook.com\/pgajandek\" \/>\n<meta property=\"article:modified_time\" content=\"2025-02-28T22:27:18+00:00\" \/>\n<meta property=\"og:image\" content=\"https:\/\/pgajandek.hu\/wp-content\/uploads\/2025\/01\/62.webp\" \/>\n\t<meta property=\"og:image:width\" content=\"520\" \/>\n\t<meta property=\"og:image:height\" content=\"520\" \/>\n\t<meta property=\"og:image:type\" content=\"image\/webp\" \/>\n<meta name=\"twitter:card\" content=\"summary_large_image\" \/>\n<meta name=\"twitter:label1\" content=\"Estimated reading time\" \/>\n\t<meta name=\"twitter:data1\" content=\"1 minute\" \/>\n<script type=\"application\/ld+json\" class=\"yoast-schema-graph\">{\"@context\":\"https:\/\/schema.org\",\"@graph\":[{\"@type\":\"WebPage\",\"@id\":\"https:\/\/pgajandek.hu\/product\/koszonom-hogy-te-vagy-az-anyukam-mandala-allatos-kulcstarto\/\",\"url\":\"https:\/\/pgajandek.hu\/product\/koszonom-hogy-te-vagy-az-anyukam-mandala-allatos-kulcstarto\/\",\"name\":\"\\\"K\u00f6sz\u00f6n\u00f6m, hogy Te vagy az Anyuk\u00e1m!\\\" mandala \u00e1llatos kulcstart\u00f3 - PG Aj\u00e1nd\u00e9k\",\"isPartOf\":{\"@id\":\"https:\/\/pgajandek.hu\/#website\"},\"primaryImageOfPage\":{\"@id\":\"https:\/\/pgajandek.hu\/product\/koszonom-hogy-te-vagy-az-anyukam-mandala-allatos-kulcstarto\/#primaryimage\"},\"image\":{\"@id\":\"https:\/\/pgajandek.hu\/product\/koszonom-hogy-te-vagy-az-anyukam-mandala-allatos-kulcstarto\/#primaryimage\"},\"thumbnailUrl\":\"https:\/\/pgajandek.hu\/wp-content\/uploads\/2025\/01\/62.webp\",\"datePublished\":\"2025-01-20T20:00:08+00:00\",\"dateModified\":\"2025-02-28T22:27:18+00:00\",\"description\":\"Mutasd meg \u00e9desany\u00e1dnak, hogy mennyire h\u00e1l\u00e1s vagy \u00e9rte! Lepd meg ezzel a sz\u00e9p mandala \u00e1llatos kulcstart\u00f3val.\",\"breadcrumb\":{\"@id\":\"https:\/\/pgajandek.hu\/product\/koszonom-hogy-te-vagy-az-anyukam-mandala-allatos-kulcstarto\/#breadcrumb\"},\"inLanguage\":\"en-GB\",\"potentialAction\":[{\"@type\":\"ReadAction\",\"target\":[\"https:\/\/pgajandek.hu\/product\/koszonom-hogy-te-vagy-az-anyukam-mandala-allatos-kulcstarto\/\"]}]},{\"@type\":\"ImageObject\",\"inLanguage\":\"en-GB\",\"@id\":\"https:\/\/pgajandek.hu\/product\/koszonom-hogy-te-vagy-az-anyukam-mandala-allatos-kulcstarto\/#primaryimage\",\"url\":\"https:\/\/pgajandek.hu\/wp-content\/uploads\/2025\/01\/62.webp\",\"contentUrl\":\"https:\/\/pgajandek.hu\/wp-content\/uploads\/2025\/01\/62.webp\",\"width\":520,\"height\":520},{\"@type\":\"BreadcrumbList\",\"@id\":\"https:\/\/pgajandek.hu\/product\/koszonom-hogy-te-vagy-az-anyukam-mandala-allatos-kulcstarto\/#breadcrumb\",\"itemListElement\":[{\"@type\":\"ListItem\",\"position\":1,\"name\":\"Kezd\u0151lap\",\"item\":\"https:\/\/pgajandek.hu\/\"},{\"@type\":\"ListItem\",\"position\":2,\"name\":\"Bolt\",\"item\":\"https:\/\/pgajandek.hu\/shop\/\"},{\"@type\":\"ListItem\",\"position\":3,\"name\":\"&#8222;K\u00f6sz\u00f6n\u00f6m, hogy Te vagy az Anyuk\u00e1m!&#8221; mandala \u00e1llatos kulcstart\u00f3\"}]},{\"@type\":\"WebSite\",\"@id\":\"https:\/\/pgajandek.hu\/#website\",\"url\":\"https:\/\/pgajandek.hu\/\",\"name\":\"PG Aj\u00e1nd\u00e9k\",\"description\":\"PG Aj\u00e1nd\u00e9k - Min\u0151s\u00e9gi aj\u00e1nd\u00e9k \u00e9s rekl\u00e1mt\u00e1rgyak\",\"publisher\":{\"@id\":\"https:\/\/pgajandek.hu\/#organization\"},\"potentialAction\":[{\"@type\":\"SearchAction\",\"target\":{\"@type\":\"EntryPoint\",\"urlTemplate\":\"https:\/\/pgajandek.hu\/?s={search_term_string}\"},\"query-input\":{\"@type\":\"PropertyValueSpecification\",\"valueRequired\":true,\"valueName\":\"search_term_string\"}}],\"inLanguage\":\"en-GB\"},{\"@type\":\"Organization\",\"@id\":\"https:\/\/pgajandek.hu\/#organization\",\"name\":\"PG Aj\u00e1nd\u00e9k\",\"url\":\"https:\/\/pgajandek.hu\/\",\"logo\":{\"@type\":\"ImageObject\",\"inLanguage\":\"en-GB\",\"@id\":\"https:\/\/pgajandek.hu\/#\/schema\/logo\/image\/\",\"url\":\"https:\/\/i0.wp.com\/161.97.144.84\/wp-content\/uploads\/2022\/03\/274756016_327128172800607_2141884439170975469_n.jpg?fit=1875%2C1875\",\"contentUrl\":\"https:\/\/i0.wp.com\/161.97.144.84\/wp-content\/uploads\/2022\/03\/274756016_327128172800607_2141884439170975469_n.jpg?fit=1875%2C1875\",\"width\":1875,\"height\":1875,\"caption\":\"PG Aj\u00e1nd\u00e9k\"},\"image\":{\"@id\":\"https:\/\/pgajandek.hu\/#\/schema\/logo\/image\/\"},\"sameAs\":[\"https:\/\/www.facebook.com\/pgajandek\"]}]}<\/script>\n<!-- \/ Yoast SEO plugin. -->","yoast_head_json":{"title":"\"K\u00f6sz\u00f6n\u00f6m, hogy Te vagy az Anyuk\u00e1m!\" mandala \u00e1llatos kulcstart\u00f3 - PG Aj\u00e1nd\u00e9k","description":"Mutasd meg \u00e9desany\u00e1dnak, hogy mennyire h\u00e1l\u00e1s vagy \u00e9rte! Lepd meg ezzel a sz\u00e9p mandala \u00e1llatos kulcstart\u00f3val.","robots":{"index":"index","follow":"follow","max-snippet":"max-snippet:-1","max-image-preview":"max-image-preview:large","max-video-preview":"max-video-preview:-1"},"canonical":"https:\/\/pgajandek.hu\/en_gb\/product\/koszonom-hogy-te-vagy-az-anyukam-mandala-allatos-kulcstarto\/","og_locale":"en_GB","og_type":"article","og_title":"\"K\u00f6sz\u00f6n\u00f6m, hogy Te vagy az Anyuk\u00e1m!\" mandala \u00e1llatos kulcstart\u00f3 - PG Aj\u00e1nd\u00e9k","og_description":"Mutasd meg \u00e9desany\u00e1dnak, hogy mennyire h\u00e1l\u00e1s vagy \u00e9rte! Lepd meg ezzel a sz\u00e9p mandala \u00e1llatos kulcstart\u00f3val.","og_url":"https:\/\/pgajandek.hu\/en_gb\/product\/koszonom-hogy-te-vagy-az-anyukam-mandala-allatos-kulcstarto\/","og_site_name":"PG Aj\u00e1nd\u00e9k","article_publisher":"https:\/\/www.facebook.com\/pgajandek","article_modified_time":"2025-02-28T22:27:18+00:00","og_image":[{"width":520,"height":520,"url":"https:\/\/pgajandek.hu\/wp-content\/uploads\/2025\/01\/62.webp","type":"image\/webp"}],"twitter_card":"summary_large_image","twitter_misc":{"Estimated reading time":"1 minute"},"schema":{"@context":"https:\/\/schema.org","@graph":[{"@type":"WebPage","@id":"https:\/\/pgajandek.hu\/product\/koszonom-hogy-te-vagy-az-anyukam-mandala-allatos-kulcstarto\/","url":"https:\/\/pgajandek.hu\/product\/koszonom-hogy-te-vagy-az-anyukam-mandala-allatos-kulcstarto\/","name":"\"K\u00f6sz\u00f6n\u00f6m, hogy Te vagy az Anyuk\u00e1m!\" mandala \u00e1llatos kulcstart\u00f3 - PG Aj\u00e1nd\u00e9k","isPartOf":{"@id":"https:\/\/pgajandek.hu\/#website"},"primaryImageOfPage":{"@id":"https:\/\/pgajandek.hu\/product\/koszonom-hogy-te-vagy-az-anyukam-mandala-allatos-kulcstarto\/#primaryimage"},"image":{"@id":"https:\/\/pgajandek.hu\/product\/koszonom-hogy-te-vagy-az-anyukam-mandala-allatos-kulcstarto\/#primaryimage"},"thumbnailUrl":"https:\/\/pgajandek.hu\/wp-content\/uploads\/2025\/01\/62.webp","datePublished":"2025-01-20T20:00:08+00:00","dateModified":"2025-02-28T22:27:18+00:00","description":"Mutasd meg \u00e9desany\u00e1dnak, hogy mennyire h\u00e1l\u00e1s vagy \u00e9rte! Lepd meg ezzel a sz\u00e9p mandala \u00e1llatos kulcstart\u00f3val.","breadcrumb":{"@id":"https:\/\/pgajandek.hu\/product\/koszonom-hogy-te-vagy-az-anyukam-mandala-allatos-kulcstarto\/#breadcrumb"},"inLanguage":"en-GB","potentialAction":[{"@type":"ReadAction","target":["https:\/\/pgajandek.hu\/product\/koszonom-hogy-te-vagy-az-anyukam-mandala-allatos-kulcstarto\/"]}]},{"@type":"ImageObject","inLanguage":"en-GB","@id":"https:\/\/pgajandek.hu\/product\/koszonom-hogy-te-vagy-az-anyukam-mandala-allatos-kulcstarto\/#primaryimage","url":"https:\/\/pgajandek.hu\/wp-content\/uploads\/2025\/01\/62.webp","contentUrl":"https:\/\/pgajandek.hu\/wp-content\/uploads\/2025\/01\/62.webp","width":520,"height":520},{"@type":"BreadcrumbList","@id":"https:\/\/pgajandek.hu\/product\/koszonom-hogy-te-vagy-az-anyukam-mandala-allatos-kulcstarto\/#breadcrumb","itemListElement":[{"@type":"ListItem","position":1,"name":"Kezd\u0151lap","item":"https:\/\/pgajandek.hu\/"},{"@type":"ListItem","position":2,"name":"Bolt","item":"https:\/\/pgajandek.hu\/shop\/"},{"@type":"ListItem","position":3,"name":"&#8222;K\u00f6sz\u00f6n\u00f6m, hogy Te vagy az Anyuk\u00e1m!&#8221; mandala \u00e1llatos kulcstart\u00f3"}]},{"@type":"WebSite","@id":"https:\/\/pgajandek.hu\/#website","url":"https:\/\/pgajandek.hu\/","name":"PG Aj\u00e1nd\u00e9k","description":"PG Aj\u00e1nd\u00e9k - Min\u0151s\u00e9gi aj\u00e1nd\u00e9k \u00e9s rekl\u00e1mt\u00e1rgyak","publisher":{"@id":"https:\/\/pgajandek.hu\/#organization"},"potentialAction":[{"@type":"SearchAction","target":{"@type":"EntryPoint","urlTemplate":"https:\/\/pgajandek.hu\/?s={search_term_string}"},"query-input":{"@type":"PropertyValueSpecification","valueRequired":true,"valueName":"search_term_string"}}],"inLanguage":"en-GB"},{"@type":"Organization","@id":"https:\/\/pgajandek.hu\/#organization","name":"PG Aj\u00e1nd\u00e9k","url":"https:\/\/pgajandek.hu\/","logo":{"@type":"ImageObject","inLanguage":"en-GB","@id":"https:\/\/pgajandek.hu\/#\/schema\/logo\/image\/","url":"https:\/\/i0.wp.com\/161.97.144.84\/wp-content\/uploads\/2022\/03\/274756016_327128172800607_2141884439170975469_n.jpg?fit=1875%2C1875","contentUrl":"https:\/\/i0.wp.com\/161.97.144.84\/wp-content\/uploads\/2022\/03\/274756016_327128172800607_2141884439170975469_n.jpg?fit=1875%2C1875","width":1875,"height":1875,"caption":"PG Aj\u00e1nd\u00e9k"},"image":{"@id":"https:\/\/pgajandek.hu\/#\/schema\/logo\/image\/"},"sameAs":["https:\/\/www.facebook.com\/pgajandek"]}]}},"_links":{"self":[{"href":"https:\/\/pgajandek.hu\/en_gb\/wp-json\/wp\/v2\/product\/7342","targetHints":{"allow":["GET"]}}],"collection":[{"href":"https:\/\/pgajandek.hu\/en_gb\/wp-json\/wp\/v2\/product"}],"about":[{"href":"https:\/\/pgajandek.hu\/en_gb\/wp-json\/wp\/v2\/types\/product"}],"replies":[{"embeddable":true,"href":"https:\/\/pgajandek.hu\/en_gb\/wp-json\/wp\/v2\/comments?post=7342"}],"wp:featuredmedia":[{"embeddable":true,"href":"https:\/\/pgajandek.hu\/en_gb\/wp-json\/wp\/v2\/media\/8000"}],"wp:attachment":[{"href":"https:\/\/pgajandek.hu\/en_gb\/wp-json\/wp\/v2\/media?parent=7342"}],"wp:term":[{"taxonomy":"product_brand","embeddable":true,"href":"https:\/\/pgajandek.hu\/en_gb\/wp-json\/wp\/v2\/product_brand?post=7342"},{"taxonomy":"product_cat","embeddable":true,"href":"https:\/\/pgajandek.hu\/en_gb\/wp-json\/wp\/v2\/product_cat?post=7342"},{"taxonomy":"product_tag","embeddable":true,"href":"https:\/\/pgajandek.hu\/en_gb\/wp-json\/wp\/v2\/product_tag?post=7342"}],"curies":[{"name":"wp","href":"https:\/\/api.w.org\/{rel}","templated":true}]}}