{"id":7354,"date":"2025-01-20T20:40:54","date_gmt":"2025-01-20T20:40:54","guid":{"rendered":"https:\/\/pgajandek.hu\/?post_type=product&#038;p=7354"},"modified":"2025-02-28T22:18:24","modified_gmt":"2025-02-28T22:18:24","slug":"apukam-a-legjobb-horgasz-gravirozott-fa-kulcstarto","status":"publish","type":"product","link":"https:\/\/pgajandek.hu\/en_gb\/product\/apukam-a-legjobb-horgasz-gravirozott-fa-kulcstarto\/","title":{"rendered":"&#8222;Apuk\u00e1m a legjobb horg\u00e1sz&#8221; grav\u00edrozott fa kulcstart\u00f3"},"content":{"rendered":"<p>Ha \u00e9desap\u00e1d egy v\u00e9rbeli horg\u00e1sz \u00e9s szeretn\u00e9d meglepni egy apr\u00f3s\u00e1ggal, akkor ezt a kulcstart\u00f3t neked tal\u00e1ltuk ki.<\/p>\n<p>A grav\u00edrozott aj\u00e1nd\u00e9kokat a f\u00e9rfiak mindig szeretik. Az pedig, hogy t\u0151led kapja majd, m\u00e9g k\u00fcl\u00f6nlegesebb\u00e9 teszi.<\/p>","protected":false},"excerpt":{"rendered":"<p>Ha \u00e9desap\u00e1d egy v\u00e9rbeli horg\u00e1sz \u00e9s szeretn\u00e9d meglepni egy apr\u00f3s\u00e1ggal, akkor ezt a kulcstart\u00f3t neked tal\u00e1ltuk ki.A grav\u00edrozott aj\u00e1nd\u00e9kokat a f\u00e9rfiak mindig szeretik. Az pedig, hogy t\u0151led kapja majd, m\u00e9g k\u00fcl\u00f6nlegesebb\u00e9 teszi.<\/p>","protected":false},"featured_media":7355,"comment_status":"open","ping_status":"closed","template":"","meta":[],"product_brand":[],"product_cat":[165,108],"product_tag":[],"class_list":{"0":"post-7354","1":"product","2":"type-product","3":"status-publish","4":"has-post-thumbnail","6":"product_cat-horgaszos-ajandekok","7":"product_cat-ajandek-otlet-ferfiaknak","9":"first","10":"instock","11":"shipping-taxable","12":"purchasable","13":"product-type-simple"},"yoast_head":"<!-- This site is optimized with the Yoast SEO plugin v24.3 - https:\/\/yoast.com\/wordpress\/plugins\/seo\/ -->\n<title>&quot;Apuk\u00e1m a legjobb horg\u00e1sz&quot; grav\u00edrozott fa kulcstart\u00f3 - PG Aj\u00e1nd\u00e9k<\/title>\n<meta name=\"description\" content=\"Ha \u00e9desap\u00e1d egy v\u00e9rbeli horg\u00e1sz \u00e9s szeretn\u00e9d meglepni egy apr\u00f3s\u00e1ggal, akkor ezt a kulcstart\u00f3t neked tal\u00e1ltuk ki.A grav\u00edrozott aj\u00e1nd\u00e9kokat a f\u00e9rfiak mindig szeretik. Az pedig, hogy t\u0151led kapja majd, m\u00e9g k\u00fcl\u00f6nlegesebb\u00e9 teszi.\" \/>\n<meta name=\"robots\" content=\"index, follow, max-snippet:-1, max-image-preview:large, max-video-preview:-1\" \/>\n<link rel=\"canonical\" href=\"https:\/\/pgajandek.hu\/en_gb\/product\/apukam-a-legjobb-horgasz-gravirozott-fa-kulcstarto\/\" \/>\n<meta property=\"og:locale\" content=\"en_GB\" \/>\n<meta property=\"og:type\" content=\"article\" \/>\n<meta property=\"og:title\" content=\"&quot;Apuk\u00e1m a legjobb horg\u00e1sz&quot; grav\u00edrozott fa kulcstart\u00f3 - PG Aj\u00e1nd\u00e9k\" \/>\n<meta property=\"og:description\" content=\"Ha \u00e9desap\u00e1d egy v\u00e9rbeli horg\u00e1sz \u00e9s szeretn\u00e9d meglepni egy apr\u00f3s\u00e1ggal, akkor ezt a kulcstart\u00f3t neked tal\u00e1ltuk ki.A grav\u00edrozott aj\u00e1nd\u00e9kokat a f\u00e9rfiak mindig szeretik. Az pedig, hogy t\u0151led kapja majd, m\u00e9g k\u00fcl\u00f6nlegesebb\u00e9 teszi.\" \/>\n<meta property=\"og:url\" content=\"https:\/\/pgajandek.hu\/en_gb\/product\/apukam-a-legjobb-horgasz-gravirozott-fa-kulcstarto\/\" \/>\n<meta property=\"og:site_name\" content=\"PG Aj\u00e1nd\u00e9k\" \/>\n<meta property=\"article:publisher\" content=\"https:\/\/www.facebook.com\/pgajandek\" \/>\n<meta property=\"article:modified_time\" content=\"2025-02-28T22:18:24+00:00\" \/>\n<meta property=\"og:image\" content=\"https:\/\/pgajandek.hu\/wp-content\/uploads\/2025\/01\/IMG_5588-scaled-e1739655215664.jpeg\" \/>\n\t<meta property=\"og:image:width\" content=\"630\" \/>\n\t<meta property=\"og:image:height\" content=\"473\" \/>\n\t<meta property=\"og:image:type\" content=\"image\/jpeg\" \/>\n<meta name=\"twitter:card\" content=\"summary_large_image\" \/>\n<meta name=\"twitter:label1\" content=\"Estimated reading time\" \/>\n\t<meta name=\"twitter:data1\" content=\"1 minute\" \/>\n<script type=\"application\/ld+json\" class=\"yoast-schema-graph\">{\"@context\":\"https:\/\/schema.org\",\"@graph\":[{\"@type\":\"WebPage\",\"@id\":\"https:\/\/pgajandek.hu\/product\/apukam-a-legjobb-horgasz-gravirozott-fa-kulcstarto\/\",\"url\":\"https:\/\/pgajandek.hu\/product\/apukam-a-legjobb-horgasz-gravirozott-fa-kulcstarto\/\",\"name\":\"\\\"Apuk\u00e1m a legjobb horg\u00e1sz\\\" grav\u00edrozott fa kulcstart\u00f3 - PG Aj\u00e1nd\u00e9k\",\"isPartOf\":{\"@id\":\"https:\/\/pgajandek.hu\/#website\"},\"primaryImageOfPage\":{\"@id\":\"https:\/\/pgajandek.hu\/product\/apukam-a-legjobb-horgasz-gravirozott-fa-kulcstarto\/#primaryimage\"},\"image\":{\"@id\":\"https:\/\/pgajandek.hu\/product\/apukam-a-legjobb-horgasz-gravirozott-fa-kulcstarto\/#primaryimage\"},\"thumbnailUrl\":\"https:\/\/pgajandek.hu\/wp-content\/uploads\/2025\/01\/IMG_5588-scaled-e1739655215664.jpeg\",\"datePublished\":\"2025-01-20T20:40:54+00:00\",\"dateModified\":\"2025-02-28T22:18:24+00:00\",\"description\":\"Ha \u00e9desap\u00e1d egy v\u00e9rbeli horg\u00e1sz \u00e9s szeretn\u00e9d meglepni egy apr\u00f3s\u00e1ggal, akkor ezt a kulcstart\u00f3t neked tal\u00e1ltuk ki.A grav\u00edrozott aj\u00e1nd\u00e9kokat a f\u00e9rfiak mindig szeretik. Az pedig, hogy t\u0151led kapja majd, m\u00e9g k\u00fcl\u00f6nlegesebb\u00e9 teszi.\",\"breadcrumb\":{\"@id\":\"https:\/\/pgajandek.hu\/product\/apukam-a-legjobb-horgasz-gravirozott-fa-kulcstarto\/#breadcrumb\"},\"inLanguage\":\"en-GB\",\"potentialAction\":[{\"@type\":\"ReadAction\",\"target\":[\"https:\/\/pgajandek.hu\/product\/apukam-a-legjobb-horgasz-gravirozott-fa-kulcstarto\/\"]}]},{\"@type\":\"ImageObject\",\"inLanguage\":\"en-GB\",\"@id\":\"https:\/\/pgajandek.hu\/product\/apukam-a-legjobb-horgasz-gravirozott-fa-kulcstarto\/#primaryimage\",\"url\":\"https:\/\/pgajandek.hu\/wp-content\/uploads\/2025\/01\/IMG_5588-scaled-e1739655215664.jpeg\",\"contentUrl\":\"https:\/\/pgajandek.hu\/wp-content\/uploads\/2025\/01\/IMG_5588-scaled-e1739655215664.jpeg\",\"width\":630,\"height\":473},{\"@type\":\"BreadcrumbList\",\"@id\":\"https:\/\/pgajandek.hu\/product\/apukam-a-legjobb-horgasz-gravirozott-fa-kulcstarto\/#breadcrumb\",\"itemListElement\":[{\"@type\":\"ListItem\",\"position\":1,\"name\":\"Kezd\u0151lap\",\"item\":\"https:\/\/pgajandek.hu\/\"},{\"@type\":\"ListItem\",\"position\":2,\"name\":\"Bolt\",\"item\":\"https:\/\/pgajandek.hu\/shop\/\"},{\"@type\":\"ListItem\",\"position\":3,\"name\":\"&#8222;Apuk\u00e1m a legjobb horg\u00e1sz&#8221; grav\u00edrozott fa kulcstart\u00f3\"}]},{\"@type\":\"WebSite\",\"@id\":\"https:\/\/pgajandek.hu\/#website\",\"url\":\"https:\/\/pgajandek.hu\/\",\"name\":\"PG Aj\u00e1nd\u00e9k\",\"description\":\"PG Aj\u00e1nd\u00e9k - Min\u0151s\u00e9gi aj\u00e1nd\u00e9k \u00e9s rekl\u00e1mt\u00e1rgyak\",\"publisher\":{\"@id\":\"https:\/\/pgajandek.hu\/#organization\"},\"potentialAction\":[{\"@type\":\"SearchAction\",\"target\":{\"@type\":\"EntryPoint\",\"urlTemplate\":\"https:\/\/pgajandek.hu\/?s={search_term_string}\"},\"query-input\":{\"@type\":\"PropertyValueSpecification\",\"valueRequired\":true,\"valueName\":\"search_term_string\"}}],\"inLanguage\":\"en-GB\"},{\"@type\":\"Organization\",\"@id\":\"https:\/\/pgajandek.hu\/#organization\",\"name\":\"PG Aj\u00e1nd\u00e9k\",\"url\":\"https:\/\/pgajandek.hu\/\",\"logo\":{\"@type\":\"ImageObject\",\"inLanguage\":\"en-GB\",\"@id\":\"https:\/\/pgajandek.hu\/#\/schema\/logo\/image\/\",\"url\":\"https:\/\/i0.wp.com\/161.97.144.84\/wp-content\/uploads\/2022\/03\/274756016_327128172800607_2141884439170975469_n.jpg?fit=1875%2C1875\",\"contentUrl\":\"https:\/\/i0.wp.com\/161.97.144.84\/wp-content\/uploads\/2022\/03\/274756016_327128172800607_2141884439170975469_n.jpg?fit=1875%2C1875\",\"width\":1875,\"height\":1875,\"caption\":\"PG Aj\u00e1nd\u00e9k\"},\"image\":{\"@id\":\"https:\/\/pgajandek.hu\/#\/schema\/logo\/image\/\"},\"sameAs\":[\"https:\/\/www.facebook.com\/pgajandek\"]}]}<\/script>\n<!-- \/ Yoast SEO plugin. -->","yoast_head_json":{"title":"\"Apuk\u00e1m a legjobb horg\u00e1sz\" grav\u00edrozott fa kulcstart\u00f3 - PG Aj\u00e1nd\u00e9k","description":"Ha \u00e9desap\u00e1d egy v\u00e9rbeli horg\u00e1sz \u00e9s szeretn\u00e9d meglepni egy apr\u00f3s\u00e1ggal, akkor ezt a kulcstart\u00f3t neked tal\u00e1ltuk ki.A grav\u00edrozott aj\u00e1nd\u00e9kokat a f\u00e9rfiak mindig szeretik. Az pedig, hogy t\u0151led kapja majd, m\u00e9g k\u00fcl\u00f6nlegesebb\u00e9 teszi.","robots":{"index":"index","follow":"follow","max-snippet":"max-snippet:-1","max-image-preview":"max-image-preview:large","max-video-preview":"max-video-preview:-1"},"canonical":"https:\/\/pgajandek.hu\/en_gb\/product\/apukam-a-legjobb-horgasz-gravirozott-fa-kulcstarto\/","og_locale":"en_GB","og_type":"article","og_title":"\"Apuk\u00e1m a legjobb horg\u00e1sz\" grav\u00edrozott fa kulcstart\u00f3 - PG Aj\u00e1nd\u00e9k","og_description":"Ha \u00e9desap\u00e1d egy v\u00e9rbeli horg\u00e1sz \u00e9s szeretn\u00e9d meglepni egy apr\u00f3s\u00e1ggal, akkor ezt a kulcstart\u00f3t neked tal\u00e1ltuk ki.A grav\u00edrozott aj\u00e1nd\u00e9kokat a f\u00e9rfiak mindig szeretik. Az pedig, hogy t\u0151led kapja majd, m\u00e9g k\u00fcl\u00f6nlegesebb\u00e9 teszi.","og_url":"https:\/\/pgajandek.hu\/en_gb\/product\/apukam-a-legjobb-horgasz-gravirozott-fa-kulcstarto\/","og_site_name":"PG Aj\u00e1nd\u00e9k","article_publisher":"https:\/\/www.facebook.com\/pgajandek","article_modified_time":"2025-02-28T22:18:24+00:00","og_image":[{"width":630,"height":473,"url":"https:\/\/pgajandek.hu\/wp-content\/uploads\/2025\/01\/IMG_5588-scaled-e1739655215664.jpeg","type":"image\/jpeg"}],"twitter_card":"summary_large_image","twitter_misc":{"Estimated reading time":"1 minute"},"schema":{"@context":"https:\/\/schema.org","@graph":[{"@type":"WebPage","@id":"https:\/\/pgajandek.hu\/product\/apukam-a-legjobb-horgasz-gravirozott-fa-kulcstarto\/","url":"https:\/\/pgajandek.hu\/product\/apukam-a-legjobb-horgasz-gravirozott-fa-kulcstarto\/","name":"\"Apuk\u00e1m a legjobb horg\u00e1sz\" grav\u00edrozott fa kulcstart\u00f3 - PG Aj\u00e1nd\u00e9k","isPartOf":{"@id":"https:\/\/pgajandek.hu\/#website"},"primaryImageOfPage":{"@id":"https:\/\/pgajandek.hu\/product\/apukam-a-legjobb-horgasz-gravirozott-fa-kulcstarto\/#primaryimage"},"image":{"@id":"https:\/\/pgajandek.hu\/product\/apukam-a-legjobb-horgasz-gravirozott-fa-kulcstarto\/#primaryimage"},"thumbnailUrl":"https:\/\/pgajandek.hu\/wp-content\/uploads\/2025\/01\/IMG_5588-scaled-e1739655215664.jpeg","datePublished":"2025-01-20T20:40:54+00:00","dateModified":"2025-02-28T22:18:24+00:00","description":"Ha \u00e9desap\u00e1d egy v\u00e9rbeli horg\u00e1sz \u00e9s szeretn\u00e9d meglepni egy apr\u00f3s\u00e1ggal, akkor ezt a kulcstart\u00f3t neked tal\u00e1ltuk ki.A grav\u00edrozott aj\u00e1nd\u00e9kokat a f\u00e9rfiak mindig szeretik. Az pedig, hogy t\u0151led kapja majd, m\u00e9g k\u00fcl\u00f6nlegesebb\u00e9 teszi.","breadcrumb":{"@id":"https:\/\/pgajandek.hu\/product\/apukam-a-legjobb-horgasz-gravirozott-fa-kulcstarto\/#breadcrumb"},"inLanguage":"en-GB","potentialAction":[{"@type":"ReadAction","target":["https:\/\/pgajandek.hu\/product\/apukam-a-legjobb-horgasz-gravirozott-fa-kulcstarto\/"]}]},{"@type":"ImageObject","inLanguage":"en-GB","@id":"https:\/\/pgajandek.hu\/product\/apukam-a-legjobb-horgasz-gravirozott-fa-kulcstarto\/#primaryimage","url":"https:\/\/pgajandek.hu\/wp-content\/uploads\/2025\/01\/IMG_5588-scaled-e1739655215664.jpeg","contentUrl":"https:\/\/pgajandek.hu\/wp-content\/uploads\/2025\/01\/IMG_5588-scaled-e1739655215664.jpeg","width":630,"height":473},{"@type":"BreadcrumbList","@id":"https:\/\/pgajandek.hu\/product\/apukam-a-legjobb-horgasz-gravirozott-fa-kulcstarto\/#breadcrumb","itemListElement":[{"@type":"ListItem","position":1,"name":"Kezd\u0151lap","item":"https:\/\/pgajandek.hu\/"},{"@type":"ListItem","position":2,"name":"Bolt","item":"https:\/\/pgajandek.hu\/shop\/"},{"@type":"ListItem","position":3,"name":"&#8222;Apuk\u00e1m a legjobb horg\u00e1sz&#8221; grav\u00edrozott fa kulcstart\u00f3"}]},{"@type":"WebSite","@id":"https:\/\/pgajandek.hu\/#website","url":"https:\/\/pgajandek.hu\/","name":"PG Aj\u00e1nd\u00e9k","description":"PG Aj\u00e1nd\u00e9k - Min\u0151s\u00e9gi aj\u00e1nd\u00e9k \u00e9s rekl\u00e1mt\u00e1rgyak","publisher":{"@id":"https:\/\/pgajandek.hu\/#organization"},"potentialAction":[{"@type":"SearchAction","target":{"@type":"EntryPoint","urlTemplate":"https:\/\/pgajandek.hu\/?s={search_term_string}"},"query-input":{"@type":"PropertyValueSpecification","valueRequired":true,"valueName":"search_term_string"}}],"inLanguage":"en-GB"},{"@type":"Organization","@id":"https:\/\/pgajandek.hu\/#organization","name":"PG Aj\u00e1nd\u00e9k","url":"https:\/\/pgajandek.hu\/","logo":{"@type":"ImageObject","inLanguage":"en-GB","@id":"https:\/\/pgajandek.hu\/#\/schema\/logo\/image\/","url":"https:\/\/i0.wp.com\/161.97.144.84\/wp-content\/uploads\/2022\/03\/274756016_327128172800607_2141884439170975469_n.jpg?fit=1875%2C1875","contentUrl":"https:\/\/i0.wp.com\/161.97.144.84\/wp-content\/uploads\/2022\/03\/274756016_327128172800607_2141884439170975469_n.jpg?fit=1875%2C1875","width":1875,"height":1875,"caption":"PG Aj\u00e1nd\u00e9k"},"image":{"@id":"https:\/\/pgajandek.hu\/#\/schema\/logo\/image\/"},"sameAs":["https:\/\/www.facebook.com\/pgajandek"]}]}},"_links":{"self":[{"href":"https:\/\/pgajandek.hu\/en_gb\/wp-json\/wp\/v2\/product\/7354","targetHints":{"allow":["GET"]}}],"collection":[{"href":"https:\/\/pgajandek.hu\/en_gb\/wp-json\/wp\/v2\/product"}],"about":[{"href":"https:\/\/pgajandek.hu\/en_gb\/wp-json\/wp\/v2\/types\/product"}],"replies":[{"embeddable":true,"href":"https:\/\/pgajandek.hu\/en_gb\/wp-json\/wp\/v2\/comments?post=7354"}],"wp:featuredmedia":[{"embeddable":true,"href":"https:\/\/pgajandek.hu\/en_gb\/wp-json\/wp\/v2\/media\/7355"}],"wp:attachment":[{"href":"https:\/\/pgajandek.hu\/en_gb\/wp-json\/wp\/v2\/media?parent=7354"}],"wp:term":[{"taxonomy":"product_brand","embeddable":true,"href":"https:\/\/pgajandek.hu\/en_gb\/wp-json\/wp\/v2\/product_brand?post=7354"},{"taxonomy":"product_cat","embeddable":true,"href":"https:\/\/pgajandek.hu\/en_gb\/wp-json\/wp\/v2\/product_cat?post=7354"},{"taxonomy":"product_tag","embeddable":true,"href":"https:\/\/pgajandek.hu\/en_gb\/wp-json\/wp\/v2\/product_tag?post=7354"}],"curies":[{"name":"wp","href":"https:\/\/api.w.org\/{rel}","templated":true}]}}