{"id":7408,"date":"2025-01-21T20:15:29","date_gmt":"2025-01-21T20:15:29","guid":{"rendered":"https:\/\/pgajandek.hu\/?post_type=product&#038;p=7408"},"modified":"2025-02-28T21:18:01","modified_gmt":"2025-02-28T21:18:01","slug":"lenne-egy-fontos-kerdesem-gravirozott-gyurutarto","status":"publish","type":"product","link":"https:\/\/pgajandek.hu\/en_gb\/product\/lenne-egy-fontos-kerdesem-gravirozott-gyurutarto\/","title":{"rendered":"&#8222;Lenne egy fontos k\u00e9rd\u00e9sem&#8230;&#8221; grav\u00edrozott gy\u0171r\u0171tart\u00f3"},"content":{"rendered":"<p><strong data-start=\"0\" data-end=\"34\" data-is-only-node=\"\">&#8222;Lenne egy fontos k\u00e9rd\u00e9sem&#8230;&#8221;<\/strong> \u2013 egy gy\u00f6ny\u00f6r\u0171en grav\u00edrozott gy\u0171r\u0171tart\u00f3, amely t\u00f6k\u00e9letes a nagy pillanat meg\u00f6r\u00f6k\u00edt\u00e9s\u00e9re. St\u00edlusos, eleg\u00e1ns \u00e9s szem\u00e9lyes \u2013 tedd m\u00e9g eml\u00e9kezetesebb\u00e9 a l\u00e1nyk\u00e9r\u00e9st ezzel az egyedi kieg\u00e9sz\u00edt\u0151vel! \ud83d\udc8d\u2728<\/p>","protected":false},"excerpt":{"rendered":"<p>&#8222;Lenne egy fontos k\u00e9rd\u00e9sem&#8230;&#8221; \u2013 egy gy\u00f6ny\u00f6r\u0171en grav\u00edrozott gy\u0171r\u0171tart\u00f3, amely t\u00f6k\u00e9letes a nagy pillanat meg\u00f6r\u00f6k\u00edt\u00e9s\u00e9re. St\u00edlusos, eleg\u00e1ns \u00e9s szem\u00e9lyes \u2013 tedd m\u00e9g eml\u00e9kezetesebb\u00e9 a l\u00e1nyk\u00e9r\u00e9st ezzel az egyedi kieg\u00e9sz\u00edt\u0151vel! \ud83d\udc8d\u2728<\/p>","protected":false},"featured_media":7987,"comment_status":"open","ping_status":"closed","template":"","meta":[],"product_brand":[],"product_cat":[159,161],"product_tag":[],"class_list":{"0":"post-7408","1":"product","2":"type-product","3":"status-publish","4":"has-post-thumbnail","6":"product_cat-eskuvoi-ajandekok","7":"product_cat-szerelmi-ajandekok","9":"first","10":"instock","11":"shipping-taxable","12":"purchasable","13":"product-type-simple"},"yoast_head":"<!-- This site is optimized with the Yoast SEO plugin v24.3 - https:\/\/yoast.com\/wordpress\/plugins\/seo\/ -->\n<title>&quot;Lenne egy fontos k\u00e9rd\u00e9sem...&quot; grav\u00edrozott gy\u0171r\u0171tart\u00f3 - PG Aj\u00e1nd\u00e9k<\/title>\n<meta name=\"description\" content=\"Tedd m\u00e9g k\u00fcl\u00f6nlegesebb\u00e9 a fontos pillanatokat ezzel grav\u00edrozott fa gy\u0171r\u0171tart\u00f3 dobozzal! Legyen sz\u00f3 esk\u00fcv\u0151r\u0151l, \u00e9vfordul\u00f3r\u00f3l vagy egy egyedi aj\u00e1nd\u00e9kr\u00f3l, ez a szem\u00e9lyre szabott doboz t\u00f6k\u00e9letes m\u00f3dja annak, hogy meg\u0151rizz\u00fck a legszebb eml\u00e9keket.T\u00f6bb f\u00e9le sz\u00f6veggel el\u00e9rhet\u0151 illetve lehet k\u00e9rni egyedivel is.\" \/>\n<meta name=\"robots\" content=\"index, follow, max-snippet:-1, max-image-preview:large, max-video-preview:-1\" \/>\n<link rel=\"canonical\" href=\"https:\/\/pgajandek.hu\/en_gb\/product\/lenne-egy-fontos-kerdesem-gravirozott-gyurutarto\/\" \/>\n<meta property=\"og:locale\" content=\"en_GB\" \/>\n<meta property=\"og:type\" content=\"article\" \/>\n<meta property=\"og:title\" content=\"&quot;Lenne egy fontos k\u00e9rd\u00e9sem...&quot; grav\u00edrozott gy\u0171r\u0171tart\u00f3 - PG Aj\u00e1nd\u00e9k\" \/>\n<meta property=\"og:description\" content=\"Tedd m\u00e9g k\u00fcl\u00f6nlegesebb\u00e9 a fontos pillanatokat ezzel grav\u00edrozott fa gy\u0171r\u0171tart\u00f3 dobozzal! Legyen sz\u00f3 esk\u00fcv\u0151r\u0151l, \u00e9vfordul\u00f3r\u00f3l vagy egy egyedi aj\u00e1nd\u00e9kr\u00f3l, ez a szem\u00e9lyre szabott doboz t\u00f6k\u00e9letes m\u00f3dja annak, hogy meg\u0151rizz\u00fck a legszebb eml\u00e9keket.T\u00f6bb f\u00e9le sz\u00f6veggel el\u00e9rhet\u0151 illetve lehet k\u00e9rni egyedivel is.\" \/>\n<meta property=\"og:url\" content=\"https:\/\/pgajandek.hu\/en_gb\/product\/lenne-egy-fontos-kerdesem-gravirozott-gyurutarto\/\" \/>\n<meta property=\"og:site_name\" content=\"PG Aj\u00e1nd\u00e9k\" \/>\n<meta property=\"article:publisher\" content=\"https:\/\/www.facebook.com\/pgajandek\" \/>\n<meta property=\"article:modified_time\" content=\"2025-02-28T21:18:01+00:00\" \/>\n<meta property=\"og:image\" content=\"https:\/\/pgajandek.hu\/wp-content\/uploads\/2025\/01\/55.webp\" \/>\n\t<meta property=\"og:image:width\" content=\"520\" \/>\n\t<meta property=\"og:image:height\" content=\"520\" \/>\n\t<meta property=\"og:image:type\" content=\"image\/webp\" \/>\n<meta name=\"twitter:card\" content=\"summary_large_image\" \/>\n<meta name=\"twitter:label1\" content=\"Estimated reading time\" \/>\n\t<meta name=\"twitter:data1\" content=\"1 minute\" \/>\n<script type=\"application\/ld+json\" class=\"yoast-schema-graph\">{\"@context\":\"https:\/\/schema.org\",\"@graph\":[{\"@type\":\"WebPage\",\"@id\":\"https:\/\/pgajandek.hu\/product\/lenne-egy-fontos-kerdesem-gravirozott-gyurutarto\/\",\"url\":\"https:\/\/pgajandek.hu\/product\/lenne-egy-fontos-kerdesem-gravirozott-gyurutarto\/\",\"name\":\"\\\"Lenne egy fontos k\u00e9rd\u00e9sem...\\\" grav\u00edrozott gy\u0171r\u0171tart\u00f3 - PG Aj\u00e1nd\u00e9k\",\"isPartOf\":{\"@id\":\"https:\/\/pgajandek.hu\/#website\"},\"primaryImageOfPage\":{\"@id\":\"https:\/\/pgajandek.hu\/product\/lenne-egy-fontos-kerdesem-gravirozott-gyurutarto\/#primaryimage\"},\"image\":{\"@id\":\"https:\/\/pgajandek.hu\/product\/lenne-egy-fontos-kerdesem-gravirozott-gyurutarto\/#primaryimage\"},\"thumbnailUrl\":\"https:\/\/pgajandek.hu\/wp-content\/uploads\/2025\/01\/55.webp\",\"datePublished\":\"2025-01-21T20:15:29+00:00\",\"dateModified\":\"2025-02-28T21:18:01+00:00\",\"description\":\"Tedd m\u00e9g k\u00fcl\u00f6nlegesebb\u00e9 a fontos pillanatokat ezzel grav\u00edrozott fa gy\u0171r\u0171tart\u00f3 dobozzal! Legyen sz\u00f3 esk\u00fcv\u0151r\u0151l, \u00e9vfordul\u00f3r\u00f3l vagy egy egyedi aj\u00e1nd\u00e9kr\u00f3l, ez a szem\u00e9lyre szabott doboz t\u00f6k\u00e9letes m\u00f3dja annak, hogy meg\u0151rizz\u00fck a legszebb eml\u00e9keket.T\u00f6bb f\u00e9le sz\u00f6veggel el\u00e9rhet\u0151 illetve lehet k\u00e9rni egyedivel is.\",\"breadcrumb\":{\"@id\":\"https:\/\/pgajandek.hu\/product\/lenne-egy-fontos-kerdesem-gravirozott-gyurutarto\/#breadcrumb\"},\"inLanguage\":\"en-GB\",\"potentialAction\":[{\"@type\":\"ReadAction\",\"target\":[\"https:\/\/pgajandek.hu\/product\/lenne-egy-fontos-kerdesem-gravirozott-gyurutarto\/\"]}]},{\"@type\":\"ImageObject\",\"inLanguage\":\"en-GB\",\"@id\":\"https:\/\/pgajandek.hu\/product\/lenne-egy-fontos-kerdesem-gravirozott-gyurutarto\/#primaryimage\",\"url\":\"https:\/\/pgajandek.hu\/wp-content\/uploads\/2025\/01\/55.webp\",\"contentUrl\":\"https:\/\/pgajandek.hu\/wp-content\/uploads\/2025\/01\/55.webp\",\"width\":520,\"height\":520},{\"@type\":\"BreadcrumbList\",\"@id\":\"https:\/\/pgajandek.hu\/product\/lenne-egy-fontos-kerdesem-gravirozott-gyurutarto\/#breadcrumb\",\"itemListElement\":[{\"@type\":\"ListItem\",\"position\":1,\"name\":\"Kezd\u0151lap\",\"item\":\"https:\/\/pgajandek.hu\/\"},{\"@type\":\"ListItem\",\"position\":2,\"name\":\"Bolt\",\"item\":\"https:\/\/pgajandek.hu\/shop\/\"},{\"@type\":\"ListItem\",\"position\":3,\"name\":\"&#8222;Lenne egy fontos k\u00e9rd\u00e9sem&#8230;&#8221; grav\u00edrozott gy\u0171r\u0171tart\u00f3\"}]},{\"@type\":\"WebSite\",\"@id\":\"https:\/\/pgajandek.hu\/#website\",\"url\":\"https:\/\/pgajandek.hu\/\",\"name\":\"PG Aj\u00e1nd\u00e9k\",\"description\":\"PG Aj\u00e1nd\u00e9k - Min\u0151s\u00e9gi aj\u00e1nd\u00e9k \u00e9s rekl\u00e1mt\u00e1rgyak\",\"publisher\":{\"@id\":\"https:\/\/pgajandek.hu\/#organization\"},\"potentialAction\":[{\"@type\":\"SearchAction\",\"target\":{\"@type\":\"EntryPoint\",\"urlTemplate\":\"https:\/\/pgajandek.hu\/?s={search_term_string}\"},\"query-input\":{\"@type\":\"PropertyValueSpecification\",\"valueRequired\":true,\"valueName\":\"search_term_string\"}}],\"inLanguage\":\"en-GB\"},{\"@type\":\"Organization\",\"@id\":\"https:\/\/pgajandek.hu\/#organization\",\"name\":\"PG Aj\u00e1nd\u00e9k\",\"url\":\"https:\/\/pgajandek.hu\/\",\"logo\":{\"@type\":\"ImageObject\",\"inLanguage\":\"en-GB\",\"@id\":\"https:\/\/pgajandek.hu\/#\/schema\/logo\/image\/\",\"url\":\"https:\/\/i0.wp.com\/161.97.144.84\/wp-content\/uploads\/2022\/03\/274756016_327128172800607_2141884439170975469_n.jpg?fit=1875%2C1875\",\"contentUrl\":\"https:\/\/i0.wp.com\/161.97.144.84\/wp-content\/uploads\/2022\/03\/274756016_327128172800607_2141884439170975469_n.jpg?fit=1875%2C1875\",\"width\":1875,\"height\":1875,\"caption\":\"PG Aj\u00e1nd\u00e9k\"},\"image\":{\"@id\":\"https:\/\/pgajandek.hu\/#\/schema\/logo\/image\/\"},\"sameAs\":[\"https:\/\/www.facebook.com\/pgajandek\"]}]}<\/script>\n<!-- \/ Yoast SEO plugin. -->","yoast_head_json":{"title":"\"Lenne egy fontos k\u00e9rd\u00e9sem...\" grav\u00edrozott gy\u0171r\u0171tart\u00f3 - PG Aj\u00e1nd\u00e9k","description":"Tedd m\u00e9g k\u00fcl\u00f6nlegesebb\u00e9 a fontos pillanatokat ezzel grav\u00edrozott fa gy\u0171r\u0171tart\u00f3 dobozzal! Legyen sz\u00f3 esk\u00fcv\u0151r\u0151l, \u00e9vfordul\u00f3r\u00f3l vagy egy egyedi aj\u00e1nd\u00e9kr\u00f3l, ez a szem\u00e9lyre szabott doboz t\u00f6k\u00e9letes m\u00f3dja annak, hogy meg\u0151rizz\u00fck a legszebb eml\u00e9keket.T\u00f6bb f\u00e9le sz\u00f6veggel el\u00e9rhet\u0151 illetve lehet k\u00e9rni egyedivel is.","robots":{"index":"index","follow":"follow","max-snippet":"max-snippet:-1","max-image-preview":"max-image-preview:large","max-video-preview":"max-video-preview:-1"},"canonical":"https:\/\/pgajandek.hu\/en_gb\/product\/lenne-egy-fontos-kerdesem-gravirozott-gyurutarto\/","og_locale":"en_GB","og_type":"article","og_title":"\"Lenne egy fontos k\u00e9rd\u00e9sem...\" grav\u00edrozott gy\u0171r\u0171tart\u00f3 - PG Aj\u00e1nd\u00e9k","og_description":"Tedd m\u00e9g k\u00fcl\u00f6nlegesebb\u00e9 a fontos pillanatokat ezzel grav\u00edrozott fa gy\u0171r\u0171tart\u00f3 dobozzal! Legyen sz\u00f3 esk\u00fcv\u0151r\u0151l, \u00e9vfordul\u00f3r\u00f3l vagy egy egyedi aj\u00e1nd\u00e9kr\u00f3l, ez a szem\u00e9lyre szabott doboz t\u00f6k\u00e9letes m\u00f3dja annak, hogy meg\u0151rizz\u00fck a legszebb eml\u00e9keket.T\u00f6bb f\u00e9le sz\u00f6veggel el\u00e9rhet\u0151 illetve lehet k\u00e9rni egyedivel is.","og_url":"https:\/\/pgajandek.hu\/en_gb\/product\/lenne-egy-fontos-kerdesem-gravirozott-gyurutarto\/","og_site_name":"PG Aj\u00e1nd\u00e9k","article_publisher":"https:\/\/www.facebook.com\/pgajandek","article_modified_time":"2025-02-28T21:18:01+00:00","og_image":[{"width":520,"height":520,"url":"https:\/\/pgajandek.hu\/wp-content\/uploads\/2025\/01\/55.webp","type":"image\/webp"}],"twitter_card":"summary_large_image","twitter_misc":{"Estimated reading time":"1 minute"},"schema":{"@context":"https:\/\/schema.org","@graph":[{"@type":"WebPage","@id":"https:\/\/pgajandek.hu\/product\/lenne-egy-fontos-kerdesem-gravirozott-gyurutarto\/","url":"https:\/\/pgajandek.hu\/product\/lenne-egy-fontos-kerdesem-gravirozott-gyurutarto\/","name":"\"Lenne egy fontos k\u00e9rd\u00e9sem...\" grav\u00edrozott gy\u0171r\u0171tart\u00f3 - PG Aj\u00e1nd\u00e9k","isPartOf":{"@id":"https:\/\/pgajandek.hu\/#website"},"primaryImageOfPage":{"@id":"https:\/\/pgajandek.hu\/product\/lenne-egy-fontos-kerdesem-gravirozott-gyurutarto\/#primaryimage"},"image":{"@id":"https:\/\/pgajandek.hu\/product\/lenne-egy-fontos-kerdesem-gravirozott-gyurutarto\/#primaryimage"},"thumbnailUrl":"https:\/\/pgajandek.hu\/wp-content\/uploads\/2025\/01\/55.webp","datePublished":"2025-01-21T20:15:29+00:00","dateModified":"2025-02-28T21:18:01+00:00","description":"Tedd m\u00e9g k\u00fcl\u00f6nlegesebb\u00e9 a fontos pillanatokat ezzel grav\u00edrozott fa gy\u0171r\u0171tart\u00f3 dobozzal! Legyen sz\u00f3 esk\u00fcv\u0151r\u0151l, \u00e9vfordul\u00f3r\u00f3l vagy egy egyedi aj\u00e1nd\u00e9kr\u00f3l, ez a szem\u00e9lyre szabott doboz t\u00f6k\u00e9letes m\u00f3dja annak, hogy meg\u0151rizz\u00fck a legszebb eml\u00e9keket.T\u00f6bb f\u00e9le sz\u00f6veggel el\u00e9rhet\u0151 illetve lehet k\u00e9rni egyedivel is.","breadcrumb":{"@id":"https:\/\/pgajandek.hu\/product\/lenne-egy-fontos-kerdesem-gravirozott-gyurutarto\/#breadcrumb"},"inLanguage":"en-GB","potentialAction":[{"@type":"ReadAction","target":["https:\/\/pgajandek.hu\/product\/lenne-egy-fontos-kerdesem-gravirozott-gyurutarto\/"]}]},{"@type":"ImageObject","inLanguage":"en-GB","@id":"https:\/\/pgajandek.hu\/product\/lenne-egy-fontos-kerdesem-gravirozott-gyurutarto\/#primaryimage","url":"https:\/\/pgajandek.hu\/wp-content\/uploads\/2025\/01\/55.webp","contentUrl":"https:\/\/pgajandek.hu\/wp-content\/uploads\/2025\/01\/55.webp","width":520,"height":520},{"@type":"BreadcrumbList","@id":"https:\/\/pgajandek.hu\/product\/lenne-egy-fontos-kerdesem-gravirozott-gyurutarto\/#breadcrumb","itemListElement":[{"@type":"ListItem","position":1,"name":"Kezd\u0151lap","item":"https:\/\/pgajandek.hu\/"},{"@type":"ListItem","position":2,"name":"Bolt","item":"https:\/\/pgajandek.hu\/shop\/"},{"@type":"ListItem","position":3,"name":"&#8222;Lenne egy fontos k\u00e9rd\u00e9sem&#8230;&#8221; grav\u00edrozott gy\u0171r\u0171tart\u00f3"}]},{"@type":"WebSite","@id":"https:\/\/pgajandek.hu\/#website","url":"https:\/\/pgajandek.hu\/","name":"PG Aj\u00e1nd\u00e9k","description":"PG Aj\u00e1nd\u00e9k - Min\u0151s\u00e9gi aj\u00e1nd\u00e9k \u00e9s rekl\u00e1mt\u00e1rgyak","publisher":{"@id":"https:\/\/pgajandek.hu\/#organization"},"potentialAction":[{"@type":"SearchAction","target":{"@type":"EntryPoint","urlTemplate":"https:\/\/pgajandek.hu\/?s={search_term_string}"},"query-input":{"@type":"PropertyValueSpecification","valueRequired":true,"valueName":"search_term_string"}}],"inLanguage":"en-GB"},{"@type":"Organization","@id":"https:\/\/pgajandek.hu\/#organization","name":"PG Aj\u00e1nd\u00e9k","url":"https:\/\/pgajandek.hu\/","logo":{"@type":"ImageObject","inLanguage":"en-GB","@id":"https:\/\/pgajandek.hu\/#\/schema\/logo\/image\/","url":"https:\/\/i0.wp.com\/161.97.144.84\/wp-content\/uploads\/2022\/03\/274756016_327128172800607_2141884439170975469_n.jpg?fit=1875%2C1875","contentUrl":"https:\/\/i0.wp.com\/161.97.144.84\/wp-content\/uploads\/2022\/03\/274756016_327128172800607_2141884439170975469_n.jpg?fit=1875%2C1875","width":1875,"height":1875,"caption":"PG Aj\u00e1nd\u00e9k"},"image":{"@id":"https:\/\/pgajandek.hu\/#\/schema\/logo\/image\/"},"sameAs":["https:\/\/www.facebook.com\/pgajandek"]}]}},"_links":{"self":[{"href":"https:\/\/pgajandek.hu\/en_gb\/wp-json\/wp\/v2\/product\/7408","targetHints":{"allow":["GET"]}}],"collection":[{"href":"https:\/\/pgajandek.hu\/en_gb\/wp-json\/wp\/v2\/product"}],"about":[{"href":"https:\/\/pgajandek.hu\/en_gb\/wp-json\/wp\/v2\/types\/product"}],"replies":[{"embeddable":true,"href":"https:\/\/pgajandek.hu\/en_gb\/wp-json\/wp\/v2\/comments?post=7408"}],"wp:featuredmedia":[{"embeddable":true,"href":"https:\/\/pgajandek.hu\/en_gb\/wp-json\/wp\/v2\/media\/7987"}],"wp:attachment":[{"href":"https:\/\/pgajandek.hu\/en_gb\/wp-json\/wp\/v2\/media?parent=7408"}],"wp:term":[{"taxonomy":"product_brand","embeddable":true,"href":"https:\/\/pgajandek.hu\/en_gb\/wp-json\/wp\/v2\/product_brand?post=7408"},{"taxonomy":"product_cat","embeddable":true,"href":"https:\/\/pgajandek.hu\/en_gb\/wp-json\/wp\/v2\/product_cat?post=7408"},{"taxonomy":"product_tag","embeddable":true,"href":"https:\/\/pgajandek.hu\/en_gb\/wp-json\/wp\/v2\/product_tag?post=7408"}],"curies":[{"name":"wp","href":"https:\/\/api.w.org\/{rel}","templated":true}]}}