{"id":8333,"date":"2025-03-21T22:12:08","date_gmt":"2025-03-21T22:12:08","guid":{"rendered":"https:\/\/pgajandek.hu\/?post_type=product&#038;p=8333"},"modified":"2025-03-21T22:15:35","modified_gmt":"2025-03-21T22:15:35","slug":"csont-alaku-kutya-bileta","status":"publish","type":"product","link":"https:\/\/pgajandek.hu\/en_gb\/product\/csont-alaku-kutya-bileta\/","title":{"rendered":"Csont alak\u00fa kutya bil\u00e9ta"},"content":{"rendered":"<p data-start=\"0\" data-end=\"42\"><strong data-start=\"0\" data-end=\"40\">Csont alak\u00fa grav\u00edrozott kutya bil\u00e9ta<\/strong><\/p>\n<p data-start=\"44\" data-end=\"323\">Tedd egyediv\u00e9 \u00e9s biztons\u00e1goss\u00e1 kedvenced megjelen\u00e9s\u00e9t ezzel a st\u00edlusos, csont alak\u00fa grav\u00edrozott kutya bil\u00e9t\u00e1val! A kiv\u00e1l\u00f3 min\u0151s\u00e9g\u0171 f\u00e9mb\u0151l k\u00e9sz\u00fclt bil\u00e9ta k\u00f6nny\u0171, m\u00e9gis strapab\u00edr\u00f3, \u00edgy t\u00f6k\u00e9letes v\u00e1laszt\u00e1s kis- \u00e9s nagytest\u0171 kuty\u00e1k sz\u00e1m\u00e1ra egyar\u00e1nt.<\/p>","protected":false},"excerpt":{"rendered":"<p data-start=\"0\" data-end=\"42\"><strong data-start=\"0\" data-end=\"40\">Csont alak\u00fa grav\u00edrozott kutya bil\u00e9ta<\/strong><\/p>\n<p data-start=\"44\" data-end=\"323\">Tedd egyediv\u00e9 \u00e9s biztons\u00e1goss\u00e1 kedvenced megjelen\u00e9s\u00e9t ezzel a st\u00edlusos, csont alak\u00fa grav\u00edrozott kutya bil\u00e9t\u00e1val! A kiv\u00e1l\u00f3 min\u0151s\u00e9g\u0171 f\u00e9mb\u0151l k\u00e9sz\u00fclt bil\u00e9ta k\u00f6nny\u0171, m\u00e9gis strapab\u00edr\u00f3, \u00edgy t\u00f6k\u00e9letes v\u00e1laszt\u00e1s kis- \u00e9s nagytest\u0171 kuty\u00e1k sz\u00e1m\u00e1ra egyar\u00e1nt.<\/p>","protected":false},"featured_media":8334,"comment_status":"open","ping_status":"closed","template":"","meta":[],"product_brand":[],"product_cat":[177],"product_tag":[],"class_list":{"0":"post-8333","1":"product","2":"type-product","3":"status-publish","4":"has-post-thumbnail","6":"product_cat-kisallatos-ajandekok","8":"first","9":"instock","10":"shipping-taxable","11":"purchasable","12":"product-type-simple"},"yoast_head":"<!-- This site is optimized with the Yoast SEO plugin v24.3 - https:\/\/yoast.com\/wordpress\/plugins\/seo\/ -->\n<title>Csont alak\u00fa kutya bil\u00e9ta - PG Aj\u00e1nd\u00e9k<\/title>\n<meta name=\"robots\" content=\"index, follow, max-snippet:-1, max-image-preview:large, max-video-preview:-1\" \/>\n<link rel=\"canonical\" href=\"https:\/\/pgajandek.hu\/en_gb\/product\/csont-alaku-kutya-bileta\/\" \/>\n<meta property=\"og:locale\" content=\"en_GB\" \/>\n<meta property=\"og:type\" content=\"article\" \/>\n<meta property=\"og:title\" content=\"Csont alak\u00fa kutya bil\u00e9ta - PG Aj\u00e1nd\u00e9k\" \/>\n<meta property=\"og:description\" content=\"Csont alak\u00fa grav\u00edrozott kutya bil\u00e9ta Tedd egyediv\u00e9 \u00e9s biztons\u00e1goss\u00e1 kedvenced megjelen\u00e9s\u00e9t ezzel a st\u00edlusos, csont alak\u00fa grav\u00edrozott kutya bil\u00e9t\u00e1val! A kiv\u00e1l\u00f3 min\u0151s\u00e9g\u0171 f\u00e9mb\u0151l k\u00e9sz\u00fclt bil\u00e9ta k\u00f6nny\u0171, m\u00e9gis strapab\u00edr\u00f3, \u00edgy t\u00f6k\u00e9letes v\u00e1laszt\u00e1s kis- \u00e9s nagytest\u0171 kuty\u00e1k sz\u00e1m\u00e1ra egyar\u00e1nt.\" \/>\n<meta property=\"og:url\" content=\"https:\/\/pgajandek.hu\/en_gb\/product\/csont-alaku-kutya-bileta\/\" \/>\n<meta property=\"og:site_name\" content=\"PG Aj\u00e1nd\u00e9k\" \/>\n<meta property=\"article:publisher\" content=\"https:\/\/www.facebook.com\/pgajandek\" \/>\n<meta property=\"article:modified_time\" content=\"2025-03-21T22:15:35+00:00\" \/>\n<meta property=\"og:image\" content=\"https:\/\/pgajandek.hu\/wp-content\/uploads\/2025\/03\/bitkep6.webp\" \/>\n\t<meta property=\"og:image:width\" content=\"567\" \/>\n\t<meta property=\"og:image:height\" content=\"567\" \/>\n\t<meta property=\"og:image:type\" content=\"image\/webp\" \/>\n<meta name=\"twitter:card\" content=\"summary_large_image\" \/>\n<meta name=\"twitter:label1\" content=\"Estimated reading time\" \/>\n\t<meta name=\"twitter:data1\" content=\"1 minute\" \/>\n<script type=\"application\/ld+json\" class=\"yoast-schema-graph\">{\"@context\":\"https:\/\/schema.org\",\"@graph\":[{\"@type\":\"WebPage\",\"@id\":\"https:\/\/pgajandek.hu\/product\/csont-alaku-kutya-bileta\/\",\"url\":\"https:\/\/pgajandek.hu\/product\/csont-alaku-kutya-bileta\/\",\"name\":\"Csont alak\u00fa kutya bil\u00e9ta - PG Aj\u00e1nd\u00e9k\",\"isPartOf\":{\"@id\":\"https:\/\/pgajandek.hu\/#website\"},\"primaryImageOfPage\":{\"@id\":\"https:\/\/pgajandek.hu\/product\/csont-alaku-kutya-bileta\/#primaryimage\"},\"image\":{\"@id\":\"https:\/\/pgajandek.hu\/product\/csont-alaku-kutya-bileta\/#primaryimage\"},\"thumbnailUrl\":\"https:\/\/pgajandek.hu\/wp-content\/uploads\/2025\/03\/bitkep6.webp\",\"datePublished\":\"2025-03-21T22:12:08+00:00\",\"dateModified\":\"2025-03-21T22:15:35+00:00\",\"breadcrumb\":{\"@id\":\"https:\/\/pgajandek.hu\/product\/csont-alaku-kutya-bileta\/#breadcrumb\"},\"inLanguage\":\"en-GB\",\"potentialAction\":[{\"@type\":\"ReadAction\",\"target\":[\"https:\/\/pgajandek.hu\/product\/csont-alaku-kutya-bileta\/\"]}]},{\"@type\":\"ImageObject\",\"inLanguage\":\"en-GB\",\"@id\":\"https:\/\/pgajandek.hu\/product\/csont-alaku-kutya-bileta\/#primaryimage\",\"url\":\"https:\/\/pgajandek.hu\/wp-content\/uploads\/2025\/03\/bitkep6.webp\",\"contentUrl\":\"https:\/\/pgajandek.hu\/wp-content\/uploads\/2025\/03\/bitkep6.webp\",\"width\":567,\"height\":567},{\"@type\":\"BreadcrumbList\",\"@id\":\"https:\/\/pgajandek.hu\/product\/csont-alaku-kutya-bileta\/#breadcrumb\",\"itemListElement\":[{\"@type\":\"ListItem\",\"position\":1,\"name\":\"Kezd\u0151lap\",\"item\":\"https:\/\/pgajandek.hu\/\"},{\"@type\":\"ListItem\",\"position\":2,\"name\":\"Bolt\",\"item\":\"https:\/\/pgajandek.hu\/shop\/\"},{\"@type\":\"ListItem\",\"position\":3,\"name\":\"Csont alak\u00fa kutya bil\u00e9ta\"}]},{\"@type\":\"WebSite\",\"@id\":\"https:\/\/pgajandek.hu\/#website\",\"url\":\"https:\/\/pgajandek.hu\/\",\"name\":\"PG Aj\u00e1nd\u00e9k\",\"description\":\"PG Aj\u00e1nd\u00e9k - Min\u0151s\u00e9gi aj\u00e1nd\u00e9k \u00e9s rekl\u00e1mt\u00e1rgyak\",\"publisher\":{\"@id\":\"https:\/\/pgajandek.hu\/#organization\"},\"potentialAction\":[{\"@type\":\"SearchAction\",\"target\":{\"@type\":\"EntryPoint\",\"urlTemplate\":\"https:\/\/pgajandek.hu\/?s={search_term_string}\"},\"query-input\":{\"@type\":\"PropertyValueSpecification\",\"valueRequired\":true,\"valueName\":\"search_term_string\"}}],\"inLanguage\":\"en-GB\"},{\"@type\":\"Organization\",\"@id\":\"https:\/\/pgajandek.hu\/#organization\",\"name\":\"PG Aj\u00e1nd\u00e9k\",\"url\":\"https:\/\/pgajandek.hu\/\",\"logo\":{\"@type\":\"ImageObject\",\"inLanguage\":\"en-GB\",\"@id\":\"https:\/\/pgajandek.hu\/#\/schema\/logo\/image\/\",\"url\":\"https:\/\/i0.wp.com\/161.97.144.84\/wp-content\/uploads\/2022\/03\/274756016_327128172800607_2141884439170975469_n.jpg?fit=1875%2C1875\",\"contentUrl\":\"https:\/\/i0.wp.com\/161.97.144.84\/wp-content\/uploads\/2022\/03\/274756016_327128172800607_2141884439170975469_n.jpg?fit=1875%2C1875\",\"width\":1875,\"height\":1875,\"caption\":\"PG Aj\u00e1nd\u00e9k\"},\"image\":{\"@id\":\"https:\/\/pgajandek.hu\/#\/schema\/logo\/image\/\"},\"sameAs\":[\"https:\/\/www.facebook.com\/pgajandek\"]}]}<\/script>\n<!-- \/ Yoast SEO plugin. -->","yoast_head_json":{"title":"Csont alak\u00fa kutya bil\u00e9ta - PG Aj\u00e1nd\u00e9k","robots":{"index":"index","follow":"follow","max-snippet":"max-snippet:-1","max-image-preview":"max-image-preview:large","max-video-preview":"max-video-preview:-1"},"canonical":"https:\/\/pgajandek.hu\/en_gb\/product\/csont-alaku-kutya-bileta\/","og_locale":"en_GB","og_type":"article","og_title":"Csont alak\u00fa kutya bil\u00e9ta - PG Aj\u00e1nd\u00e9k","og_description":"Csont alak\u00fa grav\u00edrozott kutya bil\u00e9ta Tedd egyediv\u00e9 \u00e9s biztons\u00e1goss\u00e1 kedvenced megjelen\u00e9s\u00e9t ezzel a st\u00edlusos, csont alak\u00fa grav\u00edrozott kutya bil\u00e9t\u00e1val! A kiv\u00e1l\u00f3 min\u0151s\u00e9g\u0171 f\u00e9mb\u0151l k\u00e9sz\u00fclt bil\u00e9ta k\u00f6nny\u0171, m\u00e9gis strapab\u00edr\u00f3, \u00edgy t\u00f6k\u00e9letes v\u00e1laszt\u00e1s kis- \u00e9s nagytest\u0171 kuty\u00e1k sz\u00e1m\u00e1ra egyar\u00e1nt.","og_url":"https:\/\/pgajandek.hu\/en_gb\/product\/csont-alaku-kutya-bileta\/","og_site_name":"PG Aj\u00e1nd\u00e9k","article_publisher":"https:\/\/www.facebook.com\/pgajandek","article_modified_time":"2025-03-21T22:15:35+00:00","og_image":[{"width":567,"height":567,"url":"https:\/\/pgajandek.hu\/wp-content\/uploads\/2025\/03\/bitkep6.webp","type":"image\/webp"}],"twitter_card":"summary_large_image","twitter_misc":{"Estimated reading time":"1 minute"},"schema":{"@context":"https:\/\/schema.org","@graph":[{"@type":"WebPage","@id":"https:\/\/pgajandek.hu\/product\/csont-alaku-kutya-bileta\/","url":"https:\/\/pgajandek.hu\/product\/csont-alaku-kutya-bileta\/","name":"Csont alak\u00fa kutya bil\u00e9ta - PG Aj\u00e1nd\u00e9k","isPartOf":{"@id":"https:\/\/pgajandek.hu\/#website"},"primaryImageOfPage":{"@id":"https:\/\/pgajandek.hu\/product\/csont-alaku-kutya-bileta\/#primaryimage"},"image":{"@id":"https:\/\/pgajandek.hu\/product\/csont-alaku-kutya-bileta\/#primaryimage"},"thumbnailUrl":"https:\/\/pgajandek.hu\/wp-content\/uploads\/2025\/03\/bitkep6.webp","datePublished":"2025-03-21T22:12:08+00:00","dateModified":"2025-03-21T22:15:35+00:00","breadcrumb":{"@id":"https:\/\/pgajandek.hu\/product\/csont-alaku-kutya-bileta\/#breadcrumb"},"inLanguage":"en-GB","potentialAction":[{"@type":"ReadAction","target":["https:\/\/pgajandek.hu\/product\/csont-alaku-kutya-bileta\/"]}]},{"@type":"ImageObject","inLanguage":"en-GB","@id":"https:\/\/pgajandek.hu\/product\/csont-alaku-kutya-bileta\/#primaryimage","url":"https:\/\/pgajandek.hu\/wp-content\/uploads\/2025\/03\/bitkep6.webp","contentUrl":"https:\/\/pgajandek.hu\/wp-content\/uploads\/2025\/03\/bitkep6.webp","width":567,"height":567},{"@type":"BreadcrumbList","@id":"https:\/\/pgajandek.hu\/product\/csont-alaku-kutya-bileta\/#breadcrumb","itemListElement":[{"@type":"ListItem","position":1,"name":"Kezd\u0151lap","item":"https:\/\/pgajandek.hu\/"},{"@type":"ListItem","position":2,"name":"Bolt","item":"https:\/\/pgajandek.hu\/shop\/"},{"@type":"ListItem","position":3,"name":"Csont alak\u00fa kutya bil\u00e9ta"}]},{"@type":"WebSite","@id":"https:\/\/pgajandek.hu\/#website","url":"https:\/\/pgajandek.hu\/","name":"PG Aj\u00e1nd\u00e9k","description":"PG Aj\u00e1nd\u00e9k - Min\u0151s\u00e9gi aj\u00e1nd\u00e9k \u00e9s rekl\u00e1mt\u00e1rgyak","publisher":{"@id":"https:\/\/pgajandek.hu\/#organization"},"potentialAction":[{"@type":"SearchAction","target":{"@type":"EntryPoint","urlTemplate":"https:\/\/pgajandek.hu\/?s={search_term_string}"},"query-input":{"@type":"PropertyValueSpecification","valueRequired":true,"valueName":"search_term_string"}}],"inLanguage":"en-GB"},{"@type":"Organization","@id":"https:\/\/pgajandek.hu\/#organization","name":"PG Aj\u00e1nd\u00e9k","url":"https:\/\/pgajandek.hu\/","logo":{"@type":"ImageObject","inLanguage":"en-GB","@id":"https:\/\/pgajandek.hu\/#\/schema\/logo\/image\/","url":"https:\/\/i0.wp.com\/161.97.144.84\/wp-content\/uploads\/2022\/03\/274756016_327128172800607_2141884439170975469_n.jpg?fit=1875%2C1875","contentUrl":"https:\/\/i0.wp.com\/161.97.144.84\/wp-content\/uploads\/2022\/03\/274756016_327128172800607_2141884439170975469_n.jpg?fit=1875%2C1875","width":1875,"height":1875,"caption":"PG Aj\u00e1nd\u00e9k"},"image":{"@id":"https:\/\/pgajandek.hu\/#\/schema\/logo\/image\/"},"sameAs":["https:\/\/www.facebook.com\/pgajandek"]}]}},"_links":{"self":[{"href":"https:\/\/pgajandek.hu\/en_gb\/wp-json\/wp\/v2\/product\/8333","targetHints":{"allow":["GET"]}}],"collection":[{"href":"https:\/\/pgajandek.hu\/en_gb\/wp-json\/wp\/v2\/product"}],"about":[{"href":"https:\/\/pgajandek.hu\/en_gb\/wp-json\/wp\/v2\/types\/product"}],"replies":[{"embeddable":true,"href":"https:\/\/pgajandek.hu\/en_gb\/wp-json\/wp\/v2\/comments?post=8333"}],"wp:featuredmedia":[{"embeddable":true,"href":"https:\/\/pgajandek.hu\/en_gb\/wp-json\/wp\/v2\/media\/8334"}],"wp:attachment":[{"href":"https:\/\/pgajandek.hu\/en_gb\/wp-json\/wp\/v2\/media?parent=8333"}],"wp:term":[{"taxonomy":"product_brand","embeddable":true,"href":"https:\/\/pgajandek.hu\/en_gb\/wp-json\/wp\/v2\/product_brand?post=8333"},{"taxonomy":"product_cat","embeddable":true,"href":"https:\/\/pgajandek.hu\/en_gb\/wp-json\/wp\/v2\/product_cat?post=8333"},{"taxonomy":"product_tag","embeddable":true,"href":"https:\/\/pgajandek.hu\/en_gb\/wp-json\/wp\/v2\/product_tag?post=8333"}],"curies":[{"name":"wp","href":"https:\/\/api.w.org\/{rel}","templated":true}]}}