{"id":8343,"date":"2025-03-21T22:45:29","date_gmt":"2025-03-21T22:45:29","guid":{"rendered":"https:\/\/pgajandek.hu\/?post_type=product&#038;p=8343"},"modified":"2025-03-21T22:45:30","modified_gmt":"2025-03-21T22:45:30","slug":"magneses-gravirozott-fa-koszonoajandek","status":"publish","type":"product","link":"https:\/\/pgajandek.hu\/en_gb\/product\/magneses-gravirozott-fa-koszonoajandek\/","title":{"rendered":"M\u00e1gneses  fa k\u00f6sz\u00f6n\u0151aj\u00e1nd\u00e9k 2"},"content":{"rendered":"<p><strong data-start=\"0\" data-end=\"70\">M\u00e1gneses grav\u00edrozott fa k\u00f6sz\u00f6n\u0151aj\u00e1nd\u00e9k \u2013 Egyedi \u00e9s maradand\u00f3 eml\u00e9k<\/strong> \ud83c\udf81\u2728<\/p>\n<p data-start=\"78\" data-end=\"439\">Lepd meg vend\u00e9geidet egy k\u00fcl\u00f6nleges \u00e9s szem\u00e9lyes aj\u00e1nd\u00e9kkal! Ez a term\u00e9szetes f\u00e1b\u00f3l k\u00e9sz\u00fclt, grav\u00edrozott m\u00e1gneses k\u00f6sz\u00f6n\u0151aj\u00e1nd\u00e9k nemcsak eleg\u00e1ns, hanem hasznos is, hiszen h\u0171t\u0151m\u00e1gnesk\u00e9nt vagy dekor\u00e1ci\u00f3k\u00e9nt \u00f6r\u00f6k eml\u00e9kk\u00e9nt szolg\u00e1lhat.<\/p>","protected":false},"excerpt":{"rendered":"<p><strong data-start=\"0\" data-end=\"70\">M\u00e1gneses grav\u00edrozott fa k\u00f6sz\u00f6n\u0151aj\u00e1nd\u00e9k \u2013 Egyedi \u00e9s maradand\u00f3 eml\u00e9k<\/strong> \ud83c\udf81\u2728<\/p>\n<p data-start=\"78\" data-end=\"439\">Lepd meg vend\u00e9geidet egy k\u00fcl\u00f6nleges \u00e9s szem\u00e9lyes aj\u00e1nd\u00e9kkal! Ez a term\u00e9szetes f\u00e1b\u00f3l k\u00e9sz\u00fclt, grav\u00edrozott m\u00e1gneses k\u00f6sz\u00f6n\u0151aj\u00e1nd\u00e9k nemcsak eleg\u00e1ns, hanem hasznos is, hiszen h\u0171t\u0151m\u00e1gnesk\u00e9nt vagy dekor\u00e1ci\u00f3k\u00e9nt \u00f6r\u00f6k eml\u00e9kk\u00e9nt szolg\u00e1lhat.<\/p>","protected":false},"featured_media":8344,"comment_status":"open","ping_status":"closed","template":"","meta":[],"product_brand":[],"product_cat":[159],"product_tag":[],"class_list":{"0":"post-8343","1":"product","2":"type-product","3":"status-publish","4":"has-post-thumbnail","6":"product_cat-eskuvoi-ajandekok","8":"first","9":"instock","10":"shipping-taxable","11":"purchasable","12":"product-type-simple"},"yoast_head":"<!-- This site is optimized with the Yoast SEO plugin v24.3 - https:\/\/yoast.com\/wordpress\/plugins\/seo\/ -->\n<title>M\u00e1gneses fa k\u00f6sz\u00f6n\u0151aj\u00e1nd\u00e9k 2 - PG Aj\u00e1nd\u00e9k<\/title>\n<meta name=\"robots\" content=\"index, follow, max-snippet:-1, max-image-preview:large, max-video-preview:-1\" \/>\n<link rel=\"canonical\" href=\"https:\/\/pgajandek.hu\/en_gb\/product\/magneses-gravirozott-fa-koszonoajandek\/\" \/>\n<meta property=\"og:locale\" content=\"en_GB\" \/>\n<meta property=\"og:type\" content=\"article\" \/>\n<meta property=\"og:title\" content=\"M\u00e1gneses fa k\u00f6sz\u00f6n\u0151aj\u00e1nd\u00e9k 2 - PG Aj\u00e1nd\u00e9k\" \/>\n<meta property=\"og:description\" content=\"M\u00e1gneses grav\u00edrozott fa k\u00f6sz\u00f6n\u0151aj\u00e1nd\u00e9k \u2013 Egyedi \u00e9s maradand\u00f3 eml\u00e9k \ud83c\udf81\u2728 Lepd meg vend\u00e9geidet egy k\u00fcl\u00f6nleges \u00e9s szem\u00e9lyes aj\u00e1nd\u00e9kkal! Ez a term\u00e9szetes f\u00e1b\u00f3l k\u00e9sz\u00fclt, grav\u00edrozott m\u00e1gneses k\u00f6sz\u00f6n\u0151aj\u00e1nd\u00e9k nemcsak eleg\u00e1ns, hanem hasznos is, hiszen h\u0171t\u0151m\u00e1gnesk\u00e9nt vagy dekor\u00e1ci\u00f3k\u00e9nt \u00f6r\u00f6k eml\u00e9kk\u00e9nt szolg\u00e1lhat.\" \/>\n<meta property=\"og:url\" content=\"https:\/\/pgajandek.hu\/en_gb\/product\/magneses-gravirozott-fa-koszonoajandek\/\" \/>\n<meta property=\"og:site_name\" content=\"PG Aj\u00e1nd\u00e9k\" \/>\n<meta property=\"article:publisher\" content=\"https:\/\/www.facebook.com\/pgajandek\" \/>\n<meta property=\"article:modified_time\" content=\"2025-03-21T22:45:30+00:00\" \/>\n<meta property=\"og:image\" content=\"https:\/\/pgajandek.hu\/wp-content\/uploads\/2025\/03\/bitkep2.webp\" \/>\n\t<meta property=\"og:image:width\" content=\"567\" \/>\n\t<meta property=\"og:image:height\" content=\"567\" \/>\n\t<meta property=\"og:image:type\" content=\"image\/webp\" \/>\n<meta name=\"twitter:card\" content=\"summary_large_image\" \/>\n<meta name=\"twitter:label1\" content=\"Estimated reading time\" \/>\n\t<meta name=\"twitter:data1\" content=\"1 minute\" \/>\n<script type=\"application\/ld+json\" class=\"yoast-schema-graph\">{\"@context\":\"https:\/\/schema.org\",\"@graph\":[{\"@type\":\"WebPage\",\"@id\":\"https:\/\/pgajandek.hu\/product\/magneses-gravirozott-fa-koszonoajandek\/\",\"url\":\"https:\/\/pgajandek.hu\/product\/magneses-gravirozott-fa-koszonoajandek\/\",\"name\":\"M\u00e1gneses fa k\u00f6sz\u00f6n\u0151aj\u00e1nd\u00e9k 2 - PG Aj\u00e1nd\u00e9k\",\"isPartOf\":{\"@id\":\"https:\/\/pgajandek.hu\/#website\"},\"primaryImageOfPage\":{\"@id\":\"https:\/\/pgajandek.hu\/product\/magneses-gravirozott-fa-koszonoajandek\/#primaryimage\"},\"image\":{\"@id\":\"https:\/\/pgajandek.hu\/product\/magneses-gravirozott-fa-koszonoajandek\/#primaryimage\"},\"thumbnailUrl\":\"https:\/\/pgajandek.hu\/wp-content\/uploads\/2025\/03\/bitkep2.webp\",\"datePublished\":\"2025-03-21T22:45:29+00:00\",\"dateModified\":\"2025-03-21T22:45:30+00:00\",\"breadcrumb\":{\"@id\":\"https:\/\/pgajandek.hu\/product\/magneses-gravirozott-fa-koszonoajandek\/#breadcrumb\"},\"inLanguage\":\"en-GB\",\"potentialAction\":[{\"@type\":\"ReadAction\",\"target\":[\"https:\/\/pgajandek.hu\/product\/magneses-gravirozott-fa-koszonoajandek\/\"]}]},{\"@type\":\"ImageObject\",\"inLanguage\":\"en-GB\",\"@id\":\"https:\/\/pgajandek.hu\/product\/magneses-gravirozott-fa-koszonoajandek\/#primaryimage\",\"url\":\"https:\/\/pgajandek.hu\/wp-content\/uploads\/2025\/03\/bitkep2.webp\",\"contentUrl\":\"https:\/\/pgajandek.hu\/wp-content\/uploads\/2025\/03\/bitkep2.webp\",\"width\":567,\"height\":567},{\"@type\":\"BreadcrumbList\",\"@id\":\"https:\/\/pgajandek.hu\/product\/magneses-gravirozott-fa-koszonoajandek\/#breadcrumb\",\"itemListElement\":[{\"@type\":\"ListItem\",\"position\":1,\"name\":\"Kezd\u0151lap\",\"item\":\"https:\/\/pgajandek.hu\/\"},{\"@type\":\"ListItem\",\"position\":2,\"name\":\"Bolt\",\"item\":\"https:\/\/pgajandek.hu\/shop\/\"},{\"@type\":\"ListItem\",\"position\":3,\"name\":\"M\u00e1gneses fa k\u00f6sz\u00f6n\u0151aj\u00e1nd\u00e9k 2\"}]},{\"@type\":\"WebSite\",\"@id\":\"https:\/\/pgajandek.hu\/#website\",\"url\":\"https:\/\/pgajandek.hu\/\",\"name\":\"PG Aj\u00e1nd\u00e9k\",\"description\":\"PG Aj\u00e1nd\u00e9k - Min\u0151s\u00e9gi aj\u00e1nd\u00e9k \u00e9s rekl\u00e1mt\u00e1rgyak\",\"publisher\":{\"@id\":\"https:\/\/pgajandek.hu\/#organization\"},\"potentialAction\":[{\"@type\":\"SearchAction\",\"target\":{\"@type\":\"EntryPoint\",\"urlTemplate\":\"https:\/\/pgajandek.hu\/?s={search_term_string}\"},\"query-input\":{\"@type\":\"PropertyValueSpecification\",\"valueRequired\":true,\"valueName\":\"search_term_string\"}}],\"inLanguage\":\"en-GB\"},{\"@type\":\"Organization\",\"@id\":\"https:\/\/pgajandek.hu\/#organization\",\"name\":\"PG Aj\u00e1nd\u00e9k\",\"url\":\"https:\/\/pgajandek.hu\/\",\"logo\":{\"@type\":\"ImageObject\",\"inLanguage\":\"en-GB\",\"@id\":\"https:\/\/pgajandek.hu\/#\/schema\/logo\/image\/\",\"url\":\"https:\/\/i0.wp.com\/161.97.144.84\/wp-content\/uploads\/2022\/03\/274756016_327128172800607_2141884439170975469_n.jpg?fit=1875%2C1875\",\"contentUrl\":\"https:\/\/i0.wp.com\/161.97.144.84\/wp-content\/uploads\/2022\/03\/274756016_327128172800607_2141884439170975469_n.jpg?fit=1875%2C1875\",\"width\":1875,\"height\":1875,\"caption\":\"PG Aj\u00e1nd\u00e9k\"},\"image\":{\"@id\":\"https:\/\/pgajandek.hu\/#\/schema\/logo\/image\/\"},\"sameAs\":[\"https:\/\/www.facebook.com\/pgajandek\"]}]}<\/script>\n<!-- \/ Yoast SEO plugin. -->","yoast_head_json":{"title":"M\u00e1gneses fa k\u00f6sz\u00f6n\u0151aj\u00e1nd\u00e9k 2 - PG Aj\u00e1nd\u00e9k","robots":{"index":"index","follow":"follow","max-snippet":"max-snippet:-1","max-image-preview":"max-image-preview:large","max-video-preview":"max-video-preview:-1"},"canonical":"https:\/\/pgajandek.hu\/en_gb\/product\/magneses-gravirozott-fa-koszonoajandek\/","og_locale":"en_GB","og_type":"article","og_title":"M\u00e1gneses fa k\u00f6sz\u00f6n\u0151aj\u00e1nd\u00e9k 2 - PG Aj\u00e1nd\u00e9k","og_description":"M\u00e1gneses grav\u00edrozott fa k\u00f6sz\u00f6n\u0151aj\u00e1nd\u00e9k \u2013 Egyedi \u00e9s maradand\u00f3 eml\u00e9k \ud83c\udf81\u2728 Lepd meg vend\u00e9geidet egy k\u00fcl\u00f6nleges \u00e9s szem\u00e9lyes aj\u00e1nd\u00e9kkal! Ez a term\u00e9szetes f\u00e1b\u00f3l k\u00e9sz\u00fclt, grav\u00edrozott m\u00e1gneses k\u00f6sz\u00f6n\u0151aj\u00e1nd\u00e9k nemcsak eleg\u00e1ns, hanem hasznos is, hiszen h\u0171t\u0151m\u00e1gnesk\u00e9nt vagy dekor\u00e1ci\u00f3k\u00e9nt \u00f6r\u00f6k eml\u00e9kk\u00e9nt szolg\u00e1lhat.","og_url":"https:\/\/pgajandek.hu\/en_gb\/product\/magneses-gravirozott-fa-koszonoajandek\/","og_site_name":"PG Aj\u00e1nd\u00e9k","article_publisher":"https:\/\/www.facebook.com\/pgajandek","article_modified_time":"2025-03-21T22:45:30+00:00","og_image":[{"width":567,"height":567,"url":"https:\/\/pgajandek.hu\/wp-content\/uploads\/2025\/03\/bitkep2.webp","type":"image\/webp"}],"twitter_card":"summary_large_image","twitter_misc":{"Estimated reading time":"1 minute"},"schema":{"@context":"https:\/\/schema.org","@graph":[{"@type":"WebPage","@id":"https:\/\/pgajandek.hu\/product\/magneses-gravirozott-fa-koszonoajandek\/","url":"https:\/\/pgajandek.hu\/product\/magneses-gravirozott-fa-koszonoajandek\/","name":"M\u00e1gneses fa k\u00f6sz\u00f6n\u0151aj\u00e1nd\u00e9k 2 - PG Aj\u00e1nd\u00e9k","isPartOf":{"@id":"https:\/\/pgajandek.hu\/#website"},"primaryImageOfPage":{"@id":"https:\/\/pgajandek.hu\/product\/magneses-gravirozott-fa-koszonoajandek\/#primaryimage"},"image":{"@id":"https:\/\/pgajandek.hu\/product\/magneses-gravirozott-fa-koszonoajandek\/#primaryimage"},"thumbnailUrl":"https:\/\/pgajandek.hu\/wp-content\/uploads\/2025\/03\/bitkep2.webp","datePublished":"2025-03-21T22:45:29+00:00","dateModified":"2025-03-21T22:45:30+00:00","breadcrumb":{"@id":"https:\/\/pgajandek.hu\/product\/magneses-gravirozott-fa-koszonoajandek\/#breadcrumb"},"inLanguage":"en-GB","potentialAction":[{"@type":"ReadAction","target":["https:\/\/pgajandek.hu\/product\/magneses-gravirozott-fa-koszonoajandek\/"]}]},{"@type":"ImageObject","inLanguage":"en-GB","@id":"https:\/\/pgajandek.hu\/product\/magneses-gravirozott-fa-koszonoajandek\/#primaryimage","url":"https:\/\/pgajandek.hu\/wp-content\/uploads\/2025\/03\/bitkep2.webp","contentUrl":"https:\/\/pgajandek.hu\/wp-content\/uploads\/2025\/03\/bitkep2.webp","width":567,"height":567},{"@type":"BreadcrumbList","@id":"https:\/\/pgajandek.hu\/product\/magneses-gravirozott-fa-koszonoajandek\/#breadcrumb","itemListElement":[{"@type":"ListItem","position":1,"name":"Kezd\u0151lap","item":"https:\/\/pgajandek.hu\/"},{"@type":"ListItem","position":2,"name":"Bolt","item":"https:\/\/pgajandek.hu\/shop\/"},{"@type":"ListItem","position":3,"name":"M\u00e1gneses fa k\u00f6sz\u00f6n\u0151aj\u00e1nd\u00e9k 2"}]},{"@type":"WebSite","@id":"https:\/\/pgajandek.hu\/#website","url":"https:\/\/pgajandek.hu\/","name":"PG Aj\u00e1nd\u00e9k","description":"PG Aj\u00e1nd\u00e9k - Min\u0151s\u00e9gi aj\u00e1nd\u00e9k \u00e9s rekl\u00e1mt\u00e1rgyak","publisher":{"@id":"https:\/\/pgajandek.hu\/#organization"},"potentialAction":[{"@type":"SearchAction","target":{"@type":"EntryPoint","urlTemplate":"https:\/\/pgajandek.hu\/?s={search_term_string}"},"query-input":{"@type":"PropertyValueSpecification","valueRequired":true,"valueName":"search_term_string"}}],"inLanguage":"en-GB"},{"@type":"Organization","@id":"https:\/\/pgajandek.hu\/#organization","name":"PG Aj\u00e1nd\u00e9k","url":"https:\/\/pgajandek.hu\/","logo":{"@type":"ImageObject","inLanguage":"en-GB","@id":"https:\/\/pgajandek.hu\/#\/schema\/logo\/image\/","url":"https:\/\/i0.wp.com\/161.97.144.84\/wp-content\/uploads\/2022\/03\/274756016_327128172800607_2141884439170975469_n.jpg?fit=1875%2C1875","contentUrl":"https:\/\/i0.wp.com\/161.97.144.84\/wp-content\/uploads\/2022\/03\/274756016_327128172800607_2141884439170975469_n.jpg?fit=1875%2C1875","width":1875,"height":1875,"caption":"PG Aj\u00e1nd\u00e9k"},"image":{"@id":"https:\/\/pgajandek.hu\/#\/schema\/logo\/image\/"},"sameAs":["https:\/\/www.facebook.com\/pgajandek"]}]}},"_links":{"self":[{"href":"https:\/\/pgajandek.hu\/en_gb\/wp-json\/wp\/v2\/product\/8343","targetHints":{"allow":["GET"]}}],"collection":[{"href":"https:\/\/pgajandek.hu\/en_gb\/wp-json\/wp\/v2\/product"}],"about":[{"href":"https:\/\/pgajandek.hu\/en_gb\/wp-json\/wp\/v2\/types\/product"}],"replies":[{"embeddable":true,"href":"https:\/\/pgajandek.hu\/en_gb\/wp-json\/wp\/v2\/comments?post=8343"}],"wp:featuredmedia":[{"embeddable":true,"href":"https:\/\/pgajandek.hu\/en_gb\/wp-json\/wp\/v2\/media\/8344"}],"wp:attachment":[{"href":"https:\/\/pgajandek.hu\/en_gb\/wp-json\/wp\/v2\/media?parent=8343"}],"wp:term":[{"taxonomy":"product_brand","embeddable":true,"href":"https:\/\/pgajandek.hu\/en_gb\/wp-json\/wp\/v2\/product_brand?post=8343"},{"taxonomy":"product_cat","embeddable":true,"href":"https:\/\/pgajandek.hu\/en_gb\/wp-json\/wp\/v2\/product_cat?post=8343"},{"taxonomy":"product_tag","embeddable":true,"href":"https:\/\/pgajandek.hu\/en_gb\/wp-json\/wp\/v2\/product_tag?post=8343"}],"curies":[{"name":"wp","href":"https:\/\/api.w.org\/{rel}","templated":true}]}}